{"id":734182,"date":"2025-08-27T22:23:30","date_gmt":"2025-08-27T19:23:30","guid":{"rendered":"https:\/\/roveyayinevi.com.tr\/index.php\/urun\/entegre-kurumsal-performans-degerlemesi-coklu-sermaye-temelli-bir-model-onerisi\/"},"modified":"2026-04-16T02:42:00","modified_gmt":"2026-04-15T23:42:00","slug":"entegre-kurumsal-performans-degerlemesi-coklu-sermaye-temelli-bir-model-onerisi","status":"publish","type":"product","link":"https:\/\/roveyayinevi.com.tr\/index.php\/urun\/entegre-kurumsal-performans-degerlemesi-coklu-sermaye-temelli-bir-model-onerisi\/","title":{"rendered":"Entegre Kurumsal Performans De\u011ferlemesi \u00c7oklu Sermaye Temelli Bir Model \u00d6nerisi"},"content":{"rendered":"<p>1.      G\u0130R\u0130\u015e 2.      KURUMSAL PERFORMANS, TEOR\u0130 VE DE\u011eER YARATMA 3.      F\u0130NANSAL OLMAYAN B\u0130LG\u0130 A\u00c7IKLAMA VE RAPORLAMA G\u0130R\u0130\u015e\u0130MLER\u0130 4.      DE\u011eER YARATMA TEMELL\u0130 B\u0130LG\u0130 VE ENTEGRE RAPORLAMA 5.      ENTEGRE KURUMSAL PERFORMANS DE\u011eERLEMES\u0130: T\u00dcRK BANKACILIK SEKT\u00d6R\u00dc UYGULAMASI 6.      SONU\u00c7 <\/p>\n","protected":false},"excerpt":{"rendered":"<p>1. G\u0130R\u0130\u015e 2. KURUMSAL PERFORMANS, TEOR\u0130 VE DE\u011eER YARATMA 3. F\u0130NANSAL OLMAYAN B\u0130LG\u0130 A\u00c7IKLAMA VE RAPORLAMA G\u0130R\u0130\u015e\u0130MLER\u0130 4. DE\u011eER YARATMA TEMELL\u0130 B\u0130LG\u0130 VE ENTEGRE RAPORLAMA 5.<span class=\"excerpt-hellip\"> [\u2026]<\/span><\/p>\n","protected":false},"featured_media":0,"template":"","meta":{"_monsterinsights_skip_tracking":false,"_monsterinsights_sitenote_active":false,"_monsterinsights_sitenote_note":"","_monsterinsights_sitenote_category":0},"product_brand":[],"product_cat":[13043,14381],"product_tag":[],"class_list":{"0":"post-734182","1":"product","2":"type-product","3":"status-publish","5":"product_cat-ekonomi","6":"product_cat-isletme-muhasebe-maliye","7":"pa_cilt-ciltsiz","8":"pa_tur-kitap","9":"pa_yayinevi-gazi-kitabevi","10":"pa_yazar-filiz-mutlu-yildirim","12":"first","13":"instock","14":"sale","15":"shipping-taxable","16":"purchasable","17":"product-type-simple"},"_links":{"self":[{"href":"https:\/\/roveyayinevi.com.tr\/index.php\/wp-json\/wp\/v2\/product\/734182","targetHints":{"allow":["GET"]}}],"collection":[{"href":"https:\/\/roveyayinevi.com.tr\/index.php\/wp-json\/wp\/v2\/product"}],"about":[{"href":"https:\/\/roveyayinevi.com.tr\/index.php\/wp-json\/wp\/v2\/types\/product"}],"wp:attachment":[{"href":"https:\/\/roveyayinevi.com.tr\/index.php\/wp-json\/wp\/v2\/media?parent=734182"}],"wp:term":[{"taxonomy":"product_brand","embeddable":true,"href":"https:\/\/roveyayinevi.com.tr\/index.php\/wp-json\/wp\/v2\/product_brand?post=734182"},{"taxonomy":"product_cat","embeddable":true,"href":"https:\/\/roveyayinevi.com.tr\/index.php\/wp-json\/wp\/v2\/product_cat?post=734182"},{"taxonomy":"product_tag","embeddable":true,"href":"https:\/\/roveyayinevi.com.tr\/index.php\/wp-json\/wp\/v2\/product_tag?post=734182"}],"curies":[{"name":"wp","href":"https:\/\/api.w.org\/{rel}","templated":true}]}}