{"id":734180,"date":"2025-08-27T22:23:28","date_gmt":"2025-08-27T19:23:28","guid":{"rendered":"https:\/\/roveyayinevi.com.tr\/index.php\/urun\/bize-gore-ve-bir-seyahatin-notlari-2\/"},"modified":"2026-04-16T02:42:00","modified_gmt":"2026-04-15T23:42:00","slug":"bize-gore-ve-bir-seyahatin-notlari-2","status":"publish","type":"product","link":"https:\/\/roveyayinevi.com.tr\/index.php\/urun\/bize-gore-ve-bir-seyahatin-notlari-2\/","title":{"rendered":"Bize G\u00f6re ve Bir Seyahatin Notlar\u0131"},"content":{"rendered":"<p>26 Mart 1928\u2019de \u0130kdam\u2019da \u201cBize G\u00f6re\u201d ba\u015fl\u0131\u011f\u0131 alt\u0131nda yaz\u0131lar\u0131n\u0131 yay\u0131mlayan Ahmet H\u00e2\u015fim, 1928 y\u0131l\u0131n\u0131n Eyl\u00fcl ay\u0131 i\u00e7inde Paris\u2019e yapt\u0131\u011f\u0131 seyahate dair izlenimlerini de ayn\u0131 gazetede \u201cSeyahatte\u201d ba\u015fl\u0131\u011f\u0131 alt\u0131nda yay\u0131mlar. \u015eair, bu yaz\u0131lardan yapt\u0131\u011f\u0131 bir se\u00e7kiyi 1928 y\u0131l\u0131n\u0131n sonlar\u0131na do\u011fru Bize G\u00f6re ve Bir Seyahatin Notlar\u0131 ad\u0131yla kitapla\u015ft\u0131r\u0131r. \u0130ki b\u00f6l\u00fcmden olu\u015fan kitab\u0131n\u0131n ilk b\u00f6l\u00fcm\u00fc g\u00fcnl\u00fck meselelere e\u011filen yaz\u0131lardan olu\u015furken, ikinci b\u00f6l\u00fcm isminden de anla\u015f\u0131laca\u011f\u0131 \u00fczere \u015fairin Paris\u2019e yapt\u0131\u011f\u0131 seyahatle ilgili izlenimlerini anlatt\u0131\u011f\u0131 yaz\u0131lardan olu\u015fur. Bu bak\u0131mdan \u00e7o\u011fu g\u00fcndelik mevzulara de\u011fgin bu yaz\u0131lar\u0131n sat\u0131r aralar\u0131nda \u015fairin keskin zek\u00e2s\u0131, \u00e7o\u011fu zaman i\u011fneli ve alayc\u0131 bir \u00fcslupla belirir. G\u00f6rsellerle zenginle\u015ftirilmi\u015f ve \u201cele\u015ftirel bas\u0131m\u201d olarak haz\u0131rlad\u0131\u011f\u0131m\u0131z Bize G\u00f6re ve Bir Seyahatin Notlar\u0131, H\u00e2\u015fim\u2019in sadece modern \u015fiirimize y\u00f6n veren kudretli bir \u015fair de\u011fil, ayn\u0131 zamanda \u00fcslup sahibi bir nesir yazar\u0131 oldu\u011funu bir kere daha ortaya koyuyor.<\/p>\n","protected":false},"excerpt":{"rendered":"<p>26 Mart 1928\u2019de \u0130kdam\u2019da \u201cBize G\u00f6re\u201d ba\u015fl\u0131\u011f\u0131 alt\u0131nda yaz\u0131lar\u0131n\u0131 yay\u0131mlayan Ahmet H\u00e2\u015fim, 1928 y\u0131l\u0131n\u0131n Eyl\u00fcl ay\u0131 i\u00e7inde Paris\u2019e yapt\u0131\u011f\u0131 seyahate dair izlenimlerini de ayn\u0131 gazetede \u201cSeyahatte\u201d<span class=\"excerpt-hellip\"> [\u2026]<\/span><\/p>\n","protected":false},"featured_media":0,"template":"","meta":{"_monsterinsights_skip_tracking":false,"_monsterinsights_sitenote_active":false,"_monsterinsights_sitenote_note":"","_monsterinsights_sitenote_category":0},"product_brand":[],"product_cat":[12291,13872],"product_tag":[],"class_list":{"0":"post-734180","1":"product","2":"type-product","3":"status-publish","5":"product_cat-edebiyat","6":"product_cat-klasikler","7":"pa_cilt-ciltsiz","8":"pa_tur-kitap","9":"pa_yayinevi-kirmizi-kedi-yayinevi","10":"pa_yazar-ahmet-hasim","12":"first","13":"instock","14":"sale","15":"shipping-taxable","16":"purchasable","17":"product-type-simple"},"_links":{"self":[{"href":"https:\/\/roveyayinevi.com.tr\/index.php\/wp-json\/wp\/v2\/product\/734180","targetHints":{"allow":["GET"]}}],"collection":[{"href":"https:\/\/roveyayinevi.com.tr\/index.php\/wp-json\/wp\/v2\/product"}],"about":[{"href":"https:\/\/roveyayinevi.com.tr\/index.php\/wp-json\/wp\/v2\/types\/product"}],"wp:attachment":[{"href":"https:\/\/roveyayinevi.com.tr\/index.php\/wp-json\/wp\/v2\/media?parent=734180"}],"wp:term":[{"taxonomy":"product_brand","embeddable":true,"href":"https:\/\/roveyayinevi.com.tr\/index.php\/wp-json\/wp\/v2\/product_brand?post=734180"},{"taxonomy":"product_cat","embeddable":true,"href":"https:\/\/roveyayinevi.com.tr\/index.php\/wp-json\/wp\/v2\/product_cat?post=734180"},{"taxonomy":"product_tag","embeddable":true,"href":"https:\/\/roveyayinevi.com.tr\/index.php\/wp-json\/wp\/v2\/product_tag?post=734180"}],"curies":[{"name":"wp","href":"https:\/\/api.w.org\/{rel}","templated":true}]}}