{"id":734179,"date":"2025-08-27T22:23:27","date_gmt":"2025-08-27T19:23:27","guid":{"rendered":"https:\/\/roveyayinevi.com.tr\/index.php\/urun\/39-basamak\/"},"modified":"2026-04-16T02:42:00","modified_gmt":"2026-04-15T23:42:00","slug":"39-basamak","status":"publish","type":"product","link":"https:\/\/roveyayinevi.com.tr\/index.php\/urun\/39-basamak\/","title":{"rendered":"39 Basamak"},"content":{"rendered":"<p>\u0130sko\u00e7 yazar John Buchan\u2019\u0131n iflah olmaz seyyah ve maceraperest Richard Hannay karakterini okurla tan\u0131\u015ft\u0131rd\u0131\u011f\u0131 39 Basamak, Birinci D\u00fcnya Sava\u015f\u0131\u2019na g\u00fcnler kala ya\u015fanan soluk solu\u011fa, uluslararas\u0131 bir casusluk yar\u0131\u015f\u0131n\u0131 konu al\u0131yor. Hannay, Ada\u2019n\u0131n kuzeyine yapt\u0131\u011f\u0131 \u00e7etin yolculuk boyunca, kendi yeteneklerini de ke\u015ffediyor. D\u00f6nemin siyasi tart\u0131\u015fmalar\u0131n\u0131 ustal\u0131kla \u00f6r\u00fclm\u00fc\u015f polisiyeye arka plan olarak yerle\u015ftiren Buchan\u2019\u0131n eseri, 1935\u2019te Alfred Hitchcock taraf\u0131ndan sinemaya da uyarlanm\u0131\u015ft\u0131&#8230; \u201cO may\u0131s \u00f6\u011fleden sonras\u0131 saat \u00fc\u00e7 sular\u0131nda \u015fehirden d\u00f6nd\u00fc\u011f\u00fcmde hayattan olduk\u00e7a b\u0131km\u0131\u015ft\u0131m. \u00dc\u00e7 ayd\u0131r memleketteydim ve bunalm\u0131\u015ft\u0131m. E\u011fer bir y\u0131l \u00f6nce biri bana b\u00f6yle hissedece\u011fimi s\u00f6yleseydi ona g\u00fclerdim fakat hakikat buydu. Hava sinirlerimi bozuyordu, s\u0131radan \u0130ngilizlerin konu\u015fmalar\u0131 beni hasta ediyordu, yeterince egzersiz yapam\u0131yordum, Londra\u2019n\u0131n e\u011flence hayat\u0131 da g\u00fcne\u015fin alt\u0131nda beklemi\u015f soda kadar tats\u0131zd\u0131. \u2018Richard Hannay\u2019 deyip duruyordum kendi kendime, \u2018yanl\u0131\u015f \u00e7ukura d\u00fc\u015ft\u00fcn dostum, kendini kurtarsan iyi edersin.\u2019\u201d<\/p>\n","protected":false},"excerpt":{"rendered":"<p>\u0130sko\u00e7 yazar John Buchan\u2019\u0131n iflah olmaz seyyah ve maceraperest Richard Hannay karakterini okurla tan\u0131\u015ft\u0131rd\u0131\u011f\u0131 39 Basamak, Birinci D\u00fcnya Sava\u015f\u0131\u2019na g\u00fcnler kala ya\u015fanan soluk solu\u011fa, uluslararas\u0131 bir<span class=\"excerpt-hellip\"> [\u2026]<\/span><\/p>\n","protected":false},"featured_media":0,"template":"","meta":{"_monsterinsights_skip_tracking":false,"_monsterinsights_sitenote_active":false,"_monsterinsights_sitenote_note":"","_monsterinsights_sitenote_category":0},"product_brand":[],"product_cat":[12291,13872],"product_tag":[],"class_list":{"0":"post-734179","1":"product","2":"type-product","3":"status-publish","5":"product_cat-edebiyat","6":"product_cat-klasikler","7":"pa_cilt-ciltsiz","8":"pa_tur-kitap","9":"pa_yayinevi-kirmizi-kedi-yayinevi","10":"pa_yazar-john-buchan","12":"first","13":"instock","14":"sale","15":"shipping-taxable","16":"purchasable","17":"product-type-simple"},"_links":{"self":[{"href":"https:\/\/roveyayinevi.com.tr\/index.php\/wp-json\/wp\/v2\/product\/734179","targetHints":{"allow":["GET"]}}],"collection":[{"href":"https:\/\/roveyayinevi.com.tr\/index.php\/wp-json\/wp\/v2\/product"}],"about":[{"href":"https:\/\/roveyayinevi.com.tr\/index.php\/wp-json\/wp\/v2\/types\/product"}],"wp:attachment":[{"href":"https:\/\/roveyayinevi.com.tr\/index.php\/wp-json\/wp\/v2\/media?parent=734179"}],"wp:term":[{"taxonomy":"product_brand","embeddable":true,"href":"https:\/\/roveyayinevi.com.tr\/index.php\/wp-json\/wp\/v2\/product_brand?post=734179"},{"taxonomy":"product_cat","embeddable":true,"href":"https:\/\/roveyayinevi.com.tr\/index.php\/wp-json\/wp\/v2\/product_cat?post=734179"},{"taxonomy":"product_tag","embeddable":true,"href":"https:\/\/roveyayinevi.com.tr\/index.php\/wp-json\/wp\/v2\/product_tag?post=734179"}],"curies":[{"name":"wp","href":"https:\/\/api.w.org\/{rel}","templated":true}]}}