{"id":734176,"date":"2025-08-27T22:23:24","date_gmt":"2025-08-27T19:23:24","guid":{"rendered":"https:\/\/roveyayinevi.com.tr\/index.php\/urun\/dava-14\/"},"modified":"2026-04-16T02:42:00","modified_gmt":"2026-04-15T23:42:00","slug":"dava-14","status":"publish","type":"product","link":"https:\/\/roveyayinevi.com.tr\/index.php\/urun\/dava-14\/","title":{"rendered":"Dava"},"content":{"rendered":"<p>\u0130\u015finde g\u00fcc\u00fcnde sayg\u0131n bir banka \u015fefi olan Josef K., bir g\u00fcn umulmad\u0131k bir bi\u00e7imde iki muhaf\u0131z taraf\u0131ndan tutuklan\u0131r. Bu durumun ba\u015f\u0131na neden geldi\u011fini bilmiyordur, ona bu konuda tatmin edici bir a\u00e7\u0131klama da yap\u0131lmaz ve ard\u0131ndan kendini dolamba\u00e7l\u0131 ve bo\u011fucu bir yarg\u0131lama s\u00fcrecinin i\u00e7inde bulur. Yirminci y\u00fczy\u0131l\u0131n edebiyat tarihine damga vuran Franz Kafka\u2019n\u0131n en \u00f6nde gelen yap\u0131tlar\u0131ndan olan Dava, bir\u00e7ok yazara esin kayna\u011f\u0131 oldu\u011fu gibi, say\u0131s\u0131z yorumlama ve \u00e7\u00f6z\u00fcmleme \u00e7abas\u0131n\u0131n da konusu olmu\u015ftur. B\u00fcrokratik ve totaliter yap\u0131larca ku\u015fat\u0131lan modern insana dair bu e\u015fsiz roman, g\u00fcc\u00fcn\u00fc ve g\u00fcncelli\u011fini bug\u00fcn daha da yak\u0131c\u0131l\u0131kla s\u00fcrd\u00fcrmektedir. \u201cAma ben su\u00e7lu de\u011filim\u201d dedi K., \u201cOrtada bir yanl\u0131\u015fl\u0131k var. Hem biri ne zaman su\u00e7lu say\u0131l\u0131r ki? Sonu\u00e7ta hepimiz insan\u0131z, birimizin \u00f6tekinden ne fark\u0131 var?\u201d \u201cHakl\u0131s\u0131n\u201d dedi rahip, \u201cAma b\u00fct\u00fcn su\u00e7lular b\u00f6yle konu\u015fur.\u201d <\/p>\n","protected":false},"excerpt":{"rendered":"<p>\u0130\u015finde g\u00fcc\u00fcnde sayg\u0131n bir banka \u015fefi olan Josef K., bir g\u00fcn umulmad\u0131k bir bi\u00e7imde iki muhaf\u0131z taraf\u0131ndan tutuklan\u0131r. Bu durumun ba\u015f\u0131na neden geldi\u011fini bilmiyordur, ona bu<span class=\"excerpt-hellip\"> [\u2026]<\/span><\/p>\n","protected":false},"featured_media":0,"template":"","meta":{"_monsterinsights_skip_tracking":false,"_monsterinsights_sitenote_active":false,"_monsterinsights_sitenote_note":"","_monsterinsights_sitenote_category":0},"product_brand":[],"product_cat":[12291,13872],"product_tag":[],"class_list":{"0":"post-734176","1":"product","2":"type-product","3":"status-publish","5":"product_cat-edebiyat","6":"product_cat-klasikler","7":"pa_cilt-ciltsiz","8":"pa_tur-kitap","9":"pa_yayinevi-kirmizi-kedi-yayinevi","10":"pa_yazar-franz-kafka","12":"first","13":"instock","14":"sale","15":"shipping-taxable","16":"purchasable","17":"product-type-simple"},"_links":{"self":[{"href":"https:\/\/roveyayinevi.com.tr\/index.php\/wp-json\/wp\/v2\/product\/734176","targetHints":{"allow":["GET"]}}],"collection":[{"href":"https:\/\/roveyayinevi.com.tr\/index.php\/wp-json\/wp\/v2\/product"}],"about":[{"href":"https:\/\/roveyayinevi.com.tr\/index.php\/wp-json\/wp\/v2\/types\/product"}],"wp:attachment":[{"href":"https:\/\/roveyayinevi.com.tr\/index.php\/wp-json\/wp\/v2\/media?parent=734176"}],"wp:term":[{"taxonomy":"product_brand","embeddable":true,"href":"https:\/\/roveyayinevi.com.tr\/index.php\/wp-json\/wp\/v2\/product_brand?post=734176"},{"taxonomy":"product_cat","embeddable":true,"href":"https:\/\/roveyayinevi.com.tr\/index.php\/wp-json\/wp\/v2\/product_cat?post=734176"},{"taxonomy":"product_tag","embeddable":true,"href":"https:\/\/roveyayinevi.com.tr\/index.php\/wp-json\/wp\/v2\/product_tag?post=734176"}],"curies":[{"name":"wp","href":"https:\/\/api.w.org\/{rel}","templated":true}]}}