{"id":734175,"date":"2025-08-27T22:23:23","date_gmt":"2025-08-27T19:23:23","guid":{"rendered":"https:\/\/roveyayinevi.com.tr\/index.php\/urun\/misir-masallari\/"},"modified":"2026-04-16T02:42:00","modified_gmt":"2026-04-15T23:42:00","slug":"misir-masallari","status":"publish","type":"product","link":"https:\/\/roveyayinevi.com.tr\/index.php\/urun\/misir-masallari\/","title":{"rendered":"M\u0131s\u0131r Masallar\u0131"},"content":{"rendered":"<p>Masallar\u0131n i\u015flevi, i\u00e7inde do\u011fduklar\u0131 k\u00fclt\u00fcrel dokunun \u015fifrelerini ta\u015f\u0131yor olmalar\u0131ndand\u0131r. Her ne kadar ola\u011fan\u00fcst\u00fc yarat\u0131klar, canavarlar, yar\u0131 insan yar\u0131 hayvan canl\u0131lardan kurulmu\u015f bir d\u00fcnyay\u0131 anlatsalar da, sonu\u00e7ta, anlat\u0131ld\u0131klar\u0131 toplumun ruhunu yans\u0131t\u0131rlar. M\u0131s\u0131r Masallar\u0131, Nil Deltas\u0131n\u0131n verimli topraklar\u0131ndan \u00e7\u00f6l\u00fcn kumlar\u0131na uzanan bir co\u011frafyadaki say\u0131s\u0131z tanr\u0131n\u0131n, firavunun, b\u00fcy\u00fcc\u00fclerin d\u00fcnyas\u0131na g\u00f6t\u00fcr\u00fcyor bizi. K\u00e2muran \u015eipal\u2019in dilimize kazand\u0131rd\u0131\u011f\u0131 bu masallar, edebiyat merakl\u0131lar\u0131n\u0131n yan\u0131 s\u0131ra, M\u0131s\u0131r mitolojisine ilgi duyanlar\u0131 da mutlu edecek bir kitapta bir araya getirilmi\u015ftir. <\/p>\n","protected":false},"excerpt":{"rendered":"<p>Masallar\u0131n i\u015flevi, i\u00e7inde do\u011fduklar\u0131 k\u00fclt\u00fcrel dokunun \u015fifrelerini ta\u015f\u0131yor olmalar\u0131ndand\u0131r. Her ne kadar ola\u011fan\u00fcst\u00fc yarat\u0131klar, canavarlar, yar\u0131 insan yar\u0131 hayvan canl\u0131lardan kurulmu\u015f bir d\u00fcnyay\u0131 anlatsalar da, sonu\u00e7ta,<span class=\"excerpt-hellip\"> [\u2026]<\/span><\/p>\n","protected":false},"featured_media":0,"template":"","meta":{"_monsterinsights_skip_tracking":false,"_monsterinsights_sitenote_active":false,"_monsterinsights_sitenote_note":"","_monsterinsights_sitenote_category":0},"product_brand":[],"product_cat":[12291,13706],"product_tag":[],"class_list":{"0":"post-734175","1":"product","2":"type-product","3":"status-publish","5":"product_cat-edebiyat","6":"product_cat-efsane-destan-masal","7":"pa_cilt-ciltsiz","8":"pa_tur-kitap","9":"pa_yayinevi-cem-yayinevi","10":"pa_yazar-cem-yayinevi-kolektif","12":"first","13":"instock","14":"sale","15":"shipping-taxable","16":"purchasable","17":"product-type-simple"},"_links":{"self":[{"href":"https:\/\/roveyayinevi.com.tr\/index.php\/wp-json\/wp\/v2\/product\/734175","targetHints":{"allow":["GET"]}}],"collection":[{"href":"https:\/\/roveyayinevi.com.tr\/index.php\/wp-json\/wp\/v2\/product"}],"about":[{"href":"https:\/\/roveyayinevi.com.tr\/index.php\/wp-json\/wp\/v2\/types\/product"}],"wp:attachment":[{"href":"https:\/\/roveyayinevi.com.tr\/index.php\/wp-json\/wp\/v2\/media?parent=734175"}],"wp:term":[{"taxonomy":"product_brand","embeddable":true,"href":"https:\/\/roveyayinevi.com.tr\/index.php\/wp-json\/wp\/v2\/product_brand?post=734175"},{"taxonomy":"product_cat","embeddable":true,"href":"https:\/\/roveyayinevi.com.tr\/index.php\/wp-json\/wp\/v2\/product_cat?post=734175"},{"taxonomy":"product_tag","embeddable":true,"href":"https:\/\/roveyayinevi.com.tr\/index.php\/wp-json\/wp\/v2\/product_tag?post=734175"}],"curies":[{"name":"wp","href":"https:\/\/api.w.org\/{rel}","templated":true}]}}