{"id":734172,"date":"2025-08-27T22:23:19","date_gmt":"2025-08-27T19:23:19","guid":{"rendered":"https:\/\/roveyayinevi.com.tr\/index.php\/urun\/notalar-apartmani\/"},"modified":"2026-04-16T02:42:00","modified_gmt":"2026-04-15T23:42:00","slug":"notalar-apartmani","status":"publish","type":"product","link":"https:\/\/roveyayinevi.com.tr\/index.php\/urun\/notalar-apartmani\/","title":{"rendered":"Notalar Apartman\u0131"},"content":{"rendered":"<p>Notalar Apartman\u0131 sizleri hem sevimli bir \u00f6yk\u00fcye hem de notalar\u0131 \u00f6\u011frenmeye davet ediyor.  Her kat\u0131nda bir notan\u0131n ya\u015fad\u0131\u011f\u0131 Notalar partman\u0131\u2019n\u0131n birbirinden farkl\u0131 sakinleriyle tan\u0131\u015fmaya haz\u0131r m\u0131s\u0131n? A\u011fz\u0131nda kalemiyle dola\u015fan Do Dede, di\u015fleriyle \u00f6v\u00fcnerek \u201creee\u201dleyen Re Nine, kedi ve telefon ba\u011f\u0131ml\u0131s\u0131 Mi Han\u0131m, da\u011f\u0131n\u0131k Fa \u00c7ocuk, y\u00f6netici Sol Teyze, hayat dolu La K\u0131z, ar\u0131lardan bunalan Si Karde\u015f ve Do Dede\u2019nin kitapkurdu torunu \u0130nce Do Karde\u015f\u2026 Sen de t\u0131pk\u0131 Kurabiyeci K\u0131z gibi Notalar Apartman\u0131\u2019na konuk olup birbirinden sevimli notalar\u0131 tan\u0131mak ve bu renkli hik\u00e2yeye ortak olmak ister misin? \u201c\u015e\u00f6hret Do\u011fruyol Sa\u011fba\u015f, Notalar Apartman\u0131\u2019nda m\u00fczik bilgisinin alfabesi say\u0131lan \u2018Do Maj\u00f6r Ton Gam\u0131\u2019n\u0131 her kata bir ses ki\u015fili\u011fi vererek ustal\u0131kla kurgulam\u0131\u015f. Minik okurlar\u0131na \u00e7ok y\u00f6nl\u00fc bir ufuk a\u00e7aca\u011f\u0131ndan hi\u00e7 \u015f\u00fcphem olmayan bu se\u00e7kin eseri, t\u00fcm \u00e7ocuklara tavsiye ederim.\u201dProf. Dr. Mesut \u0130KTU\/Opera Sanat\u00e7\u0131s\u0131\/ \u00d6\u011fretim \u00dcyesi<\/p>\n","protected":false},"excerpt":{"rendered":"<p>Notalar Apartman\u0131 sizleri hem sevimli bir \u00f6yk\u00fcye hem de notalar\u0131 \u00f6\u011frenmeye davet ediyor. Her kat\u0131nda bir notan\u0131n ya\u015fad\u0131\u011f\u0131 Notalar partman\u0131\u2019n\u0131n birbirinden farkl\u0131 sakinleriyle tan\u0131\u015fmaya haz\u0131r m\u0131s\u0131n?<span class=\"excerpt-hellip\"> [\u2026]<\/span><\/p>\n","protected":false},"featured_media":0,"template":"","meta":{"_monsterinsights_skip_tracking":false,"_monsterinsights_sitenote_active":false,"_monsterinsights_sitenote_note":"","_monsterinsights_sitenote_category":0},"product_brand":[],"product_cat":[12275,12274],"product_tag":[],"class_list":{"0":"post-734172","1":"product","2":"type-product","3":"status-publish","5":"product_cat-6-12-yas-kitaplari","6":"product_cat-cocuk-ve-genclik-kitaplari","7":"pa_cilt-ciltsiz","8":"pa_tur-kitap","9":"pa_yayinevi-epsilon-yayinlari","10":"pa_yazar-sohret-dogruyol-sagbas","12":"first","13":"instock","14":"sale","15":"shipping-taxable","16":"purchasable","17":"product-type-simple"},"_links":{"self":[{"href":"https:\/\/roveyayinevi.com.tr\/index.php\/wp-json\/wp\/v2\/product\/734172","targetHints":{"allow":["GET"]}}],"collection":[{"href":"https:\/\/roveyayinevi.com.tr\/index.php\/wp-json\/wp\/v2\/product"}],"about":[{"href":"https:\/\/roveyayinevi.com.tr\/index.php\/wp-json\/wp\/v2\/types\/product"}],"wp:attachment":[{"href":"https:\/\/roveyayinevi.com.tr\/index.php\/wp-json\/wp\/v2\/media?parent=734172"}],"wp:term":[{"taxonomy":"product_brand","embeddable":true,"href":"https:\/\/roveyayinevi.com.tr\/index.php\/wp-json\/wp\/v2\/product_brand?post=734172"},{"taxonomy":"product_cat","embeddable":true,"href":"https:\/\/roveyayinevi.com.tr\/index.php\/wp-json\/wp\/v2\/product_cat?post=734172"},{"taxonomy":"product_tag","embeddable":true,"href":"https:\/\/roveyayinevi.com.tr\/index.php\/wp-json\/wp\/v2\/product_tag?post=734172"}],"curies":[{"name":"wp","href":"https:\/\/api.w.org\/{rel}","templated":true}]}}