{"id":734171,"date":"2025-08-27T22:23:19","date_gmt":"2025-08-27T19:23:19","guid":{"rendered":"https:\/\/roveyayinevi.com.tr\/index.php\/urun\/biz-sanatciyiz\/"},"modified":"2026-03-12T02:52:28","modified_gmt":"2026-03-11T23:52:28","slug":"biz-sanatciyiz","status":"publish","type":"product","link":"https:\/\/roveyayinevi.com.tr\/index.php\/urun\/biz-sanatciyiz\/","title":{"rendered":"Biz Sanat\u00e7\u0131y\u0131z"},"content":{"rendered":"<p>Sanat d\u00fcnyas\u0131nda ilham verici bir yolculu\u011fa ve ola\u011fan\u00fcst\u00fc kad\u0131n sanat\u00e7\u0131lar\u0131n hikayelerini ke\u015ffetmeye haz\u0131r m\u0131s\u0131n\u0131z?   Kenojuak Ashevak Barbara Hepworth Hannah H\u00f6ch Tove Jannson Frida Kahlo Corita Kent Emily Kame Kngwarreye Yayoi Kusama Gabriele M\u00fcnter Georgia O\u2019Keeffe Lyubov Popova Faith Ringgold Amrita Sher-Gil <\/p>\n","protected":false},"excerpt":{"rendered":"<p>Sanat d\u00fcnyas\u0131nda ilham verici bir yolculu\u011fa ve ola\u011fan\u00fcst\u00fc kad\u0131n sanat\u00e7\u0131lar\u0131n hikayelerini ke\u015ffetmeye haz\u0131r m\u0131s\u0131n\u0131z? Kenojuak Ashevak Barbara Hepworth Hannah H\u00f6ch Tove Jannson Frida Kahlo Corita Kent<span class=\"excerpt-hellip\"> [\u2026]<\/span><\/p>\n","protected":false},"featured_media":0,"template":"","meta":{"_monsterinsights_skip_tracking":false,"_monsterinsights_sitenote_active":false,"_monsterinsights_sitenote_note":"","_monsterinsights_sitenote_category":0},"product_brand":[],"product_cat":[12408,14197],"product_tag":[],"class_list":{"0":"post-734171","1":"product","2":"type-product","3":"status-publish","5":"product_cat-sanat","6":"product_cat-sanat-tarihi","7":"pa_cilt-ciltli","8":"pa_tur-kitap","9":"pa_yayinevi-hayalperest-yayinlari","10":"pa_yazar-kari-herbert","12":"first","13":"instock","14":"sale","15":"shipping-taxable","16":"purchasable","17":"product-type-simple"},"_links":{"self":[{"href":"https:\/\/roveyayinevi.com.tr\/index.php\/wp-json\/wp\/v2\/product\/734171","targetHints":{"allow":["GET"]}}],"collection":[{"href":"https:\/\/roveyayinevi.com.tr\/index.php\/wp-json\/wp\/v2\/product"}],"about":[{"href":"https:\/\/roveyayinevi.com.tr\/index.php\/wp-json\/wp\/v2\/types\/product"}],"wp:attachment":[{"href":"https:\/\/roveyayinevi.com.tr\/index.php\/wp-json\/wp\/v2\/media?parent=734171"}],"wp:term":[{"taxonomy":"product_brand","embeddable":true,"href":"https:\/\/roveyayinevi.com.tr\/index.php\/wp-json\/wp\/v2\/product_brand?post=734171"},{"taxonomy":"product_cat","embeddable":true,"href":"https:\/\/roveyayinevi.com.tr\/index.php\/wp-json\/wp\/v2\/product_cat?post=734171"},{"taxonomy":"product_tag","embeddable":true,"href":"https:\/\/roveyayinevi.com.tr\/index.php\/wp-json\/wp\/v2\/product_tag?post=734171"}],"curies":[{"name":"wp","href":"https:\/\/api.w.org\/{rel}","templated":true}]}}