{"id":734170,"date":"2025-08-27T22:23:18","date_gmt":"2025-08-27T19:23:18","guid":{"rendered":"https:\/\/roveyayinevi.com.tr\/index.php\/urun\/biz-kasifiz\/"},"modified":"2025-11-21T07:13:45","modified_gmt":"2025-11-21T04:13:45","slug":"biz-kasifiz","status":"publish","type":"product","link":"https:\/\/roveyayinevi.com.tr\/index.php\/urun\/biz-kasifiz\/","title":{"rendered":"Biz Ka\u015fifiz"},"content":{"rendered":"<p>D\u00fcnyan\u0131n \u00e7evresinde ilham verici bir yolculu\u011fa \u00e7\u0131kmaya ve ola\u011fan\u00fcst\u00fc kad\u0131n ka\u015fiflerin hikayelerini ke\u015ffetmeye haz\u0131r m\u0131s\u0131n\u0131z?   Jeanne Baret Jean Batten Isabella Bird Mellie Bly Alexandra David-Neel Sylvia Earle Mae Jemison Maria Sibylla Merian Marianne North Josephine Peary Sacagawea Freya Stark Junko Tabei Alexandrine Tinne   Kari Herbert kutup ka\u015fifi Sir Wally Herbert\u2019in k\u0131z\u0131d\u0131r ve Inuit kabilesiyle birlikte Kuzey Gr\u00f6nland\u2019da b\u00fcy\u00fcm\u00fc\u015ft\u00fcr. Biz Sanat\u00e7\u0131y\u0131z kitab\u0131n\u0131n hem yazar\u0131 hem \u00e7izeri, Ka\u015fiflerin eskiz defterleri kitab\u0131n\u0131n ise yazarlar\u0131ndan biridir.<\/p>\n","protected":false},"excerpt":{"rendered":"<p>D\u00fcnyan\u0131n \u00e7evresinde ilham verici bir yolculu\u011fa \u00e7\u0131kmaya ve ola\u011fan\u00fcst\u00fc kad\u0131n ka\u015fiflerin hikayelerini ke\u015ffetmeye haz\u0131r m\u0131s\u0131n\u0131z? Jeanne Baret Jean Batten Isabella Bird Mellie Bly Alexandra David-Neel Sylvia<span class=\"excerpt-hellip\"> [\u2026]<\/span><\/p>\n","protected":false},"featured_media":0,"template":"","meta":{"_monsterinsights_skip_tracking":false,"_monsterinsights_sitenote_active":false,"_monsterinsights_sitenote_note":"","_monsterinsights_sitenote_category":0},"product_brand":[],"product_cat":[12274,12284],"product_tag":[],"class_list":{"0":"post-734170","1":"product","2":"type-product","3":"status-publish","5":"product_cat-cocuk-ve-genclik-kitaplari","6":"product_cat-hikayeler","7":"pa_cilt-ciltsiz","8":"pa_tur-kitap","9":"pa_yayinevi-hayalperest-yayinlari","10":"pa_yazar-kari-herbert","12":"first","13":"instock","14":"sale","15":"shipping-taxable","16":"purchasable","17":"product-type-simple"},"_links":{"self":[{"href":"https:\/\/roveyayinevi.com.tr\/index.php\/wp-json\/wp\/v2\/product\/734170","targetHints":{"allow":["GET"]}}],"collection":[{"href":"https:\/\/roveyayinevi.com.tr\/index.php\/wp-json\/wp\/v2\/product"}],"about":[{"href":"https:\/\/roveyayinevi.com.tr\/index.php\/wp-json\/wp\/v2\/types\/product"}],"wp:attachment":[{"href":"https:\/\/roveyayinevi.com.tr\/index.php\/wp-json\/wp\/v2\/media?parent=734170"}],"wp:term":[{"taxonomy":"product_brand","embeddable":true,"href":"https:\/\/roveyayinevi.com.tr\/index.php\/wp-json\/wp\/v2\/product_brand?post=734170"},{"taxonomy":"product_cat","embeddable":true,"href":"https:\/\/roveyayinevi.com.tr\/index.php\/wp-json\/wp\/v2\/product_cat?post=734170"},{"taxonomy":"product_tag","embeddable":true,"href":"https:\/\/roveyayinevi.com.tr\/index.php\/wp-json\/wp\/v2\/product_tag?post=734170"}],"curies":[{"name":"wp","href":"https:\/\/api.w.org\/{rel}","templated":true}]}}