{"id":734169,"date":"2025-08-27T22:23:17","date_gmt":"2025-08-27T19:23:17","guid":{"rendered":"https:\/\/roveyayinevi.com.tr\/index.php\/urun\/modern-para-teorisine-giris\/"},"modified":"2026-04-16T02:42:00","modified_gmt":"2026-04-15T23:42:00","slug":"modern-para-teorisine-giris","status":"publish","type":"product","link":"https:\/\/roveyayinevi.com.tr\/index.php\/urun\/modern-para-teorisine-giris\/","title":{"rendered":"Modern Para Teorisi&#8217;ne Giri\u015f"},"content":{"rendered":"<p>Ekonomik ve politik tart\u0131\u015fmalar \u00e7ok uzun bir s\u00fcredir \u00f6deme g\u00fcc\u00fc, kemer s\u0131kma, k\u0131tl\u0131k ve damlama kuram\u0131n\u0131n (trickledown) dar s\u0131n\u0131rlar\u0131 i\u00e7inde \u015fekillendi. Sosyal g\u00fcvenlik iflasa gidiyor; kamu bor\u00e7lar\u0131 gelecek ku\u015faklar\u0131n s\u0131rt\u0131na y\u00fckleniyor; i\u015fsizlik k\u00f6t\u00fc ama fiyat istikrar\u0131n\u0131 sa\u011flamak i\u00e7in gerekli; sosyal yard\u0131mlar zenginden \u00e7alarak finanse ediliyor; son olarak, \u201ckamu paras\u0131 gibisi yok\u201d anlay\u0131\u015f\u0131, tart\u0131\u015fmalar\u0131n ve politika tercihlerinin kapsam\u0131n\u0131 k\u0131s\u0131tlamas\u0131 gereken su g\u00f6t\u00fcrmez bir ger\u00e7ek olarak g\u00f6steriliyor. Bu \u00f6n kabullerin art\u0131k de\u011fi\u015fmesi gerekiyor.   MPT, yukar\u0131da bahsedilen sorunlara \u00e7\u00f6z\u00fcm ararken, parasal h\u00fck\u00fcmranl\u0131\u011f\u0131n \u00f6nemini vurguluyor: Devletler kamu paras\u0131 yaratabilirler ve yarat\u0131yorlar; sadece bunlar\u0131 do\u011fru kanallara aktarmalar\u0131 gerekiyor.<\/p>\n","protected":false},"excerpt":{"rendered":"<p>Ekonomik ve politik tart\u0131\u015fmalar \u00e7ok uzun bir s\u00fcredir \u00f6deme g\u00fcc\u00fc, kemer s\u0131kma, k\u0131tl\u0131k ve damlama kuram\u0131n\u0131n (trickledown) dar s\u0131n\u0131rlar\u0131 i\u00e7inde \u015fekillendi. Sosyal g\u00fcvenlik iflasa gidiyor; kamu<span class=\"excerpt-hellip\"> [\u2026]<\/span><\/p>\n","protected":false},"featured_media":0,"template":"","meta":{"_monsterinsights_skip_tracking":false,"_monsterinsights_sitenote_active":false,"_monsterinsights_sitenote_note":"","_monsterinsights_sitenote_category":0},"product_brand":[],"product_cat":[13043],"product_tag":[],"class_list":{"0":"post-734169","1":"product","2":"type-product","3":"status-publish","5":"product_cat-ekonomi","6":"pa_cilt-ciltsiz","7":"pa_tur-kitap","8":"pa_yayinevi-efil-yayinevi","9":"pa_yazar-eric-tymoigne-l-randall-wray","11":"first","12":"instock","13":"sale","14":"shipping-taxable","15":"purchasable","16":"product-type-simple"},"_links":{"self":[{"href":"https:\/\/roveyayinevi.com.tr\/index.php\/wp-json\/wp\/v2\/product\/734169","targetHints":{"allow":["GET"]}}],"collection":[{"href":"https:\/\/roveyayinevi.com.tr\/index.php\/wp-json\/wp\/v2\/product"}],"about":[{"href":"https:\/\/roveyayinevi.com.tr\/index.php\/wp-json\/wp\/v2\/types\/product"}],"wp:attachment":[{"href":"https:\/\/roveyayinevi.com.tr\/index.php\/wp-json\/wp\/v2\/media?parent=734169"}],"wp:term":[{"taxonomy":"product_brand","embeddable":true,"href":"https:\/\/roveyayinevi.com.tr\/index.php\/wp-json\/wp\/v2\/product_brand?post=734169"},{"taxonomy":"product_cat","embeddable":true,"href":"https:\/\/roveyayinevi.com.tr\/index.php\/wp-json\/wp\/v2\/product_cat?post=734169"},{"taxonomy":"product_tag","embeddable":true,"href":"https:\/\/roveyayinevi.com.tr\/index.php\/wp-json\/wp\/v2\/product_tag?post=734169"}],"curies":[{"name":"wp","href":"https:\/\/api.w.org\/{rel}","templated":true}]}}