{"id":734165,"date":"2025-08-27T22:23:12","date_gmt":"2025-08-27T19:23:12","guid":{"rendered":"https:\/\/roveyayinevi.com.tr\/index.php\/urun\/kora-ile-kelebek\/"},"modified":"2026-04-16T02:42:00","modified_gmt":"2026-04-15T23:42:00","slug":"kora-ile-kelebek","status":"publish","type":"product","link":"https:\/\/roveyayinevi.com.tr\/index.php\/urun\/kora-ile-kelebek\/","title":{"rendered":"Kora ile Kelebek"},"content":{"rendered":"<p>Duygu tarlanda ne yeti\u015fti\u011fini \u00f6\u011frenmek ister misin?S\u00f6zc\u00fcklere yapt\u0131\u011f\u0131 k\u00fc\u00e7\u00fck mizahi dokunu\u015flarla kendine has bir \u00fcslup yakalayan Hanzade Servi&#8217;nin, G\u00fclten Day\u0131o\u011flu \u0130lkgen\u00e7lik Roman \u00d6d\u00fcll\u00fc Kora ile Kelebek&#8217;i, nostaljik aile filmlerine \u015fapka \u00e7\u0131kartan bir anlat\u0131&#8230; D\u00fcnyaya bamba\u015fka g\u00f6zlerle bakan iki gen\u00e7 k\u0131z\u0131n kaderlerini s\u00fcrpriz bir evlilik ba\u011f\u0131 ile kesi\u015ftiren yazar; biriyle iyi anla\u015fmak i\u00e7in illa ki birbirine benzemek gerekmedi\u011fine, farkl\u0131 \u015feyleri ayn\u0131 dilde sevmenin g\u00fczel ili\u015fkiler kurmak i\u00e7in yeterli olaca\u011f\u0131na vurgu yap\u0131yor. Zaman\u0131n getirdiklerine ve g\u00f6t\u00fcrd\u00fcklerine \u00f6nyarg\u0131yla yakla\u015fman\u0131n yarardan \u00e7ok zarar verece\u011fine i\u015faret eden eser, ilkgen\u00e7lik \u00e7a\u011f\u0131nda hissedilen duygusal dalgalanmalar\u0131n sosyal ya\u015fant\u0131 \u00fczerindeki yans\u0131malar\u0131n\u0131 de ustal\u0131kla resmediyor.     \u201cBizim Aile filminde bile, M\u00fcnir \u00d6zkul&#8217;la Adile Na\u015fit&#8217;in \u00e7ocuklar\u0131 hemen kayna\u015fmam\u0131\u015ft\u0131.\u201dYurt d\u0131\u015f\u0131nda yat\u0131l\u0131 okulda b\u00fcy\u00fcyen, rahatl\u0131\u011f\u0131na d\u00fc\u015fk\u00fcn Kora ile kurallara s\u0131k\u0131 s\u0131k\u0131ya ba\u011fl\u0131, tak\u0131nt\u0131larla \u00f6r\u00fcl\u00fc bir ya\u015fam s\u00fcren Kelebek&#8217;in, on \u00fc\u00e7 ya\u015f\u0131nda olmaktan ba\u015fka hi\u00e7bir ortak noktalar\u0131 yoktur. Ta ki, anne babalar\u0131 hayatlar\u0131n\u0131 birle\u015ftirme karar\u0131 alana dek. Aniden karde\u015f olan iki gencin d\u00fcnyas\u0131 bir daha asla eskisi gibi d\u00f6nmeyecektir. Bir yanda t\u00fcrl\u00fc \u00e7e\u015fit tehdide kar\u015f\u0131 \u00f6nlem almaktan kendini al\u0131koyamayan, d\u00fczen timsali Kelebek; \u00f6te yanda kimin ne diyece\u011fine hi\u00e7 ald\u0131r\u0131\u015f etmeden g\u00f6nl\u00fcn\u00fcn her istedi\u011fini yapan, keyfine d\u00fc\u015fk\u00fcn Kora&#8230; Z\u0131t kutuplardaki karakterlerimiz i\u00e7in ge\u00e7mi\u015fle hesapla\u015fama ve gelece\u011fe bakma vaktidir. \u00dcrkek ama emin ad\u0131mlarla birbirlerine yak\u0131nla\u015fmaya \u00e7al\u0131\u015f\u0131rken kar\u015f\u0131lar\u0131na \u00e7\u0131kan umulmad\u0131k olaylar, Kora ile Kelebek&#8217;i hayal bile edemeyecekleri \u00e7ok \u00f6zel bir dostlu\u011fa s\u00fcr\u00fckler. Hem de karde\u015flikten bile \u00f6te bir ba\u011fla&#8230;  Hayat\u0131 ya\u015famaya de\u011fer k\u0131lan \u201can\u201dlara ve \u201can\u0131\u201dlara temas ederek ruhumuzun derinlerine akan bu duygu y\u00fckl\u00fc kitap, hem aile birli\u011finin \u00f6nemine de\u011finiyor hem de m\u00fcthi\u015f bir karde\u015f dayan\u0131\u015fmas\u0131 in\u015fa ediyor.     H\u00fcz\u00fcnle e\u011flenceyi harmanlayan hik\u00e2yesinin sat\u0131r aralar\u0131nda toplumun huzurunu bozan kimi sorunlara kar\u015f\u0131 fark\u0131ndal\u0131k yaratmay\u0131 hedefleyen Kora ile Kelebek, okurlar\u0131n duygu tarlas\u0131n\u0131 sevgiyle ye\u015fertmeyi ba\u015far\u0131yor. <\/p>\n","protected":false},"excerpt":{"rendered":"<p>Duygu tarlanda ne yeti\u015fti\u011fini \u00f6\u011frenmek ister misin?S\u00f6zc\u00fcklere yapt\u0131\u011f\u0131 k\u00fc\u00e7\u00fck mizahi dokunu\u015flarla kendine has bir \u00fcslup yakalayan Hanzade Servi&#8217;nin, G\u00fclten Day\u0131o\u011flu \u0130lkgen\u00e7lik Roman \u00d6d\u00fcll\u00fc Kora ile Kelebek&#8217;i,<span class=\"excerpt-hellip\"> [\u2026]<\/span><\/p>\n","protected":false},"featured_media":0,"template":"","meta":{"_monsterinsights_skip_tracking":false,"_monsterinsights_sitenote_active":false,"_monsterinsights_sitenote_note":"","_monsterinsights_sitenote_category":0},"product_brand":[],"product_cat":[12275,12274],"product_tag":[],"class_list":{"0":"post-734165","1":"product","2":"type-product","3":"status-publish","5":"product_cat-6-12-yas-kitaplari","6":"product_cat-cocuk-ve-genclik-kitaplari","7":"pa_cilt-ciltsiz","8":"pa_tur-kitap","9":"pa_yayinevi-tudem-yayinlari","10":"pa_yazar-hanzade-servi","12":"first","13":"instock","14":"sale","15":"shipping-taxable","16":"purchasable","17":"product-type-simple"},"_links":{"self":[{"href":"https:\/\/roveyayinevi.com.tr\/index.php\/wp-json\/wp\/v2\/product\/734165","targetHints":{"allow":["GET"]}}],"collection":[{"href":"https:\/\/roveyayinevi.com.tr\/index.php\/wp-json\/wp\/v2\/product"}],"about":[{"href":"https:\/\/roveyayinevi.com.tr\/index.php\/wp-json\/wp\/v2\/types\/product"}],"wp:attachment":[{"href":"https:\/\/roveyayinevi.com.tr\/index.php\/wp-json\/wp\/v2\/media?parent=734165"}],"wp:term":[{"taxonomy":"product_brand","embeddable":true,"href":"https:\/\/roveyayinevi.com.tr\/index.php\/wp-json\/wp\/v2\/product_brand?post=734165"},{"taxonomy":"product_cat","embeddable":true,"href":"https:\/\/roveyayinevi.com.tr\/index.php\/wp-json\/wp\/v2\/product_cat?post=734165"},{"taxonomy":"product_tag","embeddable":true,"href":"https:\/\/roveyayinevi.com.tr\/index.php\/wp-json\/wp\/v2\/product_tag?post=734165"}],"curies":[{"name":"wp","href":"https:\/\/api.w.org\/{rel}","templated":true}]}}