{"id":734162,"date":"2025-08-27T22:23:08","date_gmt":"2025-08-27T19:23:08","guid":{"rendered":"https:\/\/roveyayinevi.com.tr\/index.php\/urun\/kalinti-1-ciltli\/"},"modified":"2026-04-16T02:42:00","modified_gmt":"2026-04-15T23:42:00","slug":"kalinti-1-ciltli","status":"publish","type":"product","link":"https:\/\/roveyayinevi.com.tr\/index.php\/urun\/kalinti-1-ciltli\/","title":{"rendered":"Kal\u0131nt\u0131 &#8211; 1 (Ciltli)"},"content":{"rendered":"<p>Gen\u00e7 psikiyatrist Ezel Asral bir g\u00fcn t\u00fcm hayat\u0131n\u0131 de\u011fi\u015ftirecek bir i\u015f teklifi al\u0131r. \u00dcnl\u00fc i\u015f adam\u0131 Barbaros \u00d6zekli, Ezel\u2019den \u015fizofrenhastas\u0131 k\u0131z\u0131n\u0131 tedavi etmesini istemektedir. Ezel bu k\u00fc\u00e7\u00fck k\u0131za yani Karmen\u2019e yard\u0131m etmeyikabul eder ancak bilmedi\u011fi baz\u0131 \u015feyler vard\u0131r.   Karmen\u2019in ya\u015fad\u0131\u011f\u0131 \u00fcrk\u00fct\u00fcc\u00fc kaleye ta\u015f\u0131nan Ezel,g\u00fcnler ge\u00e7tik\u00e7e evde farkl\u0131 bir g\u00fcc\u00fcn h\u00fck\u00fcm s\u00fcrmekte oldu\u011funu fark eder.Kanl\u0131 bir labirentin girdab\u0131n\u0131n i\u00e7ine \u00e7ekilirken hayat\u0131nda ger\u00e7ek sand\u0131\u011f\u0131 her \u015feyinasl\u0131nda ger\u00e7ek olmad\u0131\u011f\u0131n\u0131 \u00f6\u011frenir. Ezel, art\u0131k a\u015fk ve korku dolu bir\u00e7\u0131kmaz\u0131n i\u00e7indedir.   Karanl\u0131\u011f\u0131n i\u00e7indeki kal\u0131nt\u0131lar,kendini yeniden in\u015fa etmeye ba\u015flam\u0131\u015ft\u0131r.   \u201cBu bir peri masal\u0131 de\u011fildi,mutlu bir roman hi\u00e7 de\u011fildi; bu sadece bir lanete kurban gitmi\u015f tutkulu bedenlerinesaretini anlatan bir dramayd\u0131.\u201d <\/p>\n","protected":false},"excerpt":{"rendered":"<p>Gen\u00e7 psikiyatrist Ezel Asral bir g\u00fcn t\u00fcm hayat\u0131n\u0131 de\u011fi\u015ftirecek bir i\u015f teklifi al\u0131r. \u00dcnl\u00fc i\u015f adam\u0131 Barbaros \u00d6zekli, Ezel\u2019den \u015fizofrenhastas\u0131 k\u0131z\u0131n\u0131 tedavi etmesini istemektedir. Ezel bu<span class=\"excerpt-hellip\"> [\u2026]<\/span><\/p>\n","protected":false},"featured_media":0,"template":"","meta":{"_monsterinsights_skip_tracking":false,"_monsterinsights_sitenote_active":false,"_monsterinsights_sitenote_note":"","_monsterinsights_sitenote_category":0},"product_brand":[],"product_cat":[12291,12711],"product_tag":[],"class_list":{"0":"post-734162","1":"product","2":"type-product","3":"status-publish","5":"product_cat-edebiyat","6":"product_cat-roman-oyku","7":"pa_cilt-ciltsiz","8":"pa_tur-kitap","9":"pa_yayinevi-ephesus-yayinlari","10":"pa_yazar-ceren-melek","12":"first","13":"instock","14":"sale","15":"shipping-taxable","16":"purchasable","17":"product-type-simple"},"_links":{"self":[{"href":"https:\/\/roveyayinevi.com.tr\/index.php\/wp-json\/wp\/v2\/product\/734162","targetHints":{"allow":["GET"]}}],"collection":[{"href":"https:\/\/roveyayinevi.com.tr\/index.php\/wp-json\/wp\/v2\/product"}],"about":[{"href":"https:\/\/roveyayinevi.com.tr\/index.php\/wp-json\/wp\/v2\/types\/product"}],"wp:attachment":[{"href":"https:\/\/roveyayinevi.com.tr\/index.php\/wp-json\/wp\/v2\/media?parent=734162"}],"wp:term":[{"taxonomy":"product_brand","embeddable":true,"href":"https:\/\/roveyayinevi.com.tr\/index.php\/wp-json\/wp\/v2\/product_brand?post=734162"},{"taxonomy":"product_cat","embeddable":true,"href":"https:\/\/roveyayinevi.com.tr\/index.php\/wp-json\/wp\/v2\/product_cat?post=734162"},{"taxonomy":"product_tag","embeddable":true,"href":"https:\/\/roveyayinevi.com.tr\/index.php\/wp-json\/wp\/v2\/product_tag?post=734162"}],"curies":[{"name":"wp","href":"https:\/\/api.w.org\/{rel}","templated":true}]}}