{"id":734157,"date":"2025-08-27T22:23:04","date_gmt":"2025-08-27T19:23:04","guid":{"rendered":"https:\/\/roveyayinevi.com.tr\/index.php\/urun\/efsun\/"},"modified":"2026-04-13T02:51:27","modified_gmt":"2026-04-12T23:51:27","slug":"efsun","status":"publish","type":"product","link":"https:\/\/roveyayinevi.com.tr\/index.php\/urun\/efsun\/","title":{"rendered":"Efsun"},"content":{"rendered":"<p>Dupduru, yer yer h\u00fcz\u00fcnl\u00fc, yer yer co\u015fkulu ama hep \u00e7a\u011f\u0131ldayan, insana kendini iyi hissettiren bir anlat\u0131m\u2026 Olanca \u0131\u015f\u0131lt\u0131lar\u0131yla ilgin\u00e7 karakterler\u2026 Ac\u0131n\u0131n mizahla harmanlan\u0131\u015f\u0131\u2026 \u00dc\u00e7 ku\u015fak boyunca anlat\u0131lan, sonunda mutlaka kapanacak olan bir hesap\u2026 \u0130lmek ilmek dokunmu\u015f, s\u00fcrprizlerle dolu bir olay \u00f6rg\u00fcs\u00fc\u2026 \u00c7a\u011fda\u015f bir a\u015fk hikayesi olarak da nitelendirilebilecek olan Efsun, Selahattin Demirta\u015f\u2019\u0131n art\u0131k iyice demini alm\u0131\u015f edebiyat\u00e7\u0131l\u0131\u011f\u0131n\u0131n son \u00fcr\u00fcn\u00fc.<\/p>\n","protected":false},"excerpt":{"rendered":"<p>Dupduru, yer yer h\u00fcz\u00fcnl\u00fc, yer yer co\u015fkulu ama hep \u00e7a\u011f\u0131ldayan, insana kendini iyi hissettiren bir anlat\u0131m\u2026 Olanca \u0131\u015f\u0131lt\u0131lar\u0131yla ilgin\u00e7 karakterler\u2026 Ac\u0131n\u0131n mizahla harmanlan\u0131\u015f\u0131\u2026 \u00dc\u00e7 ku\u015fak boyunca<span class=\"excerpt-hellip\"> [\u2026]<\/span><\/p>\n","protected":false},"featured_media":0,"template":"","meta":{"_monsterinsights_skip_tracking":false,"_monsterinsights_sitenote_active":false,"_monsterinsights_sitenote_note":"","_monsterinsights_sitenote_category":0},"product_brand":[],"product_cat":[12291,12711],"product_tag":[],"class_list":{"0":"post-734157","1":"product","2":"type-product","3":"status-publish","5":"product_cat-edebiyat","6":"product_cat-roman-oyku","7":"pa_cilt-ciltsiz","8":"pa_tur-kitap","9":"pa_yayinevi-dipnot-yayinlari","10":"pa_yazar-selahattin-demirtas","12":"first","13":"instock","14":"sale","15":"shipping-taxable","16":"purchasable","17":"product-type-simple"},"_links":{"self":[{"href":"https:\/\/roveyayinevi.com.tr\/index.php\/wp-json\/wp\/v2\/product\/734157","targetHints":{"allow":["GET"]}}],"collection":[{"href":"https:\/\/roveyayinevi.com.tr\/index.php\/wp-json\/wp\/v2\/product"}],"about":[{"href":"https:\/\/roveyayinevi.com.tr\/index.php\/wp-json\/wp\/v2\/types\/product"}],"wp:attachment":[{"href":"https:\/\/roveyayinevi.com.tr\/index.php\/wp-json\/wp\/v2\/media?parent=734157"}],"wp:term":[{"taxonomy":"product_brand","embeddable":true,"href":"https:\/\/roveyayinevi.com.tr\/index.php\/wp-json\/wp\/v2\/product_brand?post=734157"},{"taxonomy":"product_cat","embeddable":true,"href":"https:\/\/roveyayinevi.com.tr\/index.php\/wp-json\/wp\/v2\/product_cat?post=734157"},{"taxonomy":"product_tag","embeddable":true,"href":"https:\/\/roveyayinevi.com.tr\/index.php\/wp-json\/wp\/v2\/product_tag?post=734157"}],"curies":[{"name":"wp","href":"https:\/\/api.w.org\/{rel}","templated":true}]}}