{"id":734156,"date":"2025-08-27T22:23:04","date_gmt":"2025-08-27T19:23:04","guid":{"rendered":"https:\/\/roveyayinevi.com.tr\/index.php\/urun\/200-ingilizce-bulmaca\/"},"modified":"2026-04-16T02:41:59","modified_gmt":"2026-04-15T23:41:59","slug":"200-ingilizce-bulmaca","status":"publish","type":"product","link":"https:\/\/roveyayinevi.com.tr\/index.php\/urun\/200-ingilizce-bulmaca\/","title":{"rendered":"200 \u0130ngilizce Bulmaca"},"content":{"rendered":"<p>\u00c7\u00d6Z, EZBERLE, \u00d6\u011eREN   Bu kitapla; kelime hazneniz s\u0131kl\u0131kla kullan\u0131lan kelimelerle dolacak. Konu\u015fmak i\u00e7in en s\u0131k kullan\u0131lan kelimeleri en \u00f6nce \u00f6\u011freneceksiniz.   Kelimelerin anlamlar\u0131n\u0131 hat\u0131rlamak ya da haf\u0131zaya iyice kaydetmek kadar \u00f6nemli olan yaz\u0131l\u0131\u015flar\u0131n\u0131 da pratik edeceksiniz.   Hem kelime \u00f6\u011frenecek hem beyin jimnasti\u011fi yapacaks\u0131n\u0131z.   Kitab\u0131n sonundaki cevap anahtar\u0131nda sadece cevaplar de\u011fil sorular da yer al\u0131yor. Yani kelimeler T\u00fcrk\u00e7e-\u0130ngilizce kar\u015f\u0131l\u0131kl\u0131 olarak bir arada yer al\u0131yor. Yolun \u00e7ok ba\u015f\u0131nda iseniz buradan ezber yap\u0131p bulmacalar\u0131 \u00e7\u00f6zmeye sonra ba\u015flayabilirsiniz. Unutmay\u0131n! Tamamlad\u0131\u011f\u0131n\u0131z her bulmaca motivasyonunuzu art\u0131racakt\u0131r ancak yapamad\u0131klar\u0131n\u0131z i\u00e7in cevap anahtar\u0131 elinizin alt\u0131nda. Maksat bulmaca \u00e7\u00f6zmek de\u011fil \u00f6\u011frenmek. Bu y\u00fczden zorland\u0131\u011f\u0131n\u0131z yerde cevap anahtar\u0131ndan ezber yap\u0131p bulmacay\u0131 sonra \u00e7\u00f6z\u00fcn!<\/p>\n","protected":false},"excerpt":{"rendered":"<p>\u00c7\u00d6Z, EZBERLE, \u00d6\u011eREN Bu kitapla; kelime hazneniz s\u0131kl\u0131kla kullan\u0131lan kelimelerle dolacak. Konu\u015fmak i\u00e7in en s\u0131k kullan\u0131lan kelimeleri en \u00f6nce \u00f6\u011freneceksiniz. Kelimelerin anlamlar\u0131n\u0131 hat\u0131rlamak ya da haf\u0131zaya<span class=\"excerpt-hellip\"> [\u2026]<\/span><\/p>\n","protected":false},"featured_media":0,"template":"","meta":{"_monsterinsights_skip_tracking":false,"_monsterinsights_sitenote_active":false,"_monsterinsights_sitenote_note":"","_monsterinsights_sitenote_category":0},"product_brand":[],"product_cat":[16943,15563],"product_tag":[],"class_list":{"0":"post-734156","1":"product","2":"type-product","3":"status-publish","5":"product_cat-bilmeceler-bulmacalar","6":"product_cat-hobi","7":"pa_cilt-ciltsiz","8":"pa_tur-kitap10","9":"pa_yayinevi-yade-yayinlari","10":"pa_yazar-neslihan-gursoy","12":"first","13":"instock","14":"sale","15":"shipping-taxable","16":"purchasable","17":"product-type-simple"},"_links":{"self":[{"href":"https:\/\/roveyayinevi.com.tr\/index.php\/wp-json\/wp\/v2\/product\/734156","targetHints":{"allow":["GET"]}}],"collection":[{"href":"https:\/\/roveyayinevi.com.tr\/index.php\/wp-json\/wp\/v2\/product"}],"about":[{"href":"https:\/\/roveyayinevi.com.tr\/index.php\/wp-json\/wp\/v2\/types\/product"}],"wp:attachment":[{"href":"https:\/\/roveyayinevi.com.tr\/index.php\/wp-json\/wp\/v2\/media?parent=734156"}],"wp:term":[{"taxonomy":"product_brand","embeddable":true,"href":"https:\/\/roveyayinevi.com.tr\/index.php\/wp-json\/wp\/v2\/product_brand?post=734156"},{"taxonomy":"product_cat","embeddable":true,"href":"https:\/\/roveyayinevi.com.tr\/index.php\/wp-json\/wp\/v2\/product_cat?post=734156"},{"taxonomy":"product_tag","embeddable":true,"href":"https:\/\/roveyayinevi.com.tr\/index.php\/wp-json\/wp\/v2\/product_tag?post=734156"}],"curies":[{"name":"wp","href":"https:\/\/api.w.org\/{rel}","templated":true}]}}