{"id":734155,"date":"2025-08-27T22:23:03","date_gmt":"2025-08-27T19:23:03","guid":{"rendered":"https:\/\/roveyayinevi.com.tr\/index.php\/urun\/tepeden-kuyruga-kutulu-set-4-kitap\/"},"modified":"2026-04-16T02:41:59","modified_gmt":"2026-04-15T23:41:59","slug":"tepeden-kuyruga-kutulu-set-4-kitap","status":"publish","type":"product","link":"https:\/\/roveyayinevi.com.tr\/index.php\/urun\/tepeden-kuyruga-kutulu-set-4-kitap\/","title":{"rendered":"Tepeden Kuyru\u011fa Kutulu Set (4 Kitap)"},"content":{"rendered":"<p>Tepeden Kuyru\u011fa-Ku\u015flarSinekku\u015funun gagas\u0131ndan tavus ku\u015funun kuyru\u011funa, ku\u015flar\u0131n bir hayli \u015fa\u015f\u0131rt\u0131c\u0131 \u00f6zellikleri var. Peki bunlar\u0131 e\u011flenceli bir oyun e\u015fli\u011finde \u00f6\u011frenmeye ne dersin? \u00d6nce ku\u015fun v\u00fccudundan bir b\u00f6l\u00fcm\u00fcn b\u00fcy\u00fct\u00fclm\u00fc\u015f resmini g\u00f6receksin. Bunun hangi ku\u015fa ait oldu\u011funu tahmin etmek ise senin g\u00f6revin. Tahminini yap ve hemen sayfay\u0131 \u00e7evir: Ku\u015fun ismi, tam boy resmi ve hakk\u0131nda bir s\u00fcr\u00fc \u015fahane bilgi orada seni bekliyor. \u0130lgin\u00e7 bilgileri, k\u00e2\u011f\u0131t kesme tekni\u011fiyle yap\u0131lm\u0131\u015f g\u00f6z al\u0131c\u0131 \u00e7izimler ve e\u011flenceli bir oyunla birle\u015ftiren Tepeden Kuyru\u011fa Ku\u015flar, minik ku\u015fbilimcileri c\u0131v\u0131l c\u0131v\u0131l bir d\u00fcnyaya davet ediyor.Stacey Roderick\u2019in kaleme ald\u0131\u011f\u0131, Kwanchai Moriya\u2019n\u0131n \u00e7izimleriyle e\u015flik etti\u011fi Tepeden Kuyru\u011fa serisinin di\u011fer \u00fc\u00e7 kitab\u0131 B\u00f6cekler, Deniz Canl\u0131lar\u0131 ve Dinozorlar da merakl\u0131 okurlar\u0131n\u0131 bekliyor. Tepeden Kuyru\u011fa-DinozorlarBir dinozorun \u00e7enesinden di\u011ferinin aya\u011f\u0131na, tarih \u00f6ncesine ait bu muhte\u015fem canl\u0131lar\u0131n \u00e7ok acayip \u00f6zellikleri var. Peki bunlar\u0131 e\u011flenceli bir oyun e\u015fli\u011finde \u00f6\u011frenmeye ne dersin? \u00d6nce dinozorun v\u00fccudundan bir b\u00f6lu\u0308mu\u0308n bu\u0308yu\u0308tu\u0308lmu\u0308\u015f resmini g\u00f6receksin. Bunun hangi dinozora ait oldu\u011funu tahmin etmek ise senin g\u00f6revin. Tahminini yap ve hemen sayfay\u0131 \u00e7evir: Dinozorun ismi, tam boy resmi ve hakk\u0131nda bir s\u00fcr\u00fc \u015fahane bilgi orada seni bekliyor. \u0130lgin\u00e7 bilgileri, k\u00e2\u011f\u0131t kesme tekni\u011fiyle yap\u0131lm\u0131\u015f g\u00f6z al\u0131c\u0131 \u00e7izimler ve e\u011flenceli bir oyunla birle\u015ftiren Tepeden Kuyru\u011fa Dinozorlar, minik paleontologlar\u0131 dinozorlar\u0131n b\u00fcy\u00fcleyici d\u00fcnyas\u0131na davet ediyor.Stacey Roderick\u2019in kaleme ald\u0131\u011f\u0131, Kwanchai Moriya\u2019n\u0131n \u00e7izimleriyle e\u015flik etti\u011fi Tepeden Kuyru\u011fa serisinin di\u011fer \u00fc\u00e7 kitab\u0131 B\u00f6cekler, Ku\u015flar ve Deniz Canl\u0131lar\u0131 da merakl\u0131 okurlar\u0131n\u0131 bekliyor.Tepeden Kuyru\u011fa-Deniz Canl\u0131lar\u0131Yelken bal\u0131\u011f\u0131n\u0131n y\u00fczgecinden mavi balinan\u0131n a\u011fz\u0131na, deniz canl\u0131lar\u0131n\u0131n ak\u0131llara durgunluk veren \u00f6zellikleri var. Peki bunlar\u0131 e\u011flenceli bir oyun e\u015fli\u011finde \u00f6\u011frenmeye ne dersin? \u00d6nce deniz canl\u0131s\u0131n\u0131n v\u00fccudundan bir b\u00f6l\u00fcm\u00fcn b\u00fcy\u00fct\u00fclm\u00fc\u015f resmini g\u00f6receksin. Bunun hangi canl\u0131ya ait oldu\u011funu tahmin etmek ise senin g\u00f6revin. Tahminini yap ve hemen sayfay\u0131 \u00e7evir: Deniz canl\u0131s\u0131n\u0131n ismi, tam boy resmi ve hakk\u0131nda bir s\u00fcr\u00fc \u015fahane bilgi orada seni bekliyor. \u0130lgin\u00e7 bilgileri, k\u00e2\u011f\u0131t kesme tekni\u011fiyle yap\u0131lm\u0131\u015f g\u00f6z al\u0131c\u0131 \u00e7izimler ve e\u011flenceli bir oyunla birle\u015ftiren Tepeden Kuyru\u011fa Deniz Canl\u0131lar\u0131, minik deniz biyologlar\u0131n\u0131 engin sular\u0131n derinliklerine \u00e7a\u011f\u0131r\u0131yor.Stacey Roderick\u2019in kaleme ald\u0131\u011f\u0131, Kwanchai Moriya\u2019n\u0131n \u00e7izimleriyle e\u015flik etti\u011fi Tepeden Kuyru\u011fa serisinin di\u011fer \u00fc\u00e7 kitab\u0131 B\u00f6cekler, Ku\u015flar ve Dinozorlar da merakl\u0131 okurlar\u0131n\u0131 bekliyor. Tepeden Kuyru\u011fa-B\u00f6ceklerAy g\u00fcvesinin anteninden kral kelebe\u011finin kanad\u0131na, b\u00f6ceklerin olduk\u00e7a tuhaf \u00f6zellikleri var. Peki bunlar\u0131 e\u011flenceli bir oyun e\u015fli\u011finde \u00f6\u011frenmeye ne dersin? \u00d6nce b\u00f6ce\u011fin v\u00fccudundan bir b\u00f6l\u00fcm\u00fcn b\u00fcy\u00fct\u00fclm\u00fc\u015f resmini g\u00f6receksin. Bunun hangi b\u00f6ce\u011fe ait oldu\u011funu tahmin etmek ise senin g\u00f6revin. Tahminini yap ve hemen sayfay\u0131 \u00e7evir: B\u00f6ce\u011fin ismi, tam boy resmi ve hakk\u0131nda bir s\u00fcr\u00fc \u015fahane bilgi orada seni bekliyor. \u0130lgin\u00e7 bilgileri, k\u00e2\u011f\u0131t kesme tekni\u011fiyle yap\u0131lm\u0131\u015f g\u00f6z al\u0131c\u0131 \u00e7izimler ve e\u011flenceli bir oyunla birle\u015ftiren Tepeden Kuyru\u011fa B\u00f6cekler, minik b\u00f6cekbilimcileri bu b\u00fcy\u00fcleyici eklembacakl\u0131lar\u0131n aras\u0131nda bir yolculu\u011fa \u00e7\u0131kar\u0131yor.Stacey Roderick\u2019in kaleme ald\u0131\u011f\u0131, Kwanchai Moriya\u2019n\u0131n \u00e7izimleriyle e\u015flik etti\u011fi Tepeden Kuyru\u011fa serisinin di\u011fer \u00fc\u00e7 kitab\u0131 Deniz Canl\u0131lar\u0131, Ku\u015flar ve Dinozorlar da merakl\u0131 okurlar\u0131n\u0131 bekliyor.<\/p>\n","protected":false},"excerpt":{"rendered":"<p>Tepeden Kuyru\u011fa-Ku\u015flarSinekku\u015funun gagas\u0131ndan tavus ku\u015funun kuyru\u011funa, ku\u015flar\u0131n bir hayli \u015fa\u015f\u0131rt\u0131c\u0131 \u00f6zellikleri var. Peki bunlar\u0131 e\u011flenceli bir oyun e\u015fli\u011finde \u00f6\u011frenmeye ne dersin? \u00d6nce ku\u015fun v\u00fccudundan bir b\u00f6l\u00fcm\u00fcn<span class=\"excerpt-hellip\"> [\u2026]<\/span><\/p>\n","protected":false},"featured_media":0,"template":"","meta":{"_monsterinsights_skip_tracking":false,"_monsterinsights_sitenote_active":false,"_monsterinsights_sitenote_note":"","_monsterinsights_sitenote_category":0},"product_brand":[],"product_cat":[12913,12274],"product_tag":[],"class_list":{"0":"post-734155","1":"product","2":"type-product","3":"status-publish","5":"product_cat-3-6-yas-kitaplari","6":"product_cat-cocuk-ve-genclik-kitaplari","7":"pa_cilt-set","8":"pa_tur-kitap","9":"pa_yayinevi-domingo-yayinevi","10":"pa_yazar-stacey-roderick","12":"first","13":"instock","14":"sale","15":"shipping-taxable","16":"purchasable","17":"product-type-simple"},"_links":{"self":[{"href":"https:\/\/roveyayinevi.com.tr\/index.php\/wp-json\/wp\/v2\/product\/734155","targetHints":{"allow":["GET"]}}],"collection":[{"href":"https:\/\/roveyayinevi.com.tr\/index.php\/wp-json\/wp\/v2\/product"}],"about":[{"href":"https:\/\/roveyayinevi.com.tr\/index.php\/wp-json\/wp\/v2\/types\/product"}],"wp:attachment":[{"href":"https:\/\/roveyayinevi.com.tr\/index.php\/wp-json\/wp\/v2\/media?parent=734155"}],"wp:term":[{"taxonomy":"product_brand","embeddable":true,"href":"https:\/\/roveyayinevi.com.tr\/index.php\/wp-json\/wp\/v2\/product_brand?post=734155"},{"taxonomy":"product_cat","embeddable":true,"href":"https:\/\/roveyayinevi.com.tr\/index.php\/wp-json\/wp\/v2\/product_cat?post=734155"},{"taxonomy":"product_tag","embeddable":true,"href":"https:\/\/roveyayinevi.com.tr\/index.php\/wp-json\/wp\/v2\/product_tag?post=734155"}],"curies":[{"name":"wp","href":"https:\/\/api.w.org\/{rel}","templated":true}]}}