{"id":734154,"date":"2025-08-27T22:23:01","date_gmt":"2025-08-27T19:23:01","guid":{"rendered":"https:\/\/roveyayinevi.com.tr\/index.php\/urun\/bu-kadinlar-bu-adamlar-nasil-basardilar\/"},"modified":"2026-04-16T02:41:59","modified_gmt":"2026-04-15T23:41:59","slug":"bu-kadinlar-bu-adamlar-nasil-basardilar","status":"publish","type":"product","link":"https:\/\/roveyayinevi.com.tr\/index.php\/urun\/bu-kadinlar-bu-adamlar-nasil-basardilar\/","title":{"rendered":"Bu Kad\u0131nlar Bu Adamlar Nas\u0131l Ba\u015fard\u0131lar?"},"content":{"rendered":"<p>Ba\u015far\u0131 ve mutluluk yolunda, her insan\u0131n i\u00e7inde uyand\u0131r\u0131lmay\u0131 bekleyen bir dev yatar. \u00d6nemli olan \u015fey i\u00e7imizdeki bu devi uyand\u0131r\u0131p co\u015fkuyla heyecanla hedeflerimizin ve hayallerimizin pe\u015finden ko\u015fturmakt\u0131r.   \u0130lgiyle merakla keyifle y\u00fczlerce kitap okuyarak sanat, spor, t\u0131p, siyaset ve i\u015f d\u00fcnyas\u0131nda ba\u015far\u0131ya ula\u015fm\u0131\u015f insanlar\u0131n sahip olduklar\u0131 \u00f6zellikleri ara\u015ft\u0131r\u0131p onlar\u0131 motive eden, onlara ilham veren \u015feyleri ve bana \u00e7ok ilgin\u00e7 gelen olaylar\u0131 kaleme al\u0131p, kitap h\u00e2line getirdim, umar\u0131m be\u011fenirsiniz. Mehmet Sara\u00e7lar<\/p>\n","protected":false},"excerpt":{"rendered":"<p>Ba\u015far\u0131 ve mutluluk yolunda, her insan\u0131n i\u00e7inde uyand\u0131r\u0131lmay\u0131 bekleyen bir dev yatar. \u00d6nemli olan \u015fey i\u00e7imizdeki bu devi uyand\u0131r\u0131p co\u015fkuyla heyecanla hedeflerimizin ve hayallerimizin pe\u015finden ko\u015fturmakt\u0131r.<span class=\"excerpt-hellip\"> [\u2026]<\/span><\/p>\n","protected":false},"featured_media":0,"template":"","meta":{"_monsterinsights_skip_tracking":false,"_monsterinsights_sitenote_active":false,"_monsterinsights_sitenote_note":"","_monsterinsights_sitenote_category":0},"product_brand":[],"product_cat":[13072,12291],"product_tag":[],"class_list":{"0":"post-734154","1":"product","2":"type-product","3":"status-publish","5":"product_cat-arastirma-inceleme-referans","6":"product_cat-edebiyat","7":"pa_cilt-ciltsiz","8":"pa_tur-kitap","9":"pa_yayinevi-yade-yayinlari","10":"pa_yazar-mehmet-saraclar","12":"first","13":"instock","14":"sale","15":"shipping-taxable","16":"purchasable","17":"product-type-simple"},"_links":{"self":[{"href":"https:\/\/roveyayinevi.com.tr\/index.php\/wp-json\/wp\/v2\/product\/734154","targetHints":{"allow":["GET"]}}],"collection":[{"href":"https:\/\/roveyayinevi.com.tr\/index.php\/wp-json\/wp\/v2\/product"}],"about":[{"href":"https:\/\/roveyayinevi.com.tr\/index.php\/wp-json\/wp\/v2\/types\/product"}],"wp:attachment":[{"href":"https:\/\/roveyayinevi.com.tr\/index.php\/wp-json\/wp\/v2\/media?parent=734154"}],"wp:term":[{"taxonomy":"product_brand","embeddable":true,"href":"https:\/\/roveyayinevi.com.tr\/index.php\/wp-json\/wp\/v2\/product_brand?post=734154"},{"taxonomy":"product_cat","embeddable":true,"href":"https:\/\/roveyayinevi.com.tr\/index.php\/wp-json\/wp\/v2\/product_cat?post=734154"},{"taxonomy":"product_tag","embeddable":true,"href":"https:\/\/roveyayinevi.com.tr\/index.php\/wp-json\/wp\/v2\/product_tag?post=734154"}],"curies":[{"name":"wp","href":"https:\/\/api.w.org\/{rel}","templated":true}]}}