{"id":734153,"date":"2025-08-27T22:23:01","date_gmt":"2025-08-27T19:23:01","guid":{"rendered":"https:\/\/roveyayinevi.com.tr\/index.php\/urun\/kuran-ve-tarihsellik-yazilari\/"},"modified":"2026-04-16T02:41:59","modified_gmt":"2026-04-15T23:41:59","slug":"kuran-ve-tarihsellik-yazilari","status":"publish","type":"product","link":"https:\/\/roveyayinevi.com.tr\/index.php\/urun\/kuran-ve-tarihsellik-yazilari\/","title":{"rendered":"Kur&#8217;an ve Tarihsellik Yaz\u0131lar\u0131"},"content":{"rendered":"<p>Kur\u2019an ve tarihsellik sorununun yo\u011fun olarak tart\u0131\u015f\u0131ld\u0131\u011f\u0131 90\u2019l\u0131 y\u0131llardan bug\u00fcne, T\u00fcrkiye\u2019deki din\u00ee d\u00fc\u015f\u00fcncenin \u00e7ehresi de g\u00fcndemi de hayli de\u011fi\u015fti. Ge\u00e7en s\u00fcre\u00e7te, \u2018Kur\u2019an ve tarihsellik\u2019 sorunsal\u0131, \u2018\u0130slam ve modernizm\u2019 tart\u0131\u015fmas\u0131na anlaml\u0131 bir derinlik kazand\u0131rd\u0131. Ne var ki, tarihsellik sorunsal\u0131n\u0131n, \u0130slam ve modernizm tart\u0131\u015fmas\u0131yla bu ka\u00e7\u0131n\u0131lmaz refakati, tarihsel perspektifin her t\u00fcrl\u00fc savunusunun, modernizm savunusuyla e\u015f anlaml\u0131 alg\u0131lanmas\u0131na da yol a\u00e7t\u0131. Do\u011frusunu s\u00f6ylemek gerekirse, zaman i\u00e7erisinde, bu alg\u0131 yan\u0131lsamas\u0131, tarihsellik kar\u015f\u0131t\u0131 s\u00f6ylemi bilemekle kalmad\u0131; yan\u0131 s\u0131ra, kendine \u00f6zg\u00fc \u2018tarihselciler\u2019 de \u00fcretti. Bu kitap, farkl\u0131 vesilelerle kaleme al\u0131nan Kur\u2019an\u2019\u0131 anlamland\u0131rma \u00e7abalar\u0131n\u0131n farkl\u0131 d\u00fczeylerde d\u0131\u015favurumlar\u0131ndan ibarettir.<\/p>\n","protected":false},"excerpt":{"rendered":"<p>Kur\u2019an ve tarihsellik sorununun yo\u011fun olarak tart\u0131\u015f\u0131ld\u0131\u011f\u0131 90\u2019l\u0131 y\u0131llardan bug\u00fcne, T\u00fcrkiye\u2019deki din\u00ee d\u00fc\u015f\u00fcncenin \u00e7ehresi de g\u00fcndemi de hayli de\u011fi\u015fti. Ge\u00e7en s\u00fcre\u00e7te, \u2018Kur\u2019an ve tarihsellik\u2019 sorunsal\u0131, \u2018\u0130slam<span class=\"excerpt-hellip\"> [\u2026]<\/span><\/p>\n","protected":false},"featured_media":0,"template":"","meta":{"_monsterinsights_skip_tracking":false,"_monsterinsights_sitenote_active":false,"_monsterinsights_sitenote_note":"","_monsterinsights_sitenote_category":0},"product_brand":[],"product_cat":[13036,12718,12719],"product_tag":[],"class_list":{"0":"post-734153","1":"product","2":"type-product","3":"status-publish","5":"product_cat-arastirma-inceleme-islam","6":"product_cat-din","7":"product_cat-islam","8":"pa_cilt-ciltsiz","9":"pa_tur-kitap","10":"pa_yayinevi-otto-yayinlari","11":"pa_yazar-omer-ozsoy","13":"first","14":"instock","15":"sale","16":"shipping-taxable","17":"purchasable","18":"product-type-simple"},"_links":{"self":[{"href":"https:\/\/roveyayinevi.com.tr\/index.php\/wp-json\/wp\/v2\/product\/734153","targetHints":{"allow":["GET"]}}],"collection":[{"href":"https:\/\/roveyayinevi.com.tr\/index.php\/wp-json\/wp\/v2\/product"}],"about":[{"href":"https:\/\/roveyayinevi.com.tr\/index.php\/wp-json\/wp\/v2\/types\/product"}],"wp:attachment":[{"href":"https:\/\/roveyayinevi.com.tr\/index.php\/wp-json\/wp\/v2\/media?parent=734153"}],"wp:term":[{"taxonomy":"product_brand","embeddable":true,"href":"https:\/\/roveyayinevi.com.tr\/index.php\/wp-json\/wp\/v2\/product_brand?post=734153"},{"taxonomy":"product_cat","embeddable":true,"href":"https:\/\/roveyayinevi.com.tr\/index.php\/wp-json\/wp\/v2\/product_cat?post=734153"},{"taxonomy":"product_tag","embeddable":true,"href":"https:\/\/roveyayinevi.com.tr\/index.php\/wp-json\/wp\/v2\/product_tag?post=734153"}],"curies":[{"name":"wp","href":"https:\/\/api.w.org\/{rel}","templated":true}]}}