{"id":734151,"date":"2025-08-27T22:22:58","date_gmt":"2025-08-27T19:22:58","guid":{"rendered":"https:\/\/roveyayinevi.com.tr\/index.php\/urun\/karanlik-buyuk-hikayeler-nikola-tesla\/"},"modified":"2026-04-16T02:41:59","modified_gmt":"2026-04-15T23:41:59","slug":"karanlik-buyuk-hikayeler-nikola-tesla","status":"publish","type":"product","link":"https:\/\/roveyayinevi.com.tr\/index.php\/urun\/karanlik-buyuk-hikayeler-nikola-tesla\/","title":{"rendered":"Karanl\u0131k B\u00fcy\u00fck Hikayeler &#8211; Nikola Tesla"},"content":{"rendered":"<p>Onun Hik\u00e2yesi Okul Kitaplar\u0131n\u0131n Anlatt\u0131\u011f\u0131ndan Kesinlikle Daha Karanl\u0131kt\u0131\u2026Hayalci ve vizyoner. Nikola Tesla, \u00fc\u00e7e b\u00f6l\u00fcnebilen say\u0131larla ilgili tak\u0131nt\u0131s\u0131n\u0131 ya da kontrol edemedi\u011fi mikrop fobisini kimseye anlatam\u0131yordu ama y\u0131ld\u0131r\u0131m f\u0131rt\u0131nalar\u0131 yarat\u0131p geceyi g\u00fcnd\u00fcze \u00e7evirebiliyordu.Teknolojik geli\u015fmelerin ne b\u00fcy\u00fck devrimler yarataca\u011f\u0131 bilinmeyen bir d\u00fcnyada moderniteyi yaratt\u0131.Patentleri ve teorik \u00e7al\u0131\u015fmalar\u0131 bug\u00fcn hepimizin g\u00fcndelik hayatta kulland\u0131\u011f\u0131 elektrik sisteminin temelini olu\u015fturdu. Alternatif ak\u0131ml\u0131 motorlar onun icad\u0131. Ama yine de \u00f6ld\u00fc ve unutuldu.<\/p>\n","protected":false},"excerpt":{"rendered":"<p>Onun Hik\u00e2yesi Okul Kitaplar\u0131n\u0131n Anlatt\u0131\u011f\u0131ndan Kesinlikle Daha Karanl\u0131kt\u0131\u2026Hayalci ve vizyoner. Nikola Tesla, \u00fc\u00e7e b\u00f6l\u00fcnebilen say\u0131larla ilgili tak\u0131nt\u0131s\u0131n\u0131 ya da kontrol edemedi\u011fi mikrop fobisini kimseye anlatam\u0131yordu ama<span class=\"excerpt-hellip\"> [\u2026]<\/span><\/p>\n","protected":false},"featured_media":0,"template":"","meta":{"_monsterinsights_skip_tracking":false,"_monsterinsights_sitenote_active":false,"_monsterinsights_sitenote_note":"","_monsterinsights_sitenote_category":0},"product_brand":[],"product_cat":[12291,12711],"product_tag":[],"class_list":{"0":"post-734151","1":"product","2":"type-product","3":"status-publish","5":"product_cat-edebiyat","6":"product_cat-roman-oyku","7":"pa_cilt-ciltsiz","8":"pa_tur-kitap","9":"pa_yayinevi-artemis-yayinlari","10":"pa_yazar-nikola-tesla","12":"first","13":"instock","14":"sale","15":"shipping-taxable","16":"purchasable","17":"product-type-simple"},"_links":{"self":[{"href":"https:\/\/roveyayinevi.com.tr\/index.php\/wp-json\/wp\/v2\/product\/734151","targetHints":{"allow":["GET"]}}],"collection":[{"href":"https:\/\/roveyayinevi.com.tr\/index.php\/wp-json\/wp\/v2\/product"}],"about":[{"href":"https:\/\/roveyayinevi.com.tr\/index.php\/wp-json\/wp\/v2\/types\/product"}],"wp:attachment":[{"href":"https:\/\/roveyayinevi.com.tr\/index.php\/wp-json\/wp\/v2\/media?parent=734151"}],"wp:term":[{"taxonomy":"product_brand","embeddable":true,"href":"https:\/\/roveyayinevi.com.tr\/index.php\/wp-json\/wp\/v2\/product_brand?post=734151"},{"taxonomy":"product_cat","embeddable":true,"href":"https:\/\/roveyayinevi.com.tr\/index.php\/wp-json\/wp\/v2\/product_cat?post=734151"},{"taxonomy":"product_tag","embeddable":true,"href":"https:\/\/roveyayinevi.com.tr\/index.php\/wp-json\/wp\/v2\/product_tag?post=734151"}],"curies":[{"name":"wp","href":"https:\/\/api.w.org\/{rel}","templated":true}]}}