{"id":734149,"date":"2025-08-27T22:22:56","date_gmt":"2025-08-27T19:22:56","guid":{"rendered":"https:\/\/roveyayinevi.com.tr\/index.php\/urun\/tanrilarin-kanitlari\/"},"modified":"2025-10-13T06:56:48","modified_gmt":"2025-10-13T03:56:48","slug":"tanrilarin-kanitlari","status":"publish","type":"product","link":"https:\/\/roveyayinevi.com.tr\/index.php\/urun\/tanrilarin-kanitlari\/","title":{"rendered":"Tanr\u0131lar\u0131n Kan\u0131tlar\u0131"},"content":{"rendered":"<p>Eski insanlar, i\u00e7inde ya\u015fad\u0131klar\u0131 d\u00fcnyaya dair bir iz b\u0131rakma d\u00fcrt\u00fcs\u00fcne sahipti, bug\u00fcn varl\u0131\u011f\u0131n\u0131 s\u00fcrd\u00fcren ma\u011fara resimleri ve oymalar\u0131 bunun kan\u0131t\u0131d\u0131r. Peki, neden d\u00fcnyan\u0131n \u00e7e\u015fitli yerlerindeki kaya resimlerinin hepsi ayn\u0131 \u015feyleri tasvir ediyor gibi g\u00f6r\u00fcn\u00fcyor? Tarih \u00f6ncesi d\u00fcnyan\u0131n halklar\u0131 birbirleriyle temas kurdular m\u0131? Baz\u0131lar\u0131n\u0131n, atalar\u0131m\u0131z\u0131n &#8220;u\u00e7an arabalar&#8221; olarak tan\u0131mlayabilece\u011fi ara\u00e7larla \u00e7ok uzak yerlere nakledilmi\u015f olmas\u0131 m\u00fcmk\u00fcn m\u00fc? Teknik a\u00e7\u0131dan hen\u00fcz geli\u015fmemi\u015f olan bu insanlar nas\u0131l olup da arkalar\u0131nda sonsuza kadar ayakta kalan astronomik tesisler ya da saatler b\u0131rakt\u0131lar? T\u00fcm zamanlar\u0131n en \u00e7ok satan yazarlar\u0131ndan biri olan ve bir\u00e7oklar\u0131 taraf\u0131ndan antik uzayl\u0131 teorisinin babas\u0131 olarak kabul edilen Erich von D\u00e4niken, Tanr\u0131lar\u0131n Kan\u0131tlar\u0131\u2019nda d\u00fcnyan\u0131n ge\u00e7mi\u015fini ortaya \u00e7\u0131karma g\u00f6revini s\u00fcrd\u00fcr\u00fcyor. Bu kapsaml\u0131, resimli kitaptaki g\u00f6rsellerin \u00e7o\u011fu, yazar\u0131n, binlerce y\u0131l \u00f6nce d\u00fcnyaya geldi\u011fine inand\u0131\u011f\u0131 kozmik tanr\u0131lar\u0131n izlerini ara\u015ft\u0131rd\u0131\u011f\u0131 on y\u0131llar boyunca edindi\u011fi e\u015fsiz ar\u015fivinden derlendi. D\u00fcnya d\u0131\u015f\u0131 ziyaret\u00e7iler ger\u00e7ekten binlerce y\u0131l \u00f6nce gezegenimizde kusursuz izlerini b\u0131rakt\u0131lar m\u0131?  G\u00f6r\u00fcnt\u00fcler ger\u00e7eklerin kan\u0131t\u0131 olacak.   Yazd\u0131klar\u0131yla ve ara\u015ft\u0131rmalar\u0131yla d\u00fcnyan\u0131n kan\u0131ksanm\u0131\u015f ge\u00e7mi\u015f teorilerine kafa tutan Erich von D\u00e4niken, \u201cTa\u015f Devri\u2019nde kesinlikle tutmayan bir \u015feyler var!\u201d diye yaz\u0131yor Tanr\u0131lar\u0131n Kan\u0131tlar\u0131\u2019nda. Ve hakl\u0131 olarak, teknik a\u00e7\u0131dan hen\u00fcz geli\u015fmemi\u015f olan bu insanlar\u0131n nas\u0131l olup da arkalar\u0131nda sonsuza kadar ayakta kalan astronomik tesisler ya da saatler b\u0131rakt\u0131klar\u0131n\u0131 soruyor. Bu insanlar tap\u0131naklar\u0131n\u0131 hi\u00e7 sapmadan d\u00fcmd\u00fcz giden hatlar \u00fczerinde in\u015fa ettiler. \u00dcstelik bunu y\u00fczlerce kilometre uzakl\u0131kta ve da\u011flarla vadileri a\u015farak yapt\u0131lar. Onlar\u0131 bunu yapmaya iten neydi? Onlara yol g\u00f6steren kimdi? D\u00fcnyan\u0131n her yan\u0131nda ayn\u0131 motiflere sahip kaya resimlerinin olmas\u0131 nas\u0131l a\u00e7\u0131klanabilir? Tarih\u00f6ncesi d\u00f6nem insanlar\u0131 aralar\u0131nda k\u0131talararas\u0131 ileti\u015fim mi kurmu\u015flard\u0131? Yoksa bunlar binlerce y\u0131l \u00f6nce d\u00fcnyan\u0131n etraf\u0131nda u\u00e7an \u00f6\u011fretmenlerine g\u00f6nderilen selamlar m\u0131yd\u0131? Bilimin bunlar i\u00e7in bir a\u00e7\u0131klamas\u0131 yok. Bu y\u00fczden Erich von D\u00e4niken\u2019in sundu\u011fu kan\u0131tlar daha da ikna edici oluyor. Bu ola\u011fan\u00fcst\u00fc kitap i\u00e7in Erich von D\u00e4niken devasa foto\u011fraf ar\u015fivini g\u00f6zden ge\u00e7irmi\u015f ve yeniden de\u011ferlendirmi\u015ftir. D\u00e4niken\u2019in g\u00f6r\u00fc\u015fleri daha \u00f6nce hi\u00e7 bu kadar anla\u015f\u0131l\u0131r ve a\u00e7\u0131k olarak okuyuculara sunulmam\u0131\u015ft\u0131. Kan\u0131tlar muhtemel ele\u015ftiri sahiplerinin ku\u015fkuyla ve hayretle duraksamas\u0131na sebep olacak kadar bol. Tanr\u0131lar\u0131n Kan\u0131tlar\u0131 bir kez daha bildi\u011finiz her \u015feyi sorgulatacak. <\/p>\n","protected":false},"excerpt":{"rendered":"<p>Eski insanlar, i\u00e7inde ya\u015fad\u0131klar\u0131 d\u00fcnyaya dair bir iz b\u0131rakma d\u00fcrt\u00fcs\u00fcne sahipti, bug\u00fcn varl\u0131\u011f\u0131n\u0131 s\u00fcrd\u00fcren ma\u011fara resimleri ve oymalar\u0131 bunun kan\u0131t\u0131d\u0131r. Peki, neden d\u00fcnyan\u0131n \u00e7e\u015fitli yerlerindeki kaya<span class=\"excerpt-hellip\"> [\u2026]<\/span><\/p>\n","protected":false},"featured_media":0,"template":"","meta":{"_monsterinsights_skip_tracking":false,"_monsterinsights_sitenote_active":false,"_monsterinsights_sitenote_note":"","_monsterinsights_sitenote_category":0},"product_brand":[],"product_cat":[12312,12304],"product_tag":[],"class_list":{"0":"post-734149","1":"product","2":"type-product","3":"status-publish","5":"product_cat-diger","6":"product_cat-tarih","7":"pa_cilt-ciltsiz","8":"pa_tur-kitap","9":"pa_yayinevi-artemis-yayinlari","10":"pa_yazar-erich-von-daniken","12":"first","13":"instock","14":"sale","15":"shipping-taxable","16":"purchasable","17":"product-type-simple"},"_links":{"self":[{"href":"https:\/\/roveyayinevi.com.tr\/index.php\/wp-json\/wp\/v2\/product\/734149","targetHints":{"allow":["GET"]}}],"collection":[{"href":"https:\/\/roveyayinevi.com.tr\/index.php\/wp-json\/wp\/v2\/product"}],"about":[{"href":"https:\/\/roveyayinevi.com.tr\/index.php\/wp-json\/wp\/v2\/types\/product"}],"wp:attachment":[{"href":"https:\/\/roveyayinevi.com.tr\/index.php\/wp-json\/wp\/v2\/media?parent=734149"}],"wp:term":[{"taxonomy":"product_brand","embeddable":true,"href":"https:\/\/roveyayinevi.com.tr\/index.php\/wp-json\/wp\/v2\/product_brand?post=734149"},{"taxonomy":"product_cat","embeddable":true,"href":"https:\/\/roveyayinevi.com.tr\/index.php\/wp-json\/wp\/v2\/product_cat?post=734149"},{"taxonomy":"product_tag","embeddable":true,"href":"https:\/\/roveyayinevi.com.tr\/index.php\/wp-json\/wp\/v2\/product_tag?post=734149"}],"curies":[{"name":"wp","href":"https:\/\/api.w.org\/{rel}","templated":true}]}}