{"id":734145,"date":"2025-08-27T22:22:52","date_gmt":"2025-08-27T19:22:52","guid":{"rendered":"https:\/\/roveyayinevi.com.tr\/index.php\/urun\/golge-yukseliyor-zaman-carki-4\/"},"modified":"2026-04-16T02:41:59","modified_gmt":"2026-04-15T23:41:59","slug":"golge-yukseliyor-zaman-carki-4","status":"publish","type":"product","link":"https:\/\/roveyayinevi.com.tr\/index.php\/urun\/golge-yukseliyor-zaman-carki-4\/","title":{"rendered":"G\u00f6lge Y\u00fckseliyor &#8211; Zaman \u00c7ark\u0131 4"},"content":{"rendered":"<p>\u201cZaman \u00c7ark\u0131 d\u00f6ner, \u00c7a\u011flar gelip ge\u00e7er, efsanele\u015fen an\u0131lar b\u0131rak\u0131r ard\u0131nda. Efsaneler solarak mit olur ve onlar\u0131 do\u011furan \u00c7a\u011f yeniden geldi\u011finde mitler bile unutulur.\u201dFantastik edebiyat devi Robert Jordan\u2019\u0131n kaleminden \u00e7\u0131kan Zaman \u00c7ark\u0131 destan\u0131 d\u00fcnya \u00e7ap\u0131nda milyonlar\u0131n hayal g\u00fcc\u00fcnde yer etti. Ayr\u0131nt\u0131l\u0131 d\u00fcnyas\u0131, en ince detay\u0131na kadar d\u00fc\u015f\u00fcn\u00fclm\u00fc\u015f b\u00fcy\u00fc sistemi, g\u00f6n\u00fcllere taht kuran karakterleri, Zaman \u00c7ark\u0131\u2019n\u0131n okurlar taraf\u0131ndan bu kadar sevilmesinin sadece birka\u00e7 sebebi. Zaman \u00c7ark\u0131\u2019n\u0131n etkileri, Patrick Rothfuss, Brandon Sanderson, Brent Weeks gibi g\u00fcn\u00fcm\u00fcz\u00fcn en b\u00fcy\u00fck fantastik yazarlar\u0131n\u0131n eserlerinde g\u00f6r\u00fclebilir.   Tear Ta\u015f\u0131 denen efsanevi kale d\u00fc\u015fm\u00fc\u015ft\u00fc. Aiel, kehanetin \u00e7a\u011fr\u0131s\u0131yla ortaya \u00e7\u0131km\u0131\u015f ve I\u015f\u0131k\u2019\u0131n yolunda y\u00fcr\u00fcmeye ba\u015flam\u0131\u015ft\u0131. Ve yaln\u0131zca Yenidendo\u011fan Ejder\u2019in tutabilece\u011fi k\u0131l\u0131\u00e7 Callandor, Rand\u2019\u0131n elindeydi.   Fakat Karanl\u0131k Varl\u0131k\u2019\u0131n tutsak oldu\u011fu Shayol Ghul\u2019un g\u00fcc\u00fc azal\u0131yor ve Terkedilmi\u015fler gittik\u00e7e g\u00fc\u00e7leniyordu. Rand kar\u015f\u0131 koyacaksa Karanl\u0131k Varl\u0131k\u2019\u0131n yozla\u015ft\u0131rd\u0131\u011f\u0131 Ger\u00e7ek Kaynak\u2019\u0131n eril yar\u0131s\u0131n\u0131 kontrol etmeyi \u00f6\u011frenmeliydi\u2026 ama bu g\u00fcc\u00fc kontrol edebilecek miydi?   \u0130ki Nehir\u2019in tehlikede oldu\u011funu \u00f6\u011frenen Perrin ise Faile Bashere\u2019yle k\u00f6ylerine geri d\u00f6necekti. Elayne, Nynaeve al\u2019Meara, Juilin Sandar ve Thom Merrilin\u2019in ise tehlikeli bir g\u00f6revi vard\u0131: Kara Ajah\u2019\u0131 avlamak.    Ejderha, bir kez daha zaman\u0131n r\u00fczg\u00e2rlar\u0131nda havalanacak.   \u201cRobert Jordan, kadim fantastik edebiyat gelene\u011finde yap\u0131lacak daha \u00e7ok \u015fey oldu\u011funu g\u00f6steriyor.\u201d \u2013Orson Scott Card   \u201cZaman \u00c7ark\u0131 kitaplar\u0131 hayat\u0131mda bir d\u00f6n\u00fcm noktas\u0131.\u201d \u2013Robin Hobb <\/p>\n","protected":false},"excerpt":{"rendered":"<p>\u201cZaman \u00c7ark\u0131 d\u00f6ner, \u00c7a\u011flar gelip ge\u00e7er, efsanele\u015fen an\u0131lar b\u0131rak\u0131r ard\u0131nda. Efsaneler solarak mit olur ve onlar\u0131 do\u011furan \u00c7a\u011f yeniden geldi\u011finde mitler bile unutulur.\u201dFantastik edebiyat devi Robert<span class=\"excerpt-hellip\"> [\u2026]<\/span><\/p>\n","protected":false},"featured_media":0,"template":"","meta":{"_monsterinsights_skip_tracking":false,"_monsterinsights_sitenote_active":false,"_monsterinsights_sitenote_note":"","_monsterinsights_sitenote_category":0},"product_brand":[],"product_cat":[12291,14777],"product_tag":[],"class_list":{"0":"post-734145","1":"product","2":"type-product","3":"status-publish","5":"product_cat-edebiyat","6":"product_cat-fantastik","7":"pa_cilt-ciltsiz","8":"pa_tur-kitap","9":"pa_yayinevi-ithaki-yayinlari","10":"pa_yazar-robert-jordan","12":"first","13":"instock","14":"sale","15":"shipping-taxable","16":"purchasable","17":"product-type-simple"},"_links":{"self":[{"href":"https:\/\/roveyayinevi.com.tr\/index.php\/wp-json\/wp\/v2\/product\/734145","targetHints":{"allow":["GET"]}}],"collection":[{"href":"https:\/\/roveyayinevi.com.tr\/index.php\/wp-json\/wp\/v2\/product"}],"about":[{"href":"https:\/\/roveyayinevi.com.tr\/index.php\/wp-json\/wp\/v2\/types\/product"}],"wp:attachment":[{"href":"https:\/\/roveyayinevi.com.tr\/index.php\/wp-json\/wp\/v2\/media?parent=734145"}],"wp:term":[{"taxonomy":"product_brand","embeddable":true,"href":"https:\/\/roveyayinevi.com.tr\/index.php\/wp-json\/wp\/v2\/product_brand?post=734145"},{"taxonomy":"product_cat","embeddable":true,"href":"https:\/\/roveyayinevi.com.tr\/index.php\/wp-json\/wp\/v2\/product_cat?post=734145"},{"taxonomy":"product_tag","embeddable":true,"href":"https:\/\/roveyayinevi.com.tr\/index.php\/wp-json\/wp\/v2\/product_tag?post=734145"}],"curies":[{"name":"wp","href":"https:\/\/api.w.org\/{rel}","templated":true}]}}