{"id":734144,"date":"2025-08-27T22:22:51","date_gmt":"2025-08-27T19:22:51","guid":{"rendered":"https:\/\/roveyayinevi.com.tr\/index.php\/urun\/moskova-80-soguk-savasin-doruk-noktasi\/"},"modified":"2026-04-16T02:41:59","modified_gmt":"2026-04-15T23:41:59","slug":"moskova-80-soguk-savasin-doruk-noktasi","status":"publish","type":"product","link":"https:\/\/roveyayinevi.com.tr\/index.php\/urun\/moskova-80-soguk-savasin-doruk-noktasi\/","title":{"rendered":"Moskova 80 So\u011fuk Sava\u015f&#8217;\u0131n Doruk Noktas\u0131"},"content":{"rendered":"<p>\u00dclkelerin sportif oldu\u011fu kadar sporun ard\u0131nda gizlenen muazzam politik rekabetine de sahne olan bir organizasyon: Olimpiyat oyunlar\u0131. Sporun d\u00fcnya siyasetiyle i\u00e7 i\u00e7e ge\u00e7ti\u011fi, d\u00fcnyan\u0131n her g\u00fcn yeni bir \u015fokla dalgalanmaya a\u015fina oldu\u011fu yetmi\u015fli y\u0131llar\u0131n kapan\u0131\u015f\u0131 i\u00e7in de 84 y\u0131ll\u0131k modern olimpiyat tarihinde kom\u00fcnist bir \u00fclkede ger\u00e7ekle\u015ftirilen ilk oyunlar olan 1980 Moskova Olimpiyatlar\u0131\u2019ndan daha iyi bir g\u00f6steri bulunamaz.   Sovyetlerin Afganistan\u2019a m\u00fcdahalesi ve D\u00e8tente d\u00f6neminin zora girmesinin g\u00f6lgesinde ger\u00e7ekle\u015fen ve geni\u015f bir boykota hedef olman\u0131n yan\u0131nda bir\u00e7ok ilke de vesile olan Moskova Oyunlar\u0131, hem spor hem de siyaset ba\u011flam\u0131nda derin bir incelemeyi hak ediyor. Siyaset bilimi ve spor sosyolojisi \u00fczerine ara\u015ft\u0131rmalar\u0131yla tan\u0131nan Selim Rumi Civral\u0131, geni\u015f bir tarihsel perspektif ve politik \u00e7\u00f6z\u00fcmleme \u00fczerinden \u00f6zelde Moskova Olimpiyatlar\u0131\u2019n\u0131, daha genelde ise Sovyet rejiminin spor politikalar\u0131n\u0131n etkilerini, sporsiyaset ili\u015fkisini ve s\u00fcperg\u00fc\u00e7lerin bu ili\u015fki \u00fczerinden y\u00fcr\u00fctt\u00fckleri diplomasiyi konu ediniyor. <\/p>\n","protected":false},"excerpt":{"rendered":"<p>\u00dclkelerin sportif oldu\u011fu kadar sporun ard\u0131nda gizlenen muazzam politik rekabetine de sahne olan bir organizasyon: Olimpiyat oyunlar\u0131. Sporun d\u00fcnya siyasetiyle i\u00e7 i\u00e7e ge\u00e7ti\u011fi, d\u00fcnyan\u0131n her g\u00fcn<span class=\"excerpt-hellip\"> [\u2026]<\/span><\/p>\n","protected":false},"featured_media":0,"template":"","meta":{"_monsterinsights_skip_tracking":false,"_monsterinsights_sitenote_active":false,"_monsterinsights_sitenote_note":"","_monsterinsights_sitenote_category":0},"product_brand":[],"product_cat":[15563,15564],"product_tag":[],"class_list":{"0":"post-734144","1":"product","2":"type-product","3":"status-publish","5":"product_cat-hobi","6":"product_cat-spor","7":"pa_cilt-ciltsiz","8":"pa_tur-kitap","9":"pa_yayinevi-ithaki-yayinlari","10":"pa_yazar-selim-rumi-civrali","12":"first","13":"instock","14":"sale","15":"shipping-taxable","16":"purchasable","17":"product-type-simple"},"_links":{"self":[{"href":"https:\/\/roveyayinevi.com.tr\/index.php\/wp-json\/wp\/v2\/product\/734144","targetHints":{"allow":["GET"]}}],"collection":[{"href":"https:\/\/roveyayinevi.com.tr\/index.php\/wp-json\/wp\/v2\/product"}],"about":[{"href":"https:\/\/roveyayinevi.com.tr\/index.php\/wp-json\/wp\/v2\/types\/product"}],"wp:attachment":[{"href":"https:\/\/roveyayinevi.com.tr\/index.php\/wp-json\/wp\/v2\/media?parent=734144"}],"wp:term":[{"taxonomy":"product_brand","embeddable":true,"href":"https:\/\/roveyayinevi.com.tr\/index.php\/wp-json\/wp\/v2\/product_brand?post=734144"},{"taxonomy":"product_cat","embeddable":true,"href":"https:\/\/roveyayinevi.com.tr\/index.php\/wp-json\/wp\/v2\/product_cat?post=734144"},{"taxonomy":"product_tag","embeddable":true,"href":"https:\/\/roveyayinevi.com.tr\/index.php\/wp-json\/wp\/v2\/product_tag?post=734144"}],"curies":[{"name":"wp","href":"https:\/\/api.w.org\/{rel}","templated":true}]}}