{"id":734142,"date":"2025-08-27T22:22:49","date_gmt":"2025-08-27T19:22:49","guid":{"rendered":"https:\/\/roveyayinevi.com.tr\/index.php\/urun\/lanetli-otel\/"},"modified":"2026-04-16T02:41:59","modified_gmt":"2026-04-15T23:41:59","slug":"lanetli-otel","status":"publish","type":"product","link":"https:\/\/roveyayinevi.com.tr\/index.php\/urun\/lanetli-otel\/","title":{"rendered":"Lanetli Otel"},"content":{"rendered":"<p>\u201cLanetli Otel, dramatik bir deh\u015fet g\u00f6sterisi.\u201d \u2013Peter Ackroyd    Lord Montbarry\u2019nin \u0130talya\u2019da gizemli ve \u00fcrk\u00fct\u00fcc\u00fc e\u015fi Kontes Narona\u2019yla balay\u0131ndayken ani \u00f6l\u00fcm\u00fcnden bir s\u00fcre sonra lordun ailesi tatil i\u00e7in Venedik\u2019e gider. Orada kalacaklar\u0131 otel ise lordun balay\u0131nda hayat\u0131n\u0131 kaybetti\u011fi ve u\u015fa\u011f\u0131n\u0131n ortadan kayboldu\u011fu eski konakt\u0131r.   Otelde kalmaya ba\u015flad\u0131klar\u0131nda bir\u00e7o\u011fu paranormal olaylar ya\u015famaya ba\u015flar. Tuhaf bir koku, uyutmayan k\u00e2buslar ve hatta tavanda s\u00fcz\u00fclen bir kafa&#8230; Lordun huzursuz ruhunun musallat oldu\u011fundan \u015f\u00fcphelenen yak\u0131nlar\u0131 onun \u00f6l\u00fcm\u00fcn\u00fcn ard\u0131ndaki s\u0131r perdesini aralamak istediklerinde korkun\u00e7 bir vakayla kar\u015f\u0131la\u015facaklard\u0131r.   Geceyi sak\u0131n 14 numaral\u0131 odada ge\u00e7irme&#8230; <\/p>\n","protected":false},"excerpt":{"rendered":"<p>\u201cLanetli Otel, dramatik bir deh\u015fet g\u00f6sterisi.\u201d \u2013Peter Ackroyd Lord Montbarry\u2019nin \u0130talya\u2019da gizemli ve \u00fcrk\u00fct\u00fcc\u00fc e\u015fi Kontes Narona\u2019yla balay\u0131ndayken ani \u00f6l\u00fcm\u00fcnden bir s\u00fcre sonra lordun ailesi tatil<span class=\"excerpt-hellip\"> [\u2026]<\/span><\/p>\n","protected":false},"featured_media":0,"template":"","meta":{"_monsterinsights_skip_tracking":false,"_monsterinsights_sitenote_active":false,"_monsterinsights_sitenote_note":"","_monsterinsights_sitenote_category":0},"product_brand":[],"product_cat":[12291,17033],"product_tag":[],"class_list":{"0":"post-734142","1":"product","2":"type-product","3":"status-publish","5":"product_cat-edebiyat","6":"product_cat-korku-gerilim","7":"pa_cilt-ciltsiz","8":"pa_tur-kitap","9":"pa_yayinevi-ithaki-yayinlari","10":"pa_yazar-wilkie-collins","12":"first","13":"instock","14":"sale","15":"shipping-taxable","16":"purchasable","17":"product-type-simple"},"_links":{"self":[{"href":"https:\/\/roveyayinevi.com.tr\/index.php\/wp-json\/wp\/v2\/product\/734142","targetHints":{"allow":["GET"]}}],"collection":[{"href":"https:\/\/roveyayinevi.com.tr\/index.php\/wp-json\/wp\/v2\/product"}],"about":[{"href":"https:\/\/roveyayinevi.com.tr\/index.php\/wp-json\/wp\/v2\/types\/product"}],"wp:attachment":[{"href":"https:\/\/roveyayinevi.com.tr\/index.php\/wp-json\/wp\/v2\/media?parent=734142"}],"wp:term":[{"taxonomy":"product_brand","embeddable":true,"href":"https:\/\/roveyayinevi.com.tr\/index.php\/wp-json\/wp\/v2\/product_brand?post=734142"},{"taxonomy":"product_cat","embeddable":true,"href":"https:\/\/roveyayinevi.com.tr\/index.php\/wp-json\/wp\/v2\/product_cat?post=734142"},{"taxonomy":"product_tag","embeddable":true,"href":"https:\/\/roveyayinevi.com.tr\/index.php\/wp-json\/wp\/v2\/product_tag?post=734142"}],"curies":[{"name":"wp","href":"https:\/\/api.w.org\/{rel}","templated":true}]}}