{"id":734141,"date":"2025-08-27T22:22:48","date_gmt":"2025-08-27T19:22:48","guid":{"rendered":"https:\/\/roveyayinevi.com.tr\/index.php\/urun\/geri-giden-saat\/"},"modified":"2026-04-16T02:41:59","modified_gmt":"2026-04-15T23:41:59","slug":"geri-giden-saat","status":"publish","type":"product","link":"https:\/\/roveyayinevi.com.tr\/index.php\/urun\/geri-giden-saat\/","title":{"rendered":"Geri Giden Saat"},"content":{"rendered":"<p>\u201cEdward Page Mitchell, Amerika\u2019dan \u00e7\u0131kan en b\u00fcy\u00fck bilimkurgu yazarlar\u0131ndan biri.\u201d \u2013Sam Moskowitz   \u201cBu \u00f6yk\u00fclerin her biri ziyadesiyle ilgi \u00e7ekici.\u201d \u2013Lester Del Rey   \u201cAmerikan bilimkurgusunun kay\u0131p devi\u201d olarak tan\u0131mlanan, yazd\u0131klar\u0131n\u0131n \u00e7o\u011funu New York\u2019taki The Sun gazetesinde imzas\u0131z olarak yay\u0131mlayan Edward Page Mitchell, bir\u00e7ok konuda ilklerin yazar\u0131. Geri Giden Saat ise yazar\u0131n en se\u00e7kin bilimkurgu \u00f6yk\u00fclerinin bir araya getirildi\u011fi, \u00f6zg\u00fcn bir \u00f6yk\u00fc derlemesi.   Bilimkurgunun en b\u00fcy\u00fck yazarlar\u0131ndan biri olan H.G. Wells\u2019e de ilham oldu\u011fu d\u00fc\u015f\u00fcn\u00fclen Edward Page Mitchell ayn\u0131 zamanda d\u00f6neminin en ba\u015far\u0131l\u0131 gazetecilerinden biridir. \u00d6yk\u00fcleri unutulmaya y\u00fcz tutmu\u015f olsa da 1973\u2019te bilimkurgu tarih\u00e7isi Sam Moskowitz\u2019in titiz \u00e7al\u0131\u015fmas\u0131 ve yay\u0131mlad\u0131\u011f\u0131 detayl\u0131 bir derlemeyle hak etti\u011fi ilgiyi g\u00f6rmeye ba\u015flam\u0131\u015ft\u0131r.   Sevdi\u011fi kad\u0131nla evlenebilmek i\u00e7in matemati\u011fin s\u0131n\u0131rlar\u0131nda gezinmek zorunda kalan bir genci anlatan \u201cTakipomp\u201d, bilimsel bir s\u00fcre\u00e7 sonucu g\u00f6r\u00fcnmez kalan bir adam\u0131n trajedisini g\u00f6zler \u00f6n\u00fcne seren \u201cKristal Adam\u201d, bir zaman makinesini konu alan ilk \u00f6yk\u00fc olan \u201cGeri Giden Saat\u201d, bu derlemedeki \u00f6yk\u00fclerden sadece birka\u00e7\u0131.   Zaman yolculu\u011fu, androidler, zihin transferi, bilgisayarlar\u2026 Geri Giden Saat\u2019in sayfalar\u0131nda bilimkurgu tarihinin derinliklerinden gelen ilklere \u015fahit olacaks\u0131n\u0131z.   Geri Giden Saat, bilimkurgunun ilk k\u0131v\u0131lc\u0131mlar\u0131. <\/p>\n","protected":false},"excerpt":{"rendered":"<p>\u201cEdward Page Mitchell, Amerika\u2019dan \u00e7\u0131kan en b\u00fcy\u00fck bilimkurgu yazarlar\u0131ndan biri.\u201d \u2013Sam Moskowitz \u201cBu \u00f6yk\u00fclerin her biri ziyadesiyle ilgi \u00e7ekici.\u201d \u2013Lester Del Rey \u201cAmerikan bilimkurgusunun kay\u0131p devi\u201d<span class=\"excerpt-hellip\"> [\u2026]<\/span><\/p>\n","protected":false},"featured_media":0,"template":"","meta":{"_monsterinsights_skip_tracking":false,"_monsterinsights_sitenote_active":false,"_monsterinsights_sitenote_note":"","_monsterinsights_sitenote_category":0},"product_brand":[],"product_cat":[12540,12291],"product_tag":[],"class_list":{"0":"post-734141","1":"product","2":"type-product","3":"status-publish","5":"product_cat-bilim-kurgu","6":"product_cat-edebiyat","7":"pa_cilt-ciltsiz","8":"pa_tur-kitap","9":"pa_yayinevi-ithaki-yayinlari","10":"pa_yazar-edward-page-mitchell","12":"first","13":"instock","14":"sale","15":"shipping-taxable","16":"purchasable","17":"product-type-simple"},"_links":{"self":[{"href":"https:\/\/roveyayinevi.com.tr\/index.php\/wp-json\/wp\/v2\/product\/734141","targetHints":{"allow":["GET"]}}],"collection":[{"href":"https:\/\/roveyayinevi.com.tr\/index.php\/wp-json\/wp\/v2\/product"}],"about":[{"href":"https:\/\/roveyayinevi.com.tr\/index.php\/wp-json\/wp\/v2\/types\/product"}],"wp:attachment":[{"href":"https:\/\/roveyayinevi.com.tr\/index.php\/wp-json\/wp\/v2\/media?parent=734141"}],"wp:term":[{"taxonomy":"product_brand","embeddable":true,"href":"https:\/\/roveyayinevi.com.tr\/index.php\/wp-json\/wp\/v2\/product_brand?post=734141"},{"taxonomy":"product_cat","embeddable":true,"href":"https:\/\/roveyayinevi.com.tr\/index.php\/wp-json\/wp\/v2\/product_cat?post=734141"},{"taxonomy":"product_tag","embeddable":true,"href":"https:\/\/roveyayinevi.com.tr\/index.php\/wp-json\/wp\/v2\/product_tag?post=734141"}],"curies":[{"name":"wp","href":"https:\/\/api.w.org\/{rel}","templated":true}]}}