{"id":734140,"date":"2025-08-27T22:22:47","date_gmt":"2025-08-27T19:22:47","guid":{"rendered":"https:\/\/roveyayinevi.com.tr\/index.php\/urun\/kayip-sey\/"},"modified":"2026-04-16T02:41:59","modified_gmt":"2026-04-15T23:41:59","slug":"kayip-sey","status":"publish","type":"product","link":"https:\/\/roveyayinevi.com.tr\/index.php\/urun\/kayip-sey\/","title":{"rendered":"Kay\u0131p \u015eey"},"content":{"rendered":"<p>D\u00fcnya \u00e7ap\u0131nda \u00fcnl\u00fc, \u00e7ok \u00f6d\u00fcll\u00fc yazar Shaun Tan\u2019dan aray\u0131\u015fa dair bir hik\u00e2ye&#8230;   Sahilde \u015fi\u015fe kapa\u011f\u0131 koleksiyonu i\u00e7in kapak arayan bir \u00e7ocuk, \u00e7ok tuhaf g\u00f6r\u00fcn\u00fc\u015fl\u00fc bir yarat\u0131kla kar\u015f\u0131la\u015f\u0131r. \u00c7ocuk, kimsenin fark etmedi\u011fi ve \u00f6nemsemedi\u011fi bu \u201ckay\u0131p\u201d yarat\u0131\u011f\u0131n nereye ait oldu\u011funu bulmaya \u00e7al\u0131\u015f\u0131r&#8230;   Shaun Tan\u2019\u0131n kusursuz ve benzersiz tarz\u0131n\u0131n \u00fcr\u00fcn\u00fc olan Kay\u0131p \u015eey, okurunu \u015fu temel soruyla ba\u015f ba\u015fa b\u0131rak\u0131yor: Biz kimiz ve bu d\u00fcnyada ait oldu\u011fumuz bir yer var m\u0131? <\/p>\n","protected":false},"excerpt":{"rendered":"<p>D\u00fcnya \u00e7ap\u0131nda \u00fcnl\u00fc, \u00e7ok \u00f6d\u00fcll\u00fc yazar Shaun Tan\u2019dan aray\u0131\u015fa dair bir hik\u00e2ye&#8230; Sahilde \u015fi\u015fe kapa\u011f\u0131 koleksiyonu i\u00e7in kapak arayan bir \u00e7ocuk, \u00e7ok tuhaf g\u00f6r\u00fcn\u00fc\u015fl\u00fc bir yarat\u0131kla<span class=\"excerpt-hellip\"> [\u2026]<\/span><\/p>\n","protected":false},"featured_media":0,"template":"","meta":{"_monsterinsights_skip_tracking":false,"_monsterinsights_sitenote_active":false,"_monsterinsights_sitenote_note":"","_monsterinsights_sitenote_category":0},"product_brand":[],"product_cat":[12275,12274],"product_tag":[],"class_list":{"0":"post-734140","1":"product","2":"type-product","3":"status-publish","5":"product_cat-6-12-yas-kitaplari","6":"product_cat-cocuk-ve-genclik-kitaplari","7":"pa_cilt-ciltsiz","8":"pa_tur-kitap","9":"pa_yayinevi-ithaki-yayinlari","10":"pa_yazar-shaun-tan","12":"first","13":"instock","14":"sale","15":"shipping-taxable","16":"purchasable","17":"product-type-simple"},"_links":{"self":[{"href":"https:\/\/roveyayinevi.com.tr\/index.php\/wp-json\/wp\/v2\/product\/734140","targetHints":{"allow":["GET"]}}],"collection":[{"href":"https:\/\/roveyayinevi.com.tr\/index.php\/wp-json\/wp\/v2\/product"}],"about":[{"href":"https:\/\/roveyayinevi.com.tr\/index.php\/wp-json\/wp\/v2\/types\/product"}],"wp:attachment":[{"href":"https:\/\/roveyayinevi.com.tr\/index.php\/wp-json\/wp\/v2\/media?parent=734140"}],"wp:term":[{"taxonomy":"product_brand","embeddable":true,"href":"https:\/\/roveyayinevi.com.tr\/index.php\/wp-json\/wp\/v2\/product_brand?post=734140"},{"taxonomy":"product_cat","embeddable":true,"href":"https:\/\/roveyayinevi.com.tr\/index.php\/wp-json\/wp\/v2\/product_cat?post=734140"},{"taxonomy":"product_tag","embeddable":true,"href":"https:\/\/roveyayinevi.com.tr\/index.php\/wp-json\/wp\/v2\/product_tag?post=734140"}],"curies":[{"name":"wp","href":"https:\/\/api.w.org\/{rel}","templated":true}]}}