{"id":734139,"date":"2025-08-27T22:22:45","date_gmt":"2025-08-27T19:22:45","guid":{"rendered":"https:\/\/roveyayinevi.com.tr\/index.php\/urun\/iki-kisilik-yaz\/"},"modified":"2026-04-16T02:41:59","modified_gmt":"2026-04-15T23:41:59","slug":"iki-kisilik-yaz","status":"publish","type":"product","link":"https:\/\/roveyayinevi.com.tr\/index.php\/urun\/iki-kisilik-yaz\/","title":{"rendered":"\u0130ki Ki\u015filik Yaz"},"content":{"rendered":"<p>Sen benim sadece k\u00f6t\u00fc taraflar\u0131m\u0131 g\u00f6steren aynams\u0131n.   Harper Frost, insanlar\u0131n onun hakk\u0131nda ne d\u00fc\u015f\u00fcnd\u00fc\u011f\u00fcn\u00fc umursamazd\u0131. \u00dczerine ne bulduysa ge\u00e7irir, barlarda sabahlar ve yanl\u0131\u015f ki\u015filerle tak\u0131l\u0131rd\u0131. Babas\u0131n\u0131n vefat etmesiyle Martha\u2019s Vineyard\u2019daki evi ona kalm\u0131\u015ft\u0131 ama son ka\u00e7ama\u011f\u0131n\u0131n ard\u0131ndan art\u0131k ne i\u015fi g\u00fcc\u00fc vard\u0131 ne de adada selam\u0131n\u0131 alacak bir tan\u0131d\u0131\u011f\u0131.   Tabitha Frost ise ikizinin tam tersiydi. Sadece kaliteli \u015faraplar i\u00e7er ve modac\u0131 annesinin \u00f6zel tasar\u0131mlar\u0131n\u0131 giyerdi. Herkesin fikirlerine gere\u011finden fazla \u00f6nem vermesine ra\u011fmen, ergenlikle bo\u011fu\u015fan k\u0131z\u0131 Ainsley\u2019yi yeti\u015ftirmek konusunda \u00e7ok da becerikli olmad\u0131\u011f\u0131n\u0131 kabul etmek istemezdi. Annesinin ufak bir kaza ge\u00e7irmesi ise hi\u00e7 de sand\u0131\u011f\u0131 gibi biri olmad\u0131\u011f\u0131n\u0131 ortaya \u00e7\u0131karacakt\u0131.   Onlar\u0131 y\u0131llar \u00f6nce ay\u0131ran ebeveynlerinin d\u00f6kt\u00fcklerini toparlamak ne yaz\u0131k ki on y\u0131ld\u0131r konu\u015fmayan karde\u015flere kalm\u0131\u015ft\u0131. Adalar\u0131, hayatlar\u0131, yalanlar\u0131 ve s\u0131rlar\u0131 de\u011fi\u015f toku\u015f eden Harper ve Tabitha, mevsim d\u00f6nmeden kinlerini bir kenara b\u0131rak\u0131p k\u00fcllerinden do\u011fabilecek miydi?     \u201cElin Hilderbrand, tatil kitaplar\u0131n\u0131n krali\u00e7esi.\u201d \u2014Entertainment Weekly   \u201cKarma\u015f\u0131k aile ili\u015fkileri ve capcanl\u0131 mek\u00e2n tasvirleri sayesinde keyifli bir okuma deneyimi ya\u015fayacaks\u0131n\u0131z.\u201d \u2014Library Journal   \u201cKarakterleri o kadar sevdim ki adada onlarla kalabilmek isterdim.\u201d \u2014Sam Anderson   \u201cElin Hilderbrand, yine bir oturu\u015fta bitirece\u011finiz bir romana imza atm\u0131\u015f.\u201d \u2014Elisabeth Egan   \u201cYak\u0131p kavuran bir hik\u00e2ye.\u201d \u2014Kim Hubbard   \u201cE\u011flenceli ve elinizden b\u0131rakamayaca\u011f\u0131n\u0131z bir tatil roman\u0131.\u201d \u2014Brenda Janowitz   \u201cAda ya\u015fant\u0131s\u0131n\u0131 ba\u015far\u0131yla yans\u0131tm\u0131\u015f.\u201d \u2014Georgea Kovanis   \u201cGer\u00e7eklerden uzakla\u015fmak i\u00e7in birebir.\u201d \u2014Jane Henderson   \u201cElin Hilderbrand\u2019\u0131n u\u00e7suz bucaks\u0131z bir hayal g\u00fcc\u00fc var.\u201d \u2014Vivian Payton   \u201cYazar bu kitapla yepyeni hayranlar kazanacak.\u201d \u2014Joe Meyers <\/p>\n","protected":false},"excerpt":{"rendered":"<p>Sen benim sadece k\u00f6t\u00fc taraflar\u0131m\u0131 g\u00f6steren aynams\u0131n. Harper Frost, insanlar\u0131n onun hakk\u0131nda ne d\u00fc\u015f\u00fcnd\u00fc\u011f\u00fcn\u00fc umursamazd\u0131. \u00dczerine ne bulduysa ge\u00e7irir, barlarda sabahlar ve yanl\u0131\u015f ki\u015filerle tak\u0131l\u0131rd\u0131. Babas\u0131n\u0131n<span class=\"excerpt-hellip\"> [\u2026]<\/span><\/p>\n","protected":false},"featured_media":0,"template":"","meta":{"_monsterinsights_skip_tracking":false,"_monsterinsights_sitenote_active":false,"_monsterinsights_sitenote_note":"","_monsterinsights_sitenote_category":0},"product_brand":[],"product_cat":[12291,12711],"product_tag":[],"class_list":{"0":"post-734139","1":"product","2":"type-product","3":"status-publish","5":"product_cat-edebiyat","6":"product_cat-roman-oyku","7":"pa_cilt-ciltsiz","8":"pa_tur-kitap","9":"pa_yayinevi-yabanci-yayinevi","10":"pa_yazar-elin-hilderbrand","12":"first","13":"instock","14":"sale","15":"shipping-taxable","16":"purchasable","17":"product-type-simple"},"_links":{"self":[{"href":"https:\/\/roveyayinevi.com.tr\/index.php\/wp-json\/wp\/v2\/product\/734139","targetHints":{"allow":["GET"]}}],"collection":[{"href":"https:\/\/roveyayinevi.com.tr\/index.php\/wp-json\/wp\/v2\/product"}],"about":[{"href":"https:\/\/roveyayinevi.com.tr\/index.php\/wp-json\/wp\/v2\/types\/product"}],"wp:attachment":[{"href":"https:\/\/roveyayinevi.com.tr\/index.php\/wp-json\/wp\/v2\/media?parent=734139"}],"wp:term":[{"taxonomy":"product_brand","embeddable":true,"href":"https:\/\/roveyayinevi.com.tr\/index.php\/wp-json\/wp\/v2\/product_brand?post=734139"},{"taxonomy":"product_cat","embeddable":true,"href":"https:\/\/roveyayinevi.com.tr\/index.php\/wp-json\/wp\/v2\/product_cat?post=734139"},{"taxonomy":"product_tag","embeddable":true,"href":"https:\/\/roveyayinevi.com.tr\/index.php\/wp-json\/wp\/v2\/product_tag?post=734139"}],"curies":[{"name":"wp","href":"https:\/\/api.w.org\/{rel}","templated":true}]}}