{"id":734135,"date":"2025-08-27T22:22:41","date_gmt":"2025-08-27T19:22:41","guid":{"rendered":"https:\/\/roveyayinevi.com.tr\/index.php\/urun\/kadin-isterse-asla-yenilmez\/"},"modified":"2026-04-11T02:51:39","modified_gmt":"2026-04-10T23:51:39","slug":"kadin-isterse-asla-yenilmez","status":"publish","type":"product","link":"https:\/\/roveyayinevi.com.tr\/index.php\/urun\/kadin-isterse-asla-yenilmez\/","title":{"rendered":"Kad\u0131n \u0130sterse Asla Yenilmez"},"content":{"rendered":"<p>KEND\u0130N\u0130Z\u0130 \u201cFEDA\u201d EDEREK \u201cK\u00c2R\u201d ELDE EDEMEZS\u0130N\u0130Z.   Bir sabah uyand\u0131m ve yapayaln\u0131z oldu\u011fumu anlad\u0131m. T\u0131pk\u0131 suya yaz\u0131lan bir yaz\u0131yd\u0131 hayat\u0131m, geride ben de dahil olmak \u00fczere hi\u00e7bir \u015fey kalmam\u0131\u015ft\u0131. Hayat\u0131m alt\u00fcst olmu\u015f, her \u015fey bir tarafa savrulmu\u015ftu. T\u0131pk\u0131 kuru yapraklar gibi&#8230; Sonra g\u00f6nl\u00fcme \u015eems\u2019in  s\u00f6zleri d\u00fc\u015ft\u00fc: \u201cNereden biliyorsun hayat\u0131n\u0131n alt\u0131n\u0131n \u00fcst\u00fcnden daha iyi olmayaca\u011f\u0131n\u0131?\u201d \u0130\u015fte o an hayat\u0131mda olu\u015fan bo\u015flu\u011fun ne kadar k\u0131ymetli oldu\u011funu fark ettim. Yeni tohumlar serpebilece\u011fim topraklar\u0131m vard\u0131 art\u0131k, yeni insanlar, yeni bak\u0131\u015f a\u00e7\u0131lar\u0131 sokabilecektim o bo\u015flu\u011fa. O g\u00fcn ba\u015fka bir \u201cben\u201de  yolculu\u011fum ba\u015flad\u0131. \u0130kinci do\u011fumum o sabah b\u00f6yle ger\u00e7ekle\u015fti. \u015eimdi s\u0131ra sizde&#8230; Astrolog Nuray Sayar\u0131 bu kitapta korkular\u0131n\u0131zla nas\u0131l y\u00fczle\u015fece\u011finizi, karma zincirini k\u0131rma yollar\u0131n\u0131, nefsin tuzaklar\u0131ndan kurtulmay\u0131, ruhsal tek\u00e2m\u00fcl\u00fcn a\u015famalar\u0131n\u0131 ve ruhsal d\u00f6n\u00fc\u015f\u00fcm\u00fcn\u00fcz\u00fc tamamlamak i\u00e7in kendi hik\u00e2yenizi nas\u0131l kabullenece\u011finizi anlat\u0131yor. Astrolojinin, rit\u00fcellerin, meditasyonlar\u0131n, dualar\u0131n, bitkilerin ve de\u011ferli ta\u015flar\u0131n rehberli\u011finde kendi g\u00fcc\u00fcn\u00fcz\u00fc ke\u015ffedeceksiniz. <\/p>\n","protected":false},"excerpt":{"rendered":"<p>KEND\u0130N\u0130Z\u0130 \u201cFEDA\u201d EDEREK \u201cK\u00c2R\u201d ELDE EDEMEZS\u0130N\u0130Z. Bir sabah uyand\u0131m ve yapayaln\u0131z oldu\u011fumu anlad\u0131m. T\u0131pk\u0131 suya yaz\u0131lan bir yaz\u0131yd\u0131 hayat\u0131m, geride ben de dahil olmak \u00fczere hi\u00e7bir<span class=\"excerpt-hellip\"> [\u2026]<\/span><\/p>\n","protected":false},"featured_media":0,"template":"","meta":{"_monsterinsights_skip_tracking":false,"_monsterinsights_sitenote_active":false,"_monsterinsights_sitenote_note":"","_monsterinsights_sitenote_category":0},"product_brand":[],"product_cat":[12364,12376],"product_tag":[],"class_list":{"0":"post-734135","1":"product","2":"type-product","3":"status-publish","5":"product_cat-genel-konular","6":"product_cat-kisisel-gelisim","7":"pa_cilt-ciltsiz","8":"pa_tur-kitap","9":"pa_yayinevi-destek-yayinlari","10":"pa_yazar-nuray-sayari","12":"first","13":"instock","14":"sale","15":"shipping-taxable","16":"purchasable","17":"product-type-simple"},"_links":{"self":[{"href":"https:\/\/roveyayinevi.com.tr\/index.php\/wp-json\/wp\/v2\/product\/734135","targetHints":{"allow":["GET"]}}],"collection":[{"href":"https:\/\/roveyayinevi.com.tr\/index.php\/wp-json\/wp\/v2\/product"}],"about":[{"href":"https:\/\/roveyayinevi.com.tr\/index.php\/wp-json\/wp\/v2\/types\/product"}],"wp:attachment":[{"href":"https:\/\/roveyayinevi.com.tr\/index.php\/wp-json\/wp\/v2\/media?parent=734135"}],"wp:term":[{"taxonomy":"product_brand","embeddable":true,"href":"https:\/\/roveyayinevi.com.tr\/index.php\/wp-json\/wp\/v2\/product_brand?post=734135"},{"taxonomy":"product_cat","embeddable":true,"href":"https:\/\/roveyayinevi.com.tr\/index.php\/wp-json\/wp\/v2\/product_cat?post=734135"},{"taxonomy":"product_tag","embeddable":true,"href":"https:\/\/roveyayinevi.com.tr\/index.php\/wp-json\/wp\/v2\/product_tag?post=734135"}],"curies":[{"name":"wp","href":"https:\/\/api.w.org\/{rel}","templated":true}]}}