{"id":734134,"date":"2025-08-27T22:22:40","date_gmt":"2025-08-27T19:22:40","guid":{"rendered":"https:\/\/roveyayinevi.com.tr\/index.php\/urun\/metin-kurt-devrim-ataginda-yalniz-bir-futbolcu\/"},"modified":"2026-04-16T02:41:59","modified_gmt":"2026-04-15T23:41:59","slug":"metin-kurt-devrim-ataginda-yalniz-bir-futbolcu","status":"publish","type":"product","link":"https:\/\/roveyayinevi.com.tr\/index.php\/urun\/metin-kurt-devrim-ataginda-yalniz-bir-futbolcu\/","title":{"rendered":"Metin Kurt &#8211; Devrim Ata\u011f\u0131nda Yaln\u0131z Bir Futbolcu"},"content":{"rendered":"<p>\u201cParsel parsel eylediler, oyun bile oynayacak yerin kalmad\u0131.\u201d   Metin Kurt, y\u0131ld\u0131z bir futbolcuydu. Ba\u015f\u0131n\u0131 \u00f6n\u00fcne e\u011ferek sadece topuyla ilgilenseydi, efsane bir futbolcu oldu\u011fu gibi, efsane bir teknik direkt\u00f6r de olabilirdi pek\u00e2l\u00e2. Ama o, futboldaki bozuk d\u00fczene ba\u015fkald\u0131rd\u0131. Ba\u015fta futbolcular olmak \u00fczere t\u00fcm sporcular i\u00e7in sendikal m\u00fccadele verdi. Bu u\u011furda \u015f\u00f6hretini, mal\u0131n\u0131 m\u00fclk\u00fcn\u00fc, dostlar\u0131n\u0131 kaybetti. Akl\u0131n \u00fcst\u00fcnl\u00fc\u011f\u00fcne haddinden fazla inanan, inat\u00e7\u0131 ve uslanmaz bir hayalperestti. \u0130syan\u0131yla bir Spartak\u00fcs, d\u00fc\u015fleriyle bir Don Ki\u015fot\u2019tu o. Ve bir Che Guevara\u2019yd\u0131. Fikir de \u00fcretti, eyleme de ge\u00e7ti. En a\u015fa\u011f\u0131dan en yukar\u0131ya, bilimsel ve \u00f6zg\u00fcr bir spor i\u00e7in hayat\u0131n\u0131 harcad\u0131. Ye\u015fil sahalardaki devrimci ataklar\u0131nda tak\u0131m arkada\u015flar\u0131 taraf\u0131ndan yaln\u0131z b\u0131rak\u0131lsa da y\u0131lmad\u0131, yenilmedi. Tarih onu, bir\u00e7ok kupas\u0131 olan ancak boyun e\u011fenlerden daha \u00e7ok anacakt\u0131r. <\/p>\n","protected":false},"excerpt":{"rendered":"<p>\u201cParsel parsel eylediler, oyun bile oynayacak yerin kalmad\u0131.\u201d Metin Kurt, y\u0131ld\u0131z bir futbolcuydu. Ba\u015f\u0131n\u0131 \u00f6n\u00fcne e\u011ferek sadece topuyla ilgilenseydi, efsane bir futbolcu oldu\u011fu gibi, efsane bir<span class=\"excerpt-hellip\"> [\u2026]<\/span><\/p>\n","protected":false},"featured_media":0,"template":"","meta":{"_monsterinsights_skip_tracking":false,"_monsterinsights_sitenote_active":false,"_monsterinsights_sitenote_note":"","_monsterinsights_sitenote_category":0},"product_brand":[],"product_cat":[14009,12291],"product_tag":[],"class_list":{"0":"post-734134","1":"product","2":"type-product","3":"status-publish","5":"product_cat-biyografi-otobiyografi-edebiyat","6":"product_cat-edebiyat","7":"pa_cilt-ciltsiz","8":"pa_tur-kitap","9":"pa_yayinevi-destek-yayinlari","10":"pa_yazar-kenan-basaran","12":"first","13":"instock","14":"sale","15":"shipping-taxable","16":"purchasable","17":"product-type-simple"},"_links":{"self":[{"href":"https:\/\/roveyayinevi.com.tr\/index.php\/wp-json\/wp\/v2\/product\/734134","targetHints":{"allow":["GET"]}}],"collection":[{"href":"https:\/\/roveyayinevi.com.tr\/index.php\/wp-json\/wp\/v2\/product"}],"about":[{"href":"https:\/\/roveyayinevi.com.tr\/index.php\/wp-json\/wp\/v2\/types\/product"}],"wp:attachment":[{"href":"https:\/\/roveyayinevi.com.tr\/index.php\/wp-json\/wp\/v2\/media?parent=734134"}],"wp:term":[{"taxonomy":"product_brand","embeddable":true,"href":"https:\/\/roveyayinevi.com.tr\/index.php\/wp-json\/wp\/v2\/product_brand?post=734134"},{"taxonomy":"product_cat","embeddable":true,"href":"https:\/\/roveyayinevi.com.tr\/index.php\/wp-json\/wp\/v2\/product_cat?post=734134"},{"taxonomy":"product_tag","embeddable":true,"href":"https:\/\/roveyayinevi.com.tr\/index.php\/wp-json\/wp\/v2\/product_tag?post=734134"}],"curies":[{"name":"wp","href":"https:\/\/api.w.org\/{rel}","templated":true}]}}