{"id":734132,"date":"2025-08-27T22:22:38","date_gmt":"2025-08-27T19:22:38","guid":{"rendered":"https:\/\/roveyayinevi.com.tr\/index.php\/urun\/mubarek-mahluk-efendi\/"},"modified":"2026-04-16T02:41:59","modified_gmt":"2026-04-15T23:41:59","slug":"mubarek-mahluk-efendi","status":"publish","type":"product","link":"https:\/\/roveyayinevi.com.tr\/index.php\/urun\/mubarek-mahluk-efendi\/","title":{"rendered":"M\u00fcbarek Mahluk Efendi"},"content":{"rendered":"<p>Bu metni bir sahaf gezisine bor\u00e7luyuz. \u00dcsk\u00fcdar\u2019da bir sahafta k\u00fc\u00e7\u00fck bir sand\u0131k i\u00e7erisinde kar\u015f\u0131m\u0131za \u00e7\u0131kan, elyaz\u0131s\u0131yla yaz\u0131lm\u0131\u015f sayfalar, m\u00fcsveddeler, not k\u00e2\u011f\u0131tlar\u0131, defterlerden olu\u015fan \u201cevrak-\u0131 metruke\u201d ve baz\u0131 e\u015fyalar bizi s\u0131ra d\u0131\u015f\u0131 bir yolculu\u011fa \u00e7\u0131kard\u0131&#8230; Ya genel \u00e7er\u00e7evesi iyi d\u00fc\u015f\u00fcn\u00fclm\u00fc\u015f, ger\u00e7ekle hayalin i\u00e7 i\u00e7e ge\u00e7ti\u011fi \u201cfantastik\u201d bir anlat\u0131yla kar\u015f\u0131 kar\u015f\u0131yay\u0131z ya da inan\u0131lmas\u0131 g\u00fc\u00e7 g\u00f6r\u00fcnse de kaz\u0131 yapmay\u0131 gerektirecek kadar \u00f6nemli do\u011fa\u00fcst\u00fc bir vakan\u0131n ipu\u00e7lar\u0131yla\u2026 <\/p>\n","protected":false},"excerpt":{"rendered":"<p>Bu metni bir sahaf gezisine bor\u00e7luyuz. \u00dcsk\u00fcdar\u2019da bir sahafta k\u00fc\u00e7\u00fck bir sand\u0131k i\u00e7erisinde kar\u015f\u0131m\u0131za \u00e7\u0131kan, elyaz\u0131s\u0131yla yaz\u0131lm\u0131\u015f sayfalar, m\u00fcsveddeler, not k\u00e2\u011f\u0131tlar\u0131, defterlerden olu\u015fan \u201cevrak-\u0131 metruke\u201d ve<span class=\"excerpt-hellip\"> [\u2026]<\/span><\/p>\n","protected":false},"featured_media":0,"template":"","meta":{"_monsterinsights_skip_tracking":false,"_monsterinsights_sitenote_active":false,"_monsterinsights_sitenote_note":"","_monsterinsights_sitenote_category":0},"product_brand":[],"product_cat":[12291,12711],"product_tag":[],"class_list":{"0":"post-734132","1":"product","2":"type-product","3":"status-publish","5":"product_cat-edebiyat","6":"product_cat-roman-oyku","7":"pa_cilt-ciltsiz","8":"pa_tur-kitap","9":"pa_yayinevi-kara-karga-yayinlari","10":"pa_yazar-enis-cevdet","12":"first","13":"instock","14":"sale","15":"shipping-taxable","16":"purchasable","17":"product-type-simple"},"_links":{"self":[{"href":"https:\/\/roveyayinevi.com.tr\/index.php\/wp-json\/wp\/v2\/product\/734132","targetHints":{"allow":["GET"]}}],"collection":[{"href":"https:\/\/roveyayinevi.com.tr\/index.php\/wp-json\/wp\/v2\/product"}],"about":[{"href":"https:\/\/roveyayinevi.com.tr\/index.php\/wp-json\/wp\/v2\/types\/product"}],"wp:attachment":[{"href":"https:\/\/roveyayinevi.com.tr\/index.php\/wp-json\/wp\/v2\/media?parent=734132"}],"wp:term":[{"taxonomy":"product_brand","embeddable":true,"href":"https:\/\/roveyayinevi.com.tr\/index.php\/wp-json\/wp\/v2\/product_brand?post=734132"},{"taxonomy":"product_cat","embeddable":true,"href":"https:\/\/roveyayinevi.com.tr\/index.php\/wp-json\/wp\/v2\/product_cat?post=734132"},{"taxonomy":"product_tag","embeddable":true,"href":"https:\/\/roveyayinevi.com.tr\/index.php\/wp-json\/wp\/v2\/product_tag?post=734132"}],"curies":[{"name":"wp","href":"https:\/\/api.w.org\/{rel}","templated":true}]}}