{"id":734131,"date":"2025-08-27T22:22:38","date_gmt":"2025-08-27T19:22:38","guid":{"rendered":"https:\/\/roveyayinevi.com.tr\/index.php\/urun\/guc-ve-tercih-siyaset-bilimine-giris\/"},"modified":"2026-04-16T02:41:59","modified_gmt":"2026-04-15T23:41:59","slug":"guc-ve-tercih-siyaset-bilimine-giris","status":"publish","type":"product","link":"https:\/\/roveyayinevi.com.tr\/index.php\/urun\/guc-ve-tercih-siyaset-bilimine-giris\/","title":{"rendered":"G\u00fc\u00e7 ve Tercih &#8211; Siyaset Bilimine Giri\u015f"},"content":{"rendered":"<p>G\u00fc\u00e7 ve Tercih, siyaseti her y\u00f6n\u00fcyle ele alan bir ba\u015fucu kitab\u0131. Devletin yap\u0131s\u0131ndan ideolojiye, rejim yap\u0131lar\u0131ndan demokrasinin sorunlar\u0131na, kurumlara, \u00e7\u0131kar gruplar\u0131na, hukuk geleneklerine ve somut ekonomik sorunlara kadar geni\u015f bir yelpazeyi ele alan kapsaml\u0131 ama ayn\u0131 zamanda herkesin anlayabilece\u011fi bir dille yaz\u0131lm\u0131\u015f olan bir eser. Kitap, siyaset bilimine bak\u0131\u015f\u0131n\u0131z\u0131 \u015fekillendirecek t\u00fcrden kavramsal bir \u00e7er\u00e7eve sunan temel bilgiler i\u00e7eriyor ve bu bilgileri uygulamaya dair sorun ve tart\u0131\u015fmalarla ili\u015fkilendiriyor.   Shively\u2019nin eseri, \u00f6zellikle sistem aray\u0131\u015f\u0131 i\u00e7erisindeki T\u00fcrkiye gibi geli\u015fmekte olan \u00fclkelerde, insanlar\u0131n bu tart\u0131\u015fmalara girmeden \u00f6nce g\u00f6zden ge\u00e7irmeleri gereken konular\u0131 i\u00e7eriyor. Siyasi tercihler, g\u00fc\u00e7 m\u00fccadeleleri, federalizm, ba\u015fkanl\u0131k sistemi, karar alma s\u00fcre\u00e7leri ve siyasetin temel varolu\u015f nedenleri konusunda tutarl\u0131 ve yararl\u0131 bilgiler sunuyor. Siyaset bilimi, uluslararas\u0131 politika ve kar\u015f\u0131la\u015ft\u0131rmal\u0131 siyaset alanlar\u0131yla ilgilenenlerin ellerinin alt\u0131nda bulundurmak isteyecekleri ve mutlaka okumalar\u0131 gereken bir eser. <\/p>\n","protected":false},"excerpt":{"rendered":"<p>G\u00fc\u00e7 ve Tercih, siyaseti her y\u00f6n\u00fcyle ele alan bir ba\u015fucu kitab\u0131. Devletin yap\u0131s\u0131ndan ideolojiye, rejim yap\u0131lar\u0131ndan demokrasinin sorunlar\u0131na, kurumlara, \u00e7\u0131kar gruplar\u0131na, hukuk geleneklerine ve somut ekonomik<span class=\"excerpt-hellip\"> [\u2026]<\/span><\/p>\n","protected":false},"featured_media":0,"template":"","meta":{"_monsterinsights_skip_tracking":false,"_monsterinsights_sitenote_active":false,"_monsterinsights_sitenote_note":"","_monsterinsights_sitenote_category":0},"product_brand":[],"product_cat":[12337,14706],"product_tag":[],"class_list":{"0":"post-734131","1":"product","2":"type-product","3":"status-publish","5":"product_cat-politika-siyaset","6":"product_cat-siyaset-bilimi","7":"pa_cilt-ciltsiz","8":"pa_tur-kitap","9":"pa_yayinevi-serbest-akademi","10":"pa_yazar-phillips-shively","12":"first","13":"instock","14":"sale","15":"shipping-taxable","16":"purchasable","17":"product-type-simple"},"_links":{"self":[{"href":"https:\/\/roveyayinevi.com.tr\/index.php\/wp-json\/wp\/v2\/product\/734131","targetHints":{"allow":["GET"]}}],"collection":[{"href":"https:\/\/roveyayinevi.com.tr\/index.php\/wp-json\/wp\/v2\/product"}],"about":[{"href":"https:\/\/roveyayinevi.com.tr\/index.php\/wp-json\/wp\/v2\/types\/product"}],"wp:attachment":[{"href":"https:\/\/roveyayinevi.com.tr\/index.php\/wp-json\/wp\/v2\/media?parent=734131"}],"wp:term":[{"taxonomy":"product_brand","embeddable":true,"href":"https:\/\/roveyayinevi.com.tr\/index.php\/wp-json\/wp\/v2\/product_brand?post=734131"},{"taxonomy":"product_cat","embeddable":true,"href":"https:\/\/roveyayinevi.com.tr\/index.php\/wp-json\/wp\/v2\/product_cat?post=734131"},{"taxonomy":"product_tag","embeddable":true,"href":"https:\/\/roveyayinevi.com.tr\/index.php\/wp-json\/wp\/v2\/product_tag?post=734131"}],"curies":[{"name":"wp","href":"https:\/\/api.w.org\/{rel}","templated":true}]}}