{"id":734130,"date":"2025-08-27T22:22:37","date_gmt":"2025-08-27T19:22:37","guid":{"rendered":"https:\/\/roveyayinevi.com.tr\/index.php\/urun\/turk-dis-politikasi\/"},"modified":"2026-04-16T02:41:59","modified_gmt":"2026-04-15T23:41:59","slug":"turk-dis-politikasi","status":"publish","type":"product","link":"https:\/\/roveyayinevi.com.tr\/index.php\/urun\/turk-dis-politikasi\/","title":{"rendered":"T\u00fcrk D\u0131\u015f Politikas\u0131"},"content":{"rendered":"<p>\u0130lk edisyonundan itibaren T\u00fcrk d\u0131\u015f politikas\u0131 \u00fczerine en k\u0131ymetli eserlerden olan William Hale\u2019in 1774\u2019ten G\u00fcn\u00fcm\u00fcze T\u00fcrk D\u0131\u015f Politikas\u0131 kitab\u0131n\u0131n 3. edisyonundan yap\u0131lan bu \u00e7eviri, T\u00fcrklerin d\u00fcnyan\u0131n geri kalan\u0131yla ili\u015fkilerinin en kritik a\u015famaya girdi\u011fi 18. Y\u00fczy\u0131l\u2019\u0131n son \u00e7eyre\u011finden g\u00fcn\u00fcm\u00fcze T\u00fcrk d\u0131\u015f politikas\u0131n\u0131n kapsaml\u0131 ve analitik bir incelemesi niteli\u011findedir.   Son y\u0131llarda T\u00fcrkiye\u2019nin uluslararas\u0131 alandaki rol\u00fc, dramatik bir \u015fekilde de\u011fi\u015fmi\u015f ve artm\u0131\u015ft\u0131r. 3. edisyonda bu de\u011fi\u015fiklikler \u0131\u015f\u0131\u011f\u0131nda b\u00f6l\u00fcmler ve konular yeniden ele al\u0131nm\u0131\u015ft\u0131r. Yeni geli\u015fen olaylar ve ortaya \u00e7\u0131kan yeni fikirlerden faydalanan William Hale, ilk edisyonun a\u00e7\u0131k ve anla\u015f\u0131l\u0131r anlat\u0131m\u0131n\u0131 korurken \u00f6nceki tarihsel anlat\u0131mda dikkatli bir \u015fekilde de\u011fi\u015fikli\u011fe gitmi\u015ftir.   Uzun tarihsel perspektifi, en yeni geli\u015fmelerin detayl\u0131 bir \u015fekilde anlat\u0131m\u0131 ve analiziyle birle\u015ftiren bu kitap, T\u00fcrkiye\u2019nin modern tarihiyle ilgili literat\u00fcrde a\u00e7\u0131k bir \u015fekilde g\u00f6z\u00fcken bir bo\u015flu\u011fu doldurmaktad\u0131r. <\/p>\n","protected":false},"excerpt":{"rendered":"<p>\u0130lk edisyonundan itibaren T\u00fcrk d\u0131\u015f politikas\u0131 \u00fczerine en k\u0131ymetli eserlerden olan William Hale\u2019in 1774\u2019ten G\u00fcn\u00fcm\u00fcze T\u00fcrk D\u0131\u015f Politikas\u0131 kitab\u0131n\u0131n 3. edisyonundan yap\u0131lan bu \u00e7eviri, T\u00fcrklerin d\u00fcnyan\u0131n<span class=\"excerpt-hellip\"> [\u2026]<\/span><\/p>\n","protected":false},"featured_media":0,"template":"","meta":{"_monsterinsights_skip_tracking":false,"_monsterinsights_sitenote_active":false,"_monsterinsights_sitenote_note":"","_monsterinsights_sitenote_category":0},"product_brand":[],"product_cat":[12337,17225],"product_tag":[],"class_list":{"0":"post-734130","1":"product","2":"type-product","3":"status-publish","5":"product_cat-politika-siyaset","6":"product_cat-uluslararasi-iliskiler","7":"pa_cilt-ciltsiz","8":"pa_tur-kitap","9":"pa_yayinevi-serbest-akademi","10":"pa_yazar-william-hale","12":"first","13":"instock","14":"sale","15":"shipping-taxable","16":"purchasable","17":"product-type-simple"},"_links":{"self":[{"href":"https:\/\/roveyayinevi.com.tr\/index.php\/wp-json\/wp\/v2\/product\/734130","targetHints":{"allow":["GET"]}}],"collection":[{"href":"https:\/\/roveyayinevi.com.tr\/index.php\/wp-json\/wp\/v2\/product"}],"about":[{"href":"https:\/\/roveyayinevi.com.tr\/index.php\/wp-json\/wp\/v2\/types\/product"}],"wp:attachment":[{"href":"https:\/\/roveyayinevi.com.tr\/index.php\/wp-json\/wp\/v2\/media?parent=734130"}],"wp:term":[{"taxonomy":"product_brand","embeddable":true,"href":"https:\/\/roveyayinevi.com.tr\/index.php\/wp-json\/wp\/v2\/product_brand?post=734130"},{"taxonomy":"product_cat","embeddable":true,"href":"https:\/\/roveyayinevi.com.tr\/index.php\/wp-json\/wp\/v2\/product_cat?post=734130"},{"taxonomy":"product_tag","embeddable":true,"href":"https:\/\/roveyayinevi.com.tr\/index.php\/wp-json\/wp\/v2\/product_tag?post=734130"}],"curies":[{"name":"wp","href":"https:\/\/api.w.org\/{rel}","templated":true}]}}