{"id":734129,"date":"2025-08-27T22:22:36","date_gmt":"2025-08-27T19:22:36","guid":{"rendered":"https:\/\/roveyayinevi.com.tr\/index.php\/urun\/tom-sawyerin-maceralari-ciltli\/"},"modified":"2026-04-16T02:41:59","modified_gmt":"2026-04-15T23:41:59","slug":"tom-sawyerin-maceralari-ciltli","status":"publish","type":"product","link":"https:\/\/roveyayinevi.com.tr\/index.php\/urun\/tom-sawyerin-maceralari-ciltli\/","title":{"rendered":"Tom Sawyer&#8217;\u0131n Maceralar\u0131 (Ciltli)"},"content":{"rendered":"<p>Mark Twain\u2019in en sevilen yap\u0131tlar\u0131ndan biri olan Tom Sawyer\u2019\u0131n Maceralar\u0131 \u00e7ocuklu\u011fun masum, g\u00fcvenli ve ola\u011fan\u00fcst\u00fc maceralarla dolu evrenine bir \u00f6vg\u00fcd\u00fcr. Roman Mississippi Nehri k\u0131y\u0131s\u0131ndaki k\u00fc\u00e7\u00fck bir kasabada, belirtilmeyen bir d\u00f6nemde ge\u00e7er. Ancak okur evlerde siyahi k\u00f6lelerin bulunmas\u0131ndan hik\u00e2yenin 1830\u2019larda ya da 1840\u2019larda ge\u00e7ti\u011fi sonucuna varabilir. Herkesin herkesi tan\u0131d\u0131\u011f\u0131, yeti\u015fkinlerin \u00e7ocuklar\u0131 e\u011fitmek ve disipline sokmak i\u00e7in birlikte \u00e7al\u0131\u015ft\u0131klar\u0131 bu k\u00fc\u00e7\u00fck kasabada, herkes g\u00f6r\u00fcnd\u00fc\u011f\u00fc gibi midir? Roman insan do\u011fas\u0131n\u0131n ikiy\u00fczl\u00fcl\u00fc\u011f\u00fcn\u00fc, bencilli\u011fini, maddi de\u011ferlere d\u00fc\u015fk\u00fcnl\u00fc\u011f\u00fcn\u00fc ve Amerikan ta\u015fras\u0131ndaki k\u00fc\u00e7\u00fck kasaba ruhunu m\u00fckemmel bi\u00e7imde yans\u0131t\u0131r. Twain, iyi kalpli, ancak her daim haylazl\u0131k pe\u015findeki Tom ve arkada\u015flar\u0131n\u0131n maceralar\u0131n\u0131 ger\u00e7ek\u00e7i bir dille aktar\u0131rken, al\u0131\u015f\u0131lm\u0131\u015f terbiyeli ve \u00f6rnek \u00e7ocuk imgesini de y\u0131kar. Yap\u0131t\u0131n ku\u015faklar boyu her ya\u015ftan okura hitap etmesinin s\u0131rr\u0131, belki de \u00e7ocuk akl\u0131n\u0131n nas\u0131l i\u015fledi\u011fini bize hat\u0131rlatmas\u0131nda; yeti\u015fkin d\u00fcnyas\u0131ndan ans\u0131z\u0131n \u00e7ocuklu\u011fa \u0131\u015f\u0131nlanman\u0131n paha bi\u00e7ilmez de\u011ferinde yatar. <\/p>\n","protected":false},"excerpt":{"rendered":"<p>Mark Twain\u2019in en sevilen yap\u0131tlar\u0131ndan biri olan Tom Sawyer\u2019\u0131n Maceralar\u0131 \u00e7ocuklu\u011fun masum, g\u00fcvenli ve ola\u011fan\u00fcst\u00fc maceralarla dolu evrenine bir \u00f6vg\u00fcd\u00fcr. Roman Mississippi Nehri k\u0131y\u0131s\u0131ndaki k\u00fc\u00e7\u00fck bir<span class=\"excerpt-hellip\"> [\u2026]<\/span><\/p>\n","protected":false},"featured_media":0,"template":"","meta":{"_monsterinsights_skip_tracking":false,"_monsterinsights_sitenote_active":false,"_monsterinsights_sitenote_note":"","_monsterinsights_sitenote_category":0},"product_brand":[],"product_cat":[12291,26797],"product_tag":[],"class_list":{"0":"post-734129","1":"product","2":"type-product","3":"status-publish","5":"product_cat-edebiyat","6":"product_cat-modern-klasikler","7":"pa_cilt-ciltli","8":"pa_tur-kitap","9":"pa_yayinevi-is-bankasi-kultur-yayinlari","10":"pa_yazar-mark-twain","12":"first","13":"instock","14":"sale","15":"shipping-taxable","16":"purchasable","17":"product-type-simple"},"_links":{"self":[{"href":"https:\/\/roveyayinevi.com.tr\/index.php\/wp-json\/wp\/v2\/product\/734129","targetHints":{"allow":["GET"]}}],"collection":[{"href":"https:\/\/roveyayinevi.com.tr\/index.php\/wp-json\/wp\/v2\/product"}],"about":[{"href":"https:\/\/roveyayinevi.com.tr\/index.php\/wp-json\/wp\/v2\/types\/product"}],"wp:attachment":[{"href":"https:\/\/roveyayinevi.com.tr\/index.php\/wp-json\/wp\/v2\/media?parent=734129"}],"wp:term":[{"taxonomy":"product_brand","embeddable":true,"href":"https:\/\/roveyayinevi.com.tr\/index.php\/wp-json\/wp\/v2\/product_brand?post=734129"},{"taxonomy":"product_cat","embeddable":true,"href":"https:\/\/roveyayinevi.com.tr\/index.php\/wp-json\/wp\/v2\/product_cat?post=734129"},{"taxonomy":"product_tag","embeddable":true,"href":"https:\/\/roveyayinevi.com.tr\/index.php\/wp-json\/wp\/v2\/product_tag?post=734129"}],"curies":[{"name":"wp","href":"https:\/\/api.w.org\/{rel}","templated":true}]}}