{"id":734128,"date":"2025-08-27T22:22:34","date_gmt":"2025-08-27T19:22:34","guid":{"rendered":"https:\/\/roveyayinevi.com.tr\/index.php\/urun\/konusan-kemik\/"},"modified":"2026-04-16T02:41:59","modified_gmt":"2026-04-15T23:41:59","slug":"konusan-kemik","status":"publish","type":"product","link":"https:\/\/roveyayinevi.com.tr\/index.php\/urun\/konusan-kemik\/","title":{"rendered":"Konu\u015fan Kemik"},"content":{"rendered":"<p>Y\u00fcz y\u0131ldan daha uzun bir s\u00fcre \u00f6nce, Samkad ad\u0131nda bir \u00e7ocuk d\u00fcnya hakk\u0131nda her \u015feyi bildi\u011fini d\u00fc\u015f\u00fcn\u00fcyordu; ya\u015fad\u0131\u011f\u0131 da\u011flar\u0131 bilir, halk\u0131n\u0131 tan\u0131rd\u0131. Tek iste\u011fi kalkan\u0131n\u0131 ve m\u0131zra\u011f\u0131n\u0131 eline alabilecek ya\u015fa gelip, sava\u015f\u00e7\u0131 olabilmekti. En iyi arkada\u015f\u0131 Luki de Samkad\u2019la ayn\u0131 \u015feyleri istiyordu; fakat hi\u00e7bir k\u0131z \u00e7ocu\u011funun onlar\u0131n halk\u0131nda sava\u015f\u00e7\u0131 olma \u015fans\u0131 yoktu.Bir g\u00fcn k\u00f6ye uzaklardan yeni bir \u00e7ocuk gelir ve her \u015fey de\u011fi\u015fir. Samkad\u2019la arkada\u015f olurlar ama bu \u00e7ocuk onlardan \u00e7ok farkl\u0131d\u0131r. Onun geli\u015fi k\u00f6ylerine sava\u015f ve y\u0131k\u0131m getiren \u2018Amerikal\u0131lar\u0131n\u2019 habercisi olacakt\u0131r.&#8221;Harika bir roman\u2026 Etkisini uzun s\u00fcre \u00fczerimden atamayaca\u011f\u0131m.&#8221; -Elizabeth Laird<\/p>\n","protected":false},"excerpt":{"rendered":"<p>Y\u00fcz y\u0131ldan daha uzun bir s\u00fcre \u00f6nce, Samkad ad\u0131nda bir \u00e7ocuk d\u00fcnya hakk\u0131nda her \u015feyi bildi\u011fini d\u00fc\u015f\u00fcn\u00fcyordu; ya\u015fad\u0131\u011f\u0131 da\u011flar\u0131 bilir, halk\u0131n\u0131 tan\u0131rd\u0131. Tek iste\u011fi kalkan\u0131n\u0131 ve<span class=\"excerpt-hellip\"> [\u2026]<\/span><\/p>\n","protected":false},"featured_media":0,"template":"","meta":{"_monsterinsights_skip_tracking":false,"_monsterinsights_sitenote_active":false,"_monsterinsights_sitenote_note":"","_monsterinsights_sitenote_category":0},"product_brand":[],"product_cat":[12291,12711],"product_tag":[],"class_list":{"0":"post-734128","1":"product","2":"type-product","3":"status-publish","5":"product_cat-edebiyat","6":"product_cat-roman-oyku","7":"pa_cilt-ciltsiz","8":"pa_tur-kitap","9":"pa_yayinevi-eksik-parca-yayinlari","10":"pa_yazar-candy-gourlay","12":"first","13":"instock","14":"sale","15":"shipping-taxable","16":"purchasable","17":"product-type-simple"},"_links":{"self":[{"href":"https:\/\/roveyayinevi.com.tr\/index.php\/wp-json\/wp\/v2\/product\/734128","targetHints":{"allow":["GET"]}}],"collection":[{"href":"https:\/\/roveyayinevi.com.tr\/index.php\/wp-json\/wp\/v2\/product"}],"about":[{"href":"https:\/\/roveyayinevi.com.tr\/index.php\/wp-json\/wp\/v2\/types\/product"}],"wp:attachment":[{"href":"https:\/\/roveyayinevi.com.tr\/index.php\/wp-json\/wp\/v2\/media?parent=734128"}],"wp:term":[{"taxonomy":"product_brand","embeddable":true,"href":"https:\/\/roveyayinevi.com.tr\/index.php\/wp-json\/wp\/v2\/product_brand?post=734128"},{"taxonomy":"product_cat","embeddable":true,"href":"https:\/\/roveyayinevi.com.tr\/index.php\/wp-json\/wp\/v2\/product_cat?post=734128"},{"taxonomy":"product_tag","embeddable":true,"href":"https:\/\/roveyayinevi.com.tr\/index.php\/wp-json\/wp\/v2\/product_tag?post=734128"}],"curies":[{"name":"wp","href":"https:\/\/api.w.org\/{rel}","templated":true}]}}