{"id":734126,"date":"2025-08-27T22:22:32","date_gmt":"2025-08-27T19:22:32","guid":{"rendered":"https:\/\/roveyayinevi.com.tr\/index.php\/urun\/brody-luckystarin-rekoru-ne-ciltli\/"},"modified":"2026-04-08T02:51:11","modified_gmt":"2026-04-07T23:51:11","slug":"brody-luckystarin-rekoru-ne-ciltli","status":"publish","type":"product","link":"https:\/\/roveyayinevi.com.tr\/index.php\/urun\/brody-luckystarin-rekoru-ne-ciltli\/","title":{"rendered":"Brody Luckystar\u2019\u0131n Rekoru Ne? (Ciltli)"},"content":{"rendered":"<p>Bir dakika!Arka kapag\u0306\u0131 okudug\u0306una g\u00f6re Brody Luckystar\u2019\u0131n rekorunu ger\u00e7ekten merak etmis\u0327 olmal\u0131s\u0131n.Senin k\u0131vrak zekal\u0131 bir okur oldug\u0306unu tahmin ediyorum. \u00d6g\u0306renmezsen geceleri r\u00fcyana girecek olan rekoru arka kapakta bulamayacag\u0306\u0131n\u0131 zaten biliyorsun. \u00d6yle deg\u0306il mi?S\u0131radan rekor hikayelerini unut. Bu i\u00e7inde \u00c7in Duvar\u0131, ag\u0306ustos b\u00f6cekleri, aniden \u00e7\u0131kan f\u0131rt\u0131na, Tibet\u2019in gen\u00e7lik p\u0131nar\u0131 ve kabakl\u0131 bir s\u0327eylerin oldug\u0306u olag\u0306an d\u0131s\u0327\u0131 bir rekor hikayesi.\u00dcstelik, yeterince h\u0131zl\u0131 okursan Brody\u2019nin hangi rekoru k\u0131rd\u0131g\u0306\u0131n\u0131 \u00f6g\u0306renmekle kalmaz belki sen de yepyeni bir rekora imza atars\u0131n?<\/p>\n","protected":false},"excerpt":{"rendered":"<p>Bir dakika!Arka kapag\u0306\u0131 okudug\u0306una g\u00f6re Brody Luckystar\u2019\u0131n rekorunu ger\u00e7ekten merak etmis\u0327 olmal\u0131s\u0131n.Senin k\u0131vrak zekal\u0131 bir okur oldug\u0306unu tahmin ediyorum. \u00d6g\u0306renmezsen geceleri r\u00fcyana girecek olan rekoru arka<span class=\"excerpt-hellip\"> [\u2026]<\/span><\/p>\n","protected":false},"featured_media":0,"template":"","meta":{"_monsterinsights_skip_tracking":false,"_monsterinsights_sitenote_active":false,"_monsterinsights_sitenote_note":"","_monsterinsights_sitenote_category":0},"product_brand":[],"product_cat":[12275,12274],"product_tag":[],"class_list":{"0":"post-734126","1":"product","2":"type-product","3":"status-publish","5":"product_cat-6-12-yas-kitaplari","6":"product_cat-cocuk-ve-genclik-kitaplari","7":"pa_cilt-ciltli","8":"pa_tur-kitap","9":"pa_yayinevi-eksik-parca-yayinlari","10":"pa_yazar-afak-p-hasani","12":"first","13":"instock","14":"sale","15":"shipping-taxable","16":"purchasable","17":"product-type-simple"},"_links":{"self":[{"href":"https:\/\/roveyayinevi.com.tr\/index.php\/wp-json\/wp\/v2\/product\/734126","targetHints":{"allow":["GET"]}}],"collection":[{"href":"https:\/\/roveyayinevi.com.tr\/index.php\/wp-json\/wp\/v2\/product"}],"about":[{"href":"https:\/\/roveyayinevi.com.tr\/index.php\/wp-json\/wp\/v2\/types\/product"}],"wp:attachment":[{"href":"https:\/\/roveyayinevi.com.tr\/index.php\/wp-json\/wp\/v2\/media?parent=734126"}],"wp:term":[{"taxonomy":"product_brand","embeddable":true,"href":"https:\/\/roveyayinevi.com.tr\/index.php\/wp-json\/wp\/v2\/product_brand?post=734126"},{"taxonomy":"product_cat","embeddable":true,"href":"https:\/\/roveyayinevi.com.tr\/index.php\/wp-json\/wp\/v2\/product_cat?post=734126"},{"taxonomy":"product_tag","embeddable":true,"href":"https:\/\/roveyayinevi.com.tr\/index.php\/wp-json\/wp\/v2\/product_tag?post=734126"}],"curies":[{"name":"wp","href":"https:\/\/api.w.org\/{rel}","templated":true}]}}