{"id":734115,"date":"2025-08-27T22:22:21","date_gmt":"2025-08-27T19:22:21","guid":{"rendered":"https:\/\/roveyayinevi.com.tr\/index.php\/urun\/minimalizm-geriye-kalan-hersey\/"},"modified":"2026-04-13T02:51:26","modified_gmt":"2026-04-12T23:51:26","slug":"minimalizm-geriye-kalan-hersey","status":"publish","type":"product","link":"https:\/\/roveyayinevi.com.tr\/index.php\/urun\/minimalizm-geriye-kalan-hersey\/","title":{"rendered":"Minimalizm &#8211; Geriye Kalan Her\u015fey"},"content":{"rendered":"<p>Minimalistler Taraf\u0131ndan Kaleme Al\u0131nm\u0131\u015f Bir Hat\u0131ratGeriye Kalan Her \u015eey, gen\u00e7 bir adam\u0131n her \u015feyden vazge\u00e7meye karar vererek daha incelikli bir \u015fekilde ya\u015famaya ba\u015flad\u0131\u011f\u0131 zaman neler olaca\u011f\u0131na dair dokunakl\u0131, \u015fa\u015f\u0131rt\u0131c\u0131 bir hik\u00e2ye. Y\u00fcrek burkucu, ne\u015feli ve derinlemesine ki\u015fisel olan bu ilgi \u00e7ekici hat\u0131rat, Millburn\u2019un yirmi k\u00fcsur y\u0131ll\u0131k dostu Ryan Nicodemus\u2019un i\u00e7 g\u00f6r\u00fcl\u00fc -ve genellikle de komik- lafa kar\u0131\u015fmalar\u0131yla daha da lezzetli h\u00e2le geliyor.\u201cDaha az \u015feyle \u2018anlaml\u0131 bir ya\u015fam\u2019 s\u00fcrmek i\u00e7in cazip maa\u015flar\u0131n\u0131 ve sahipliklerle bezeli hayat \u015fekillerini 20\u2019li ya\u015flar\u0131n\u0131n sonunda isteyerek terk eden iki eski kurumsal y\u00f6netici.\u201d-Business Insider\u201cT\u00fcketimi s\u0131n\u0131rland\u0131rarak kontrol\u00fc tekrar ele almak ve anlaml\u0131 hayatlar ya\u015famak.\u201d-Forbes\u201cAilenize ay\u0131rmak \u00fczere daha fazla zaman yarat\u0131n ve nihai olarak hayat\u0131n\u0131z\u0131 sadele\u015ftirin.\u201d-Colorado Parent Magazine<\/p>\n","protected":false},"excerpt":{"rendered":"<p>Minimalistler Taraf\u0131ndan Kaleme Al\u0131nm\u0131\u015f Bir Hat\u0131ratGeriye Kalan Her \u015eey, gen\u00e7 bir adam\u0131n her \u015feyden vazge\u00e7meye karar vererek daha incelikli bir \u015fekilde ya\u015famaya ba\u015flad\u0131\u011f\u0131 zaman neler olaca\u011f\u0131na<span class=\"excerpt-hellip\"> [\u2026]<\/span><\/p>\n","protected":false},"featured_media":0,"template":"","meta":{"_monsterinsights_skip_tracking":false,"_monsterinsights_sitenote_active":false,"_monsterinsights_sitenote_note":"","_monsterinsights_sitenote_category":0},"product_brand":[],"product_cat":[12364,12376],"product_tag":[],"class_list":{"0":"post-734115","1":"product","2":"type-product","3":"status-publish","5":"product_cat-genel-konular","6":"product_cat-kisisel-gelisim","7":"pa_cilt-ciltsiz","8":"pa_tur-kitap","9":"pa_yayinevi-eksik-parca-yayinlari","10":"pa_yazar-joshua-fields-millburn-ryan-nicodemus","12":"first","13":"instock","14":"sale","15":"shipping-taxable","16":"purchasable","17":"product-type-simple"},"_links":{"self":[{"href":"https:\/\/roveyayinevi.com.tr\/index.php\/wp-json\/wp\/v2\/product\/734115","targetHints":{"allow":["GET"]}}],"collection":[{"href":"https:\/\/roveyayinevi.com.tr\/index.php\/wp-json\/wp\/v2\/product"}],"about":[{"href":"https:\/\/roveyayinevi.com.tr\/index.php\/wp-json\/wp\/v2\/types\/product"}],"wp:attachment":[{"href":"https:\/\/roveyayinevi.com.tr\/index.php\/wp-json\/wp\/v2\/media?parent=734115"}],"wp:term":[{"taxonomy":"product_brand","embeddable":true,"href":"https:\/\/roveyayinevi.com.tr\/index.php\/wp-json\/wp\/v2\/product_brand?post=734115"},{"taxonomy":"product_cat","embeddable":true,"href":"https:\/\/roveyayinevi.com.tr\/index.php\/wp-json\/wp\/v2\/product_cat?post=734115"},{"taxonomy":"product_tag","embeddable":true,"href":"https:\/\/roveyayinevi.com.tr\/index.php\/wp-json\/wp\/v2\/product_tag?post=734115"}],"curies":[{"name":"wp","href":"https:\/\/api.w.org\/{rel}","templated":true}]}}