{"id":734114,"date":"2025-08-27T22:22:20","date_gmt":"2025-08-27T19:22:20","guid":{"rendered":"https:\/\/roveyayinevi.com.tr\/index.php\/urun\/icat-cikarma-2\/"},"modified":"2026-04-16T02:41:58","modified_gmt":"2026-04-15T23:41:58","slug":"icat-cikarma-2","status":"publish","type":"product","link":"https:\/\/roveyayinevi.com.tr\/index.php\/urun\/icat-cikarma-2\/","title":{"rendered":"\u0130cat \u00c7\u0131karma! 2"},"content":{"rendered":"<p>\u00c7apk\u0131nl\u0131k pe\u015findeyseniz g\u00f6zl\u00fck takmay\u0131n.Di\u015flerinizi f\u0131r\u00e7alay\u0131n ve kalp krizi riskini azalt\u0131n.Sak\u0131z \u00e7i\u011fneyin ve haf\u0131zan\u0131z g\u00fc\u00e7lensin.Uyuyakal\u0131n ve kilo verin.Poz verirken sa\u011f yana\u011f\u0131n\u0131z\u0131 g\u00f6sterin ve daha ak\u0131ll\u0131 g\u00f6r\u00fcn\u00fcn.De\u011ferli e\u015fyalar\u0131n\u0131z\u0131 \u00e7ocuklar\u0131n\u0131z\u0131n odas\u0131nda saklay\u0131n.\u0130shalden mi \u015fik\u00e2yet\u00e7isiniz? \u00c7ikolata yiyin.Ortada oturun ve daha ak\u0131ll\u0131 g\u00f6r\u00fcn\u00fcn.En sona kal\u0131n ve kazanma \u015fans\u0131n\u0131z arts\u0131n.<\/p>\n","protected":false},"excerpt":{"rendered":"<p>\u00c7apk\u0131nl\u0131k pe\u015findeyseniz g\u00f6zl\u00fck takmay\u0131n.Di\u015flerinizi f\u0131r\u00e7alay\u0131n ve kalp krizi riskini azalt\u0131n.Sak\u0131z \u00e7i\u011fneyin ve haf\u0131zan\u0131z g\u00fc\u00e7lensin.Uyuyakal\u0131n ve kilo verin.Poz verirken sa\u011f yana\u011f\u0131n\u0131z\u0131 g\u00f6sterin ve daha ak\u0131ll\u0131 g\u00f6r\u00fcn\u00fcn.De\u011ferli e\u015fyalar\u0131n\u0131z\u0131<span class=\"excerpt-hellip\"> [\u2026]<\/span><\/p>\n","protected":false},"featured_media":0,"template":"","meta":{"_monsterinsights_skip_tracking":false,"_monsterinsights_sitenote_active":false,"_monsterinsights_sitenote_note":"","_monsterinsights_sitenote_category":0},"product_brand":[],"product_cat":[13005,13006],"product_tag":[],"class_list":{"0":"post-734114","1":"product","2":"type-product","3":"status-publish","5":"product_cat-bilim-muhendislik","6":"product_cat-populer-bilim","7":"pa_cilt-ciltsiz","8":"pa_tur-kitap","9":"pa_yayinevi-eksik-parca-yayinlari","10":"pa_yazar-rik-kuiper-tonie-mudde","12":"first","13":"instock","14":"sale","15":"shipping-taxable","16":"purchasable","17":"product-type-simple"},"_links":{"self":[{"href":"https:\/\/roveyayinevi.com.tr\/index.php\/wp-json\/wp\/v2\/product\/734114","targetHints":{"allow":["GET"]}}],"collection":[{"href":"https:\/\/roveyayinevi.com.tr\/index.php\/wp-json\/wp\/v2\/product"}],"about":[{"href":"https:\/\/roveyayinevi.com.tr\/index.php\/wp-json\/wp\/v2\/types\/product"}],"wp:attachment":[{"href":"https:\/\/roveyayinevi.com.tr\/index.php\/wp-json\/wp\/v2\/media?parent=734114"}],"wp:term":[{"taxonomy":"product_brand","embeddable":true,"href":"https:\/\/roveyayinevi.com.tr\/index.php\/wp-json\/wp\/v2\/product_brand?post=734114"},{"taxonomy":"product_cat","embeddable":true,"href":"https:\/\/roveyayinevi.com.tr\/index.php\/wp-json\/wp\/v2\/product_cat?post=734114"},{"taxonomy":"product_tag","embeddable":true,"href":"https:\/\/roveyayinevi.com.tr\/index.php\/wp-json\/wp\/v2\/product_tag?post=734114"}],"curies":[{"name":"wp","href":"https:\/\/api.w.org\/{rel}","templated":true}]}}