{"id":734111,"date":"2025-08-27T22:22:17","date_gmt":"2025-08-27T19:22:17","guid":{"rendered":"https:\/\/roveyayinevi.com.tr\/index.php\/urun\/devam-agaci\/"},"modified":"2026-04-16T02:41:58","modified_gmt":"2026-04-15T23:41:58","slug":"devam-agaci","status":"publish","type":"product","link":"https:\/\/roveyayinevi.com.tr\/index.php\/urun\/devam-agaci\/","title":{"rendered":"Devam A\u011fac\u0131"},"content":{"rendered":"<p>Devam A\u011fac\u0131, Murathan Mungan\u2019\u0131n \u00e7e\u015fitli tarihlerde farkl\u0131 mek\u00e2nlarda yapt\u0131\u011f\u0131 dokuz konu\u015fman\u0131n metinlerini bir araya getiriyor. Mungan\u2019\u0131n genel olarak hayatta ve sanatta kendine dert edindi\u011fi meselelere, temel \u00f6l\u00e7\u00fctlerine, yaz\u0131 d\u00fcnyas\u0131n\u0131n temalar\u0131na ili\u015fkin ayd\u0131nlat\u0131c\u0131 ipu\u00e7lar\u0131 ta\u015f\u0131yan, sosyolojik bir kadraja al\u0131nm\u0131\u015f metinler bunlar. Devam A\u011fac\u0131 metinleri okura kendi d\u00fcnyas\u0131n\u0131 olu\u015fturabilmi\u015f yarat\u0131c\u0131 bir sanat\u00e7\u0131n\u0131n yoluna devam ederkenki \u0131srar\u0131n\u0131 g\u00f6steriyor; y\u0131llara yay\u0131lm\u0131\u015f hassasiyetlerin, dikkatlerin \u00fczerinden ge\u00e7iyor, bazen de bunlar\u0131n alt\u0131n\u0131 \u00e7iziyor. <\/p>\n","protected":false},"excerpt":{"rendered":"<p>Devam A\u011fac\u0131, Murathan Mungan\u2019\u0131n \u00e7e\u015fitli tarihlerde farkl\u0131 mek\u00e2nlarda yapt\u0131\u011f\u0131 dokuz konu\u015fman\u0131n metinlerini bir araya getiriyor. Mungan\u2019\u0131n genel olarak hayatta ve sanatta kendine dert edindi\u011fi meselelere, temel<span class=\"excerpt-hellip\"> [\u2026]<\/span><\/p>\n","protected":false},"featured_media":0,"template":"","meta":{"_monsterinsights_skip_tracking":false,"_monsterinsights_sitenote_active":false,"_monsterinsights_sitenote_note":"","_monsterinsights_sitenote_category":0},"product_brand":[],"product_cat":[12777,12291],"product_tag":[],"class_list":{"0":"post-734111","1":"product","2":"type-product","3":"status-publish","5":"product_cat-deneme","6":"product_cat-edebiyat","7":"pa_cilt-ciltsiz","8":"pa_tur-kitap","9":"pa_yayinevi-metis-yayinlari","10":"pa_yazar-murathan-mungan","12":"first","13":"instock","14":"sale","15":"shipping-taxable","16":"purchasable","17":"product-type-simple"},"_links":{"self":[{"href":"https:\/\/roveyayinevi.com.tr\/index.php\/wp-json\/wp\/v2\/product\/734111","targetHints":{"allow":["GET"]}}],"collection":[{"href":"https:\/\/roveyayinevi.com.tr\/index.php\/wp-json\/wp\/v2\/product"}],"about":[{"href":"https:\/\/roveyayinevi.com.tr\/index.php\/wp-json\/wp\/v2\/types\/product"}],"wp:attachment":[{"href":"https:\/\/roveyayinevi.com.tr\/index.php\/wp-json\/wp\/v2\/media?parent=734111"}],"wp:term":[{"taxonomy":"product_brand","embeddable":true,"href":"https:\/\/roveyayinevi.com.tr\/index.php\/wp-json\/wp\/v2\/product_brand?post=734111"},{"taxonomy":"product_cat","embeddable":true,"href":"https:\/\/roveyayinevi.com.tr\/index.php\/wp-json\/wp\/v2\/product_cat?post=734111"},{"taxonomy":"product_tag","embeddable":true,"href":"https:\/\/roveyayinevi.com.tr\/index.php\/wp-json\/wp\/v2\/product_tag?post=734111"}],"curies":[{"name":"wp","href":"https:\/\/api.w.org\/{rel}","templated":true}]}}