{"id":734109,"date":"2025-08-27T22:22:15","date_gmt":"2025-08-27T19:22:15","guid":{"rendered":"https:\/\/roveyayinevi.com.tr\/index.php\/urun\/abd-yol-ayriminda-ciltli\/"},"modified":"2026-04-16T02:41:58","modified_gmt":"2026-04-15T23:41:58","slug":"abd-yol-ayriminda-ciltli","status":"publish","type":"product","link":"https:\/\/roveyayinevi.com.tr\/index.php\/urun\/abd-yol-ayriminda-ciltli\/","title":{"rendered":"ABD Yol Ayr\u0131m\u0131nda (Ciltli)"},"content":{"rendered":"<p>Dolar imparatorlu\u011funun \u00e7\u00f6kmekte oldu\u011fu g\u00fcnleri ya\u015f\u0131yoruz. Art\u0131k d\u00fcnyada ABD&#8217;nin borusu \u00f6tm\u00fcyor, Atlantik \u00c7a\u011f\u0131n\u0131n sonuna geldik ve Kamucu Asya Uygarl\u0131\u011f\u0131 y\u00fckseliyor. ABD, bu ko\u015fullarda bir yol ayr\u0131m\u0131na geldi. Do\u011fu Perin\u00e7ek, bu kitab\u0131nda ABD&#8217;nin \u00f6n\u00fcndeki se\u00e7enekleri toplumsal-ekonomik s\u00fcre\u00e7ler zemininde ele al\u0131yor. Kitap, ABD&#8217;nin bundan sonraki ser\u00fcvenini belirleyen i\u00e7 ve d\u0131\u015f etkenleri Atlantik sisteminin s\u0131n\u0131rlar\u0131ndan ba\u011f\u0131ms\u0131z olarak de\u011ferlendiriyor. \u00d6n\u00fcm\u00fczdeki s\u00fcre\u00e7te ABD&#8217;nin, Washington ve Lincoln gibi \u00f6nderlerde simgele\u015fen devrimci tarihinin de bir s\u00f6z\u00fc olacakt\u0131r. Bu kitab\u0131n temel tezine g\u00f6re de son s\u00f6z\u00fc i\u015fte o devrimci tarih s\u00f6yleyecektir.   Dolar saltanat\u0131n\u0131n y\u00fckseli\u015fi ve y\u0131k\u0131l\u0131\u015f\u0131\u2026 ABD\u2019nin hara\u00e7 sistemi\u2026 \u015ei\u015firilen dolar balonu patlad\u0131, patlayacak\u2026 ABD hegemonyas\u0131n\u0131n sonu ve sonras\u0131\u2026 ABD\u2019nin T\u00fcrkiye \u00e7\u0131kmaz\u0131 ve i\u00e7 y\u0131k\u0131c\u0131l\u0131k faaliyeti\u2026 T\u00fcrkiye\u2019nin Atlantik dersleri\u2026 Atlantik\u2019ten Avrasya\u2019ya\u2026 Gerileyen ABD, y\u00fckselen \u00c7in\u2026 Gelece\u011fe d\u00f6n\u00fck bilimsel bak\u0131\u015f\u2026 Tek di\u015fi kalm\u0131\u015f canavar: Biden\u2026 Emperyalizm ve hegemonyac\u0131l\u0131k kavramlar\u0131\u2026       \u201c\u2026Hayat\u0131m\u0131z \u00f6zetle ABD emperyalizmiyle g\u00f6\u011f\u00fcs g\u00f6\u011f\u00fcse \u00e7arp\u0131\u015fmalarla ge\u00e7ti. Biz ABD&#8217;yi ABD emperyalizmiyle sava\u015farak \u00f6\u011frendik. Biliyorduk, ABD emperyalizminin de bir sonu vard\u0131\u201d (Do\u011fu Perin\u00e7ek)<\/p>\n","protected":false},"excerpt":{"rendered":"<p>Dolar imparatorlu\u011funun \u00e7\u00f6kmekte oldu\u011fu g\u00fcnleri ya\u015f\u0131yoruz. Art\u0131k d\u00fcnyada ABD&#8217;nin borusu \u00f6tm\u00fcyor, Atlantik \u00c7a\u011f\u0131n\u0131n sonuna geldik ve Kamucu Asya Uygarl\u0131\u011f\u0131 y\u00fckseliyor. ABD, bu ko\u015fullarda bir yol ayr\u0131m\u0131na<span class=\"excerpt-hellip\"> [\u2026]<\/span><\/p>\n","protected":false},"featured_media":0,"template":"","meta":{"_monsterinsights_skip_tracking":false,"_monsterinsights_sitenote_active":false,"_monsterinsights_sitenote_note":"","_monsterinsights_sitenote_category":0},"product_brand":[],"product_cat":[13590,12337],"product_tag":[],"class_list":{"0":"post-734109","1":"product","2":"type-product","3":"status-publish","5":"product_cat-arastirma-inceleme-politika-siyaset","6":"product_cat-politika-siyaset","7":"pa_cilt-ciltli","8":"pa_tur-kitap","9":"pa_yayinevi-kaynak-yayinlari","10":"pa_yazar-dogu-perincek","12":"first","13":"instock","14":"sale","15":"shipping-taxable","16":"purchasable","17":"product-type-simple"},"_links":{"self":[{"href":"https:\/\/roveyayinevi.com.tr\/index.php\/wp-json\/wp\/v2\/product\/734109","targetHints":{"allow":["GET"]}}],"collection":[{"href":"https:\/\/roveyayinevi.com.tr\/index.php\/wp-json\/wp\/v2\/product"}],"about":[{"href":"https:\/\/roveyayinevi.com.tr\/index.php\/wp-json\/wp\/v2\/types\/product"}],"wp:attachment":[{"href":"https:\/\/roveyayinevi.com.tr\/index.php\/wp-json\/wp\/v2\/media?parent=734109"}],"wp:term":[{"taxonomy":"product_brand","embeddable":true,"href":"https:\/\/roveyayinevi.com.tr\/index.php\/wp-json\/wp\/v2\/product_brand?post=734109"},{"taxonomy":"product_cat","embeddable":true,"href":"https:\/\/roveyayinevi.com.tr\/index.php\/wp-json\/wp\/v2\/product_cat?post=734109"},{"taxonomy":"product_tag","embeddable":true,"href":"https:\/\/roveyayinevi.com.tr\/index.php\/wp-json\/wp\/v2\/product_tag?post=734109"}],"curies":[{"name":"wp","href":"https:\/\/api.w.org\/{rel}","templated":true}]}}