{"id":734106,"date":"2025-08-27T22:22:13","date_gmt":"2025-08-27T19:22:13","guid":{"rendered":"https:\/\/roveyayinevi.com.tr\/index.php\/urun\/2-sinif-turkce-dinamik-soru-bankasi\/"},"modified":"2026-04-16T02:41:58","modified_gmt":"2026-04-15T23:41:58","slug":"2-sinif-turkce-dinamik-soru-bankasi","status":"publish","type":"product","link":"https:\/\/roveyayinevi.com.tr\/index.php\/urun\/2-sinif-turkce-dinamik-soru-bankasi\/","title":{"rendered":"2. S\u0131n\u0131f T\u00fcrk\u00e7e Dinamik Soru Bankas\u0131"},"content":{"rendered":"<p>Bu kitapta;Beceri Temelli E\u011fitim Modeli\u2019ne uygun,Yeni nesil sorularla zenginle\u015ftirilmi\u015f,\u201cBilgi\u201dyi kulland\u0131ran,\u201cBeceri\u201dyi geli\u015ftiren,\u201cYeterlilik\u201di \u00f6l\u00e7en,Toplam 639 soru yer almaktad\u0131r.<\/p>\n","protected":false},"excerpt":{"rendered":"<p>Bu kitapta;Beceri Temelli E\u011fitim Modeli\u2019ne uygun,Yeni nesil sorularla zenginle\u015ftirilmi\u015f,\u201cBilgi\u201dyi kulland\u0131ran,\u201cBeceri\u201dyi geli\u015ftiren,\u201cYeterlilik\u201di \u00f6l\u00e7en,Toplam 639 soru yer almaktad\u0131r.<\/p>\n","protected":false},"featured_media":0,"template":"","meta":{"_monsterinsights_skip_tracking":false,"_monsterinsights_sitenote_active":false,"_monsterinsights_sitenote_note":"","_monsterinsights_sitenote_category":0},"product_brand":[],"product_cat":[82963,12566,45572,42911,13473],"product_tag":[],"class_list":{"0":"post-734106","1":"product","2":"type-product","3":"status-publish","5":"product_cat-2-sinif-turkce","6":"product_cat-egitim","7":"product_cat-ilkogretim-2-sinif","8":"product_cat-ilkogretim-yardimci-kitaplar","9":"product_cat-sinavlara-hazirlik-okula-yardimci-kaynaklar","10":"pa_cilt-ciltsiz","11":"pa_tur-kitap","12":"pa_yayinevi-tudem-egitim-yayinlari","13":"pa_yazar-tudem-kolektif","15":"first","16":"instock","17":"sale","18":"shipping-taxable","19":"purchasable","20":"product-type-simple"},"_links":{"self":[{"href":"https:\/\/roveyayinevi.com.tr\/index.php\/wp-json\/wp\/v2\/product\/734106","targetHints":{"allow":["GET"]}}],"collection":[{"href":"https:\/\/roveyayinevi.com.tr\/index.php\/wp-json\/wp\/v2\/product"}],"about":[{"href":"https:\/\/roveyayinevi.com.tr\/index.php\/wp-json\/wp\/v2\/types\/product"}],"wp:attachment":[{"href":"https:\/\/roveyayinevi.com.tr\/index.php\/wp-json\/wp\/v2\/media?parent=734106"}],"wp:term":[{"taxonomy":"product_brand","embeddable":true,"href":"https:\/\/roveyayinevi.com.tr\/index.php\/wp-json\/wp\/v2\/product_brand?post=734106"},{"taxonomy":"product_cat","embeddable":true,"href":"https:\/\/roveyayinevi.com.tr\/index.php\/wp-json\/wp\/v2\/product_cat?post=734106"},{"taxonomy":"product_tag","embeddable":true,"href":"https:\/\/roveyayinevi.com.tr\/index.php\/wp-json\/wp\/v2\/product_tag?post=734106"}],"curies":[{"name":"wp","href":"https:\/\/api.w.org\/{rel}","templated":true}]}}