{"id":734103,"date":"2025-08-27T22:22:09","date_gmt":"2025-08-27T19:22:09","guid":{"rendered":"https:\/\/roveyayinevi.com.tr\/index.php\/urun\/kodlanmis-hayatlar-serisi-1-icimdeki-mezarlik\/"},"modified":"2026-04-16T02:41:58","modified_gmt":"2026-04-15T23:41:58","slug":"kodlanmis-hayatlar-serisi-1-icimdeki-mezarlik","status":"publish","type":"product","link":"https:\/\/roveyayinevi.com.tr\/index.php\/urun\/kodlanmis-hayatlar-serisi-1-icimdeki-mezarlik\/","title":{"rendered":"Kodlanm\u0131\u015f Hayatlar Serisi 1 &#8211; \u0130\u00e7imdeki Mezarl\u0131k"},"content":{"rendered":"<p>Yalanlar\u0131n, ihanetlerin ve t\u00fcm \u00f6l\u00fcmlerimin \u00fczerini \u00f6rtmeden de ya\u015fan\u0131yormu\u015f. Ben k\u00fc\u00e7\u00fck ya\u015f\u0131mda, hayat\u0131mdaki insanlar\u0131n en b\u00fcy\u00fck ihanetlerinin g\u00f6rg\u00fc tan\u0131\u011f\u0131yd\u0131m. Adalet \u00f6n\u00fcne \u00e7\u0131kar\u0131lsam, benim gibi birinci derece g\u00f6rg\u00fc tan\u0131klar\u0131n\u0131 koruma alt\u0131na al\u0131rlard\u0131 ama en sevdiklerim taraf\u0131ndan \u00f6l\u00fcmle tehdit edilirdim. Sak\u0131n kimseye s\u00f6yleme, \u201cSus\u201d yoksa \u00f6l\u00fcrs\u00fcn. Ben zaten ihanetlere her tan\u0131k oldu\u011fumda kur\u015funa dizilip \u00f6ld\u00fcr\u00fclm\u00fcyor muydum? Ha bir kez \u00f6lm\u00fc\u015f\u00fcm, ha her g\u00fcn, ne fark ederdi ki;Bir \u015fark\u0131n\u0131n dalgalar\u0131na b\u0131rakt\u0131m kendimi bug\u00fcn, nas\u0131l olur s\u00f6zc\u00fckleri, sus yoksa \u00f6l\u00fcrs\u00fcn tehditleri, beni pervas\u0131zca ge\u00e7mi\u015fe savurup duruyor. \u015eu anki zamandan fark\u0131 olmayan, fark\u0131 yok hi\u00e7bir \u015feyin, duruyorum. Bir yerde bat\u0131yorum dipten dibe, o k\u00fcf kokan batakl\u0131k, beni yava\u015f yava\u015f i\u00e7ine al\u0131yor. Yard\u0131m isteyece\u011fim ama haber sal\u0131nacak kimsem yok. G\u00f6be\u011fime kadar batakl\u0131\u011fa bat\u0131yorum. Beni oradan \u00e7\u0131karmak bahanesiyle, kur\u015funlar\u0131 \u0131s\u0131t\u0131p \u00fczerime d\u00f6k\u00fcn. Y\u00fcz\u00fcme bakan o sahte g\u00f6zbebeklerinizi de \u00e7ekip al\u0131n \u00fczerimden, bo\u011fulur gibi oluyorum.Semra Yal\u00e7\u0131n-Fatma Asar Solak<\/p>\n","protected":false},"excerpt":{"rendered":"<p>Yalanlar\u0131n, ihanetlerin ve t\u00fcm \u00f6l\u00fcmlerimin \u00fczerini \u00f6rtmeden de ya\u015fan\u0131yormu\u015f. Ben k\u00fc\u00e7\u00fck ya\u015f\u0131mda, hayat\u0131mdaki insanlar\u0131n en b\u00fcy\u00fck ihanetlerinin g\u00f6rg\u00fc tan\u0131\u011f\u0131yd\u0131m. Adalet \u00f6n\u00fcne \u00e7\u0131kar\u0131lsam, benim gibi birinci derece<span class=\"excerpt-hellip\"> [\u2026]<\/span><\/p>\n","protected":false},"featured_media":0,"template":"","meta":{"_monsterinsights_skip_tracking":false,"_monsterinsights_sitenote_active":false,"_monsterinsights_sitenote_note":"","_monsterinsights_sitenote_category":0},"product_brand":[],"product_cat":[12291,12711],"product_tag":[],"class_list":{"0":"post-734103","1":"product","2":"type-product","3":"status-publish","5":"product_cat-edebiyat","6":"product_cat-roman-oyku","7":"pa_cilt-ciltsiz","8":"pa_tur-kitap","9":"pa_yayinevi-herdem-kitap","10":"pa_yazar-semra-yalcin-fatma-asar-solak","12":"first","13":"instock","14":"sale","15":"shipping-taxable","16":"purchasable","17":"product-type-simple"},"_links":{"self":[{"href":"https:\/\/roveyayinevi.com.tr\/index.php\/wp-json\/wp\/v2\/product\/734103","targetHints":{"allow":["GET"]}}],"collection":[{"href":"https:\/\/roveyayinevi.com.tr\/index.php\/wp-json\/wp\/v2\/product"}],"about":[{"href":"https:\/\/roveyayinevi.com.tr\/index.php\/wp-json\/wp\/v2\/types\/product"}],"wp:attachment":[{"href":"https:\/\/roveyayinevi.com.tr\/index.php\/wp-json\/wp\/v2\/media?parent=734103"}],"wp:term":[{"taxonomy":"product_brand","embeddable":true,"href":"https:\/\/roveyayinevi.com.tr\/index.php\/wp-json\/wp\/v2\/product_brand?post=734103"},{"taxonomy":"product_cat","embeddable":true,"href":"https:\/\/roveyayinevi.com.tr\/index.php\/wp-json\/wp\/v2\/product_cat?post=734103"},{"taxonomy":"product_tag","embeddable":true,"href":"https:\/\/roveyayinevi.com.tr\/index.php\/wp-json\/wp\/v2\/product_tag?post=734103"}],"curies":[{"name":"wp","href":"https:\/\/api.w.org\/{rel}","templated":true}]}}