{"id":734102,"date":"2025-08-27T22:22:08","date_gmt":"2025-08-27T19:22:08","guid":{"rendered":"https:\/\/roveyayinevi.com.tr\/index.php\/urun\/kelimelerin-efendisi\/"},"modified":"2026-04-16T02:41:58","modified_gmt":"2026-04-15T23:41:58","slug":"kelimelerin-efendisi","status":"publish","type":"product","link":"https:\/\/roveyayinevi.com.tr\/index.php\/urun\/kelimelerin-efendisi\/","title":{"rendered":"Kelimelerin Efendisi"},"content":{"rendered":"<p>\u201cBat\u0131\u2019da, en \u00e7ok satan kitap t\u00fcrlerinin ba\u015f\u0131nda gelen polisiyenin, bizim  yazarlar\u0131m\u0131z\u0131n ilgisinden uzun y\u0131llar mahrum kald\u0131\u011f\u0131 bir ger\u00e7ek. Neyse ki son y\u0131llarda bu durumun de\u011fi\u015fti\u011fini g\u00f6r\u00fcyoruz. Polisiye edebiyat\u0131m\u0131z b\u00fcy\u00fck bir canlanma i\u00e7inde. Ancak bu canlan\u0131\u015f, daha \u00e7ok roman t\u00fcr\u00fcnde kendisini g\u00f6steriyor.  Polisiye edebiyat\u0131n anas\u0131 olan Polisiye \u00f6yk\u00fc, ne yaz\u0131k ki polisiye yazarlar\u0131m\u0131z\u0131n \u00fcvey evlad\u0131 gibi. Bu d\u00f6ng\u00fcy\u00fc k\u0131rmak i\u00e7in yola \u00e7\u0131kan Dedektif Dergi\u2019de bir araya gelen bir\u00e7ok yazar, yazd\u0131klar\u0131 polisiye \u00f6yk\u00fclerle okurlar\u0131n ilgisini romanlardan \u00f6yk\u00fclere \u00e7evirmeyi ba\u015fard\u0131lar. Polisiye \u00f6yk\u00fcde yeni bir \u00e7\u0131\u011f\u0131r a\u00e7an yazarlardan biri de Ye\u015fim Y\u00f6r\u00fck. \u00d6zg\u00fcn ve farkl\u0131 \u00f6yk\u00fcleriyle Ye\u015fim Y\u00f6r\u00fck\u2019\u00fcn Kelimelerin Efendisi adl\u0131 kitab\u0131, T\u00fcrk polisiyesine yepyeni bir soluk getiriyor. Bazen n\u00fckteli, bazen duygulu ama her zaman k\u0131vrak kalemiyle okurlar\u0131na bol muammal\u0131 ve beklenmedik \u00e7\u00f6z\u00fcml\u00fc \u00f6yk\u00fcler sunuyor. Ye\u015fim Y\u00f6r\u00fck\u2019\u00fcn daha \u00f6nce hi\u00e7bir yerde yay\u0131nlanmam\u0131\u015f \u00f6yk\u00fclerinin de yer ald\u0131\u011f\u0131 bu kitab\u0131 keyifle okuyacaks\u0131n\u0131z.\u201d- Gencoy S\u00fcmer \u2013\u201cYe\u015fim Y\u00f6r\u00fck kelimelerle dans eden bir yazar. \u00d6zg\u00fcn kurgular, hayat\u0131n i\u00e7inden karakterlerle hikayeleri yazmakla kalm\u0131yor, onlar\u0131 okuyanlara ya\u015fat\u0131yor. Kelimelerin Efendisi ile bu dansa kat\u0131lmaya t\u00fcm okurlar\u0131 da davet ediyor. Dansa var m\u0131s\u0131n\u0131z?\u201d\u2013 Funda Menek\u015fe \u2013Ba\u015fkomiser Ahmet, Komiser Feride ve Komiser Yard\u0131mc\u0131s\u0131 Selim, birbirinden farkl\u0131 sekiz cinayetin ard\u0131ndaki s\u0131r perdesini aralad\u0131k\u00e7a, siz de kendinizi soluk solu\u011fa bir ko\u015fu\u015fturmacan\u0131n i\u00e7inde bulacaks\u0131n\u0131z. Bazen k\u0131zacak, bazen g\u00fcl\u00fcmseyecek, bazen h\u00fcz\u00fcnlenecek, bazen de hayat\u0131 sorgulayacaks\u0131n\u0131z. \u00c7\u00f6z\u00fclmesi zor gibi g\u00f6r\u00fcnen muammay\u0131, Cinayet B\u00fcro ekibiyle birlikte \u00e7\u00f6zeceksiniz.<\/p>\n","protected":false},"excerpt":{"rendered":"<p>\u201cBat\u0131\u2019da, en \u00e7ok satan kitap t\u00fcrlerinin ba\u015f\u0131nda gelen polisiyenin, bizim yazarlar\u0131m\u0131z\u0131n ilgisinden uzun y\u0131llar mahrum kald\u0131\u011f\u0131 bir ger\u00e7ek. Neyse ki son y\u0131llarda bu durumun de\u011fi\u015fti\u011fini g\u00f6r\u00fcyoruz.<span class=\"excerpt-hellip\"> [\u2026]<\/span><\/p>\n","protected":false},"featured_media":0,"template":"","meta":{"_monsterinsights_skip_tracking":false,"_monsterinsights_sitenote_active":false,"_monsterinsights_sitenote_note":"","_monsterinsights_sitenote_category":0},"product_brand":[],"product_cat":[12291,12711],"product_tag":[],"class_list":{"0":"post-734102","1":"product","2":"type-product","3":"status-publish","5":"product_cat-edebiyat","6":"product_cat-roman-oyku","7":"pa_cilt-ciltsiz","8":"pa_tur-kitap","9":"pa_yayinevi-herdem-kitap","10":"pa_yazar-yesim-yoruk","12":"first","13":"instock","14":"sale","15":"shipping-taxable","16":"purchasable","17":"product-type-simple"},"_links":{"self":[{"href":"https:\/\/roveyayinevi.com.tr\/index.php\/wp-json\/wp\/v2\/product\/734102","targetHints":{"allow":["GET"]}}],"collection":[{"href":"https:\/\/roveyayinevi.com.tr\/index.php\/wp-json\/wp\/v2\/product"}],"about":[{"href":"https:\/\/roveyayinevi.com.tr\/index.php\/wp-json\/wp\/v2\/types\/product"}],"wp:attachment":[{"href":"https:\/\/roveyayinevi.com.tr\/index.php\/wp-json\/wp\/v2\/media?parent=734102"}],"wp:term":[{"taxonomy":"product_brand","embeddable":true,"href":"https:\/\/roveyayinevi.com.tr\/index.php\/wp-json\/wp\/v2\/product_brand?post=734102"},{"taxonomy":"product_cat","embeddable":true,"href":"https:\/\/roveyayinevi.com.tr\/index.php\/wp-json\/wp\/v2\/product_cat?post=734102"},{"taxonomy":"product_tag","embeddable":true,"href":"https:\/\/roveyayinevi.com.tr\/index.php\/wp-json\/wp\/v2\/product_tag?post=734102"}],"curies":[{"name":"wp","href":"https:\/\/api.w.org\/{rel}","templated":true}]}}