{"id":734100,"date":"2025-08-27T22:22:06","date_gmt":"2025-08-27T19:22:06","guid":{"rendered":"https:\/\/roveyayinevi.com.tr\/index.php\/urun\/gule-gulumse\/"},"modified":"2026-04-16T02:41:58","modified_gmt":"2026-04-15T23:41:58","slug":"gule-gulumse","status":"publish","type":"product","link":"https:\/\/roveyayinevi.com.tr\/index.php\/urun\/gule-gulumse\/","title":{"rendered":"G\u00fcle G\u00fcl\u00fcmse"},"content":{"rendered":"<p>Yazar\u0131n Somuncubaba dergisinde \u015fiirleri yay\u0131mlanm\u0131\u015f olup ayr\u0131ca Somuncubaba \u00c7ocuk dergisinde yine \u00e7ocuk \u015fiirleri ve \u00f6yk\u00fcleri alt\u0131 seneden beri aral\u0131ks\u0131z yay\u0131mlanmaktad\u0131r. H\u00e2len bu dergide yazmaya devam etmektedir.   \u00c7aml\u0131ca \u00c7ocuk dergisinde \u015fiirleri, S\u0131r dergisinde \u00e7ocuk \u015fiir ve \u00f6yk\u00fcleri iki y\u0131l aral\u0131ks\u0131z yay\u0131mlanm\u0131\u015ft\u0131r. Mavi Fidan dergisinde ise \u015fiirleri yer alm\u0131\u015ft\u0131r. \u00c7ocuklara y\u00f6nelik \u015fiir ve \u00f6yk\u00fc kitab\u0131 \u00e7al\u0131\u015fmalar\u0131na devam etmektedir. Yazar evli ve iki \u00e7ocuk annesidir.   G\u00fcle G\u00fcl\u00fcmse   Esir etme g\u00f6nl\u00fc her an kedere G\u00fcne\u015fe uzanan dala g\u00fcl\u00fcmse Ne ya\u015famaya k\u00fcs ne de kadere Gelecek g\u00fcnlere, y\u0131la g\u00fcl\u00fcmse   G\u00fcn gelir kalbine umut sa\u00e7\u0131l\u0131r Bir kap\u0131 kapansa bini a\u00e7\u0131l\u0131r Belki mutluluktan bile u\u00e7ulur \u015eimdilik savuran yele g\u00fcl\u00fcmse   Dertler farkl\u0131 farkl\u0131, belki imtihan Y\u00fck\u00fcn sana g\u00f6re, fazla de\u011fil can Var diyorsan \u015fayet bende de iman Tevhidi s\u00f6yleyen dile g\u00fcl\u00fcmse   Yoruldum diyerek yerinde sayma Hakk\u2019a yemin verdin s\u00f6z\u00fcnden cayma Gaflete dal\u0131p da sonradan ayma Sa\u00e7\u0131ndaki beyaz tele g\u00fcl\u00fcmse &#8230; <\/p>\n","protected":false},"excerpt":{"rendered":"<p>Yazar\u0131n Somuncubaba dergisinde \u015fiirleri yay\u0131mlanm\u0131\u015f olup ayr\u0131ca Somuncubaba \u00c7ocuk dergisinde yine \u00e7ocuk \u015fiirleri ve \u00f6yk\u00fcleri alt\u0131 seneden beri aral\u0131ks\u0131z yay\u0131mlanmaktad\u0131r. H\u00e2len bu dergide yazmaya devam etmektedir.<span class=\"excerpt-hellip\"> [\u2026]<\/span><\/p>\n","protected":false},"featured_media":0,"template":"","meta":{"_monsterinsights_skip_tracking":false,"_monsterinsights_sitenote_active":false,"_monsterinsights_sitenote_note":"","_monsterinsights_sitenote_category":0},"product_brand":[],"product_cat":[12291,12509],"product_tag":[],"class_list":{"0":"post-734100","1":"product","2":"type-product","3":"status-publish","5":"product_cat-edebiyat","6":"product_cat-siir","7":"pa_cilt-ciltsiz","8":"pa_tur-kitap","9":"pa_yayinevi-gulnar-yayinlari","10":"pa_yazar-emine-yilmaz-dereci","12":"first","13":"instock","14":"sale","15":"shipping-taxable","16":"purchasable","17":"product-type-simple"},"_links":{"self":[{"href":"https:\/\/roveyayinevi.com.tr\/index.php\/wp-json\/wp\/v2\/product\/734100","targetHints":{"allow":["GET"]}}],"collection":[{"href":"https:\/\/roveyayinevi.com.tr\/index.php\/wp-json\/wp\/v2\/product"}],"about":[{"href":"https:\/\/roveyayinevi.com.tr\/index.php\/wp-json\/wp\/v2\/types\/product"}],"wp:attachment":[{"href":"https:\/\/roveyayinevi.com.tr\/index.php\/wp-json\/wp\/v2\/media?parent=734100"}],"wp:term":[{"taxonomy":"product_brand","embeddable":true,"href":"https:\/\/roveyayinevi.com.tr\/index.php\/wp-json\/wp\/v2\/product_brand?post=734100"},{"taxonomy":"product_cat","embeddable":true,"href":"https:\/\/roveyayinevi.com.tr\/index.php\/wp-json\/wp\/v2\/product_cat?post=734100"},{"taxonomy":"product_tag","embeddable":true,"href":"https:\/\/roveyayinevi.com.tr\/index.php\/wp-json\/wp\/v2\/product_tag?post=734100"}],"curies":[{"name":"wp","href":"https:\/\/api.w.org\/{rel}","templated":true}]}}