{"id":734098,"date":"2025-08-27T22:22:04","date_gmt":"2025-08-27T19:22:04","guid":{"rendered":"https:\/\/roveyayinevi.com.tr\/index.php\/urun\/isik-kahini-tarotu\/"},"modified":"2026-04-16T02:41:58","modified_gmt":"2026-04-15T23:41:58","slug":"isik-kahini-tarotu","status":"publish","type":"product","link":"https:\/\/roveyayinevi.com.tr\/index.php\/urun\/isik-kahini-tarotu\/","title":{"rendered":"I\u015f\u0131k Kahini Tarotu"},"content":{"rendered":"<p>78 Kartl\u0131k Deste ve Rehber Kitap.       78 karttan olu\u015fan bu tarot destesi, bir \u015fifalanma arac\u0131 ve do\u011fam\u0131z\u0131n ayd\u0131nl\u0131k ve karanl\u0131k yanlar\u0131n\u0131 ke\u015ffetmemizi sa\u011flayan bir rehberdir.      Geleneksel tarot arketiplerini ve sembollerini \u00e7a\u011fda\u015f, bohem, sezgisel bir tarzda yeniden imgeleyen I\u015f\u0131k K\u00e2hini Tarotu, do\u011fam\u0131z\u0131n ayd\u0131nl\u0131k ve karanl\u0131k yanlar\u0131n\u0131 dile getiriyor ve bunlar\u0131n ikisinden de alaca\u011f\u0131m\u0131z dersleri g\u00f6steriyor.      Bu kartlar\u0131n i\u00e7inde ya\u015fayan canl\u0131 karakterler hikayeler anlat\u0131yor, sorular soruyor ve yol g\u00f6steriyor. Hayat\u0131n\u0131zda -ve kendi i\u00e7inizde- ayd\u0131nlat\u0131lmas\u0131na en \u00e7ok ihtiya\u00e7 duydu\u011funuz noktalar\u0131 ortaya \u00e7\u0131kartma aray\u0131\u015f\u0131n\u0131zda bu deste sizin i\u00e7in ideal bir yolda\u015f olacakt\u0131r. <\/p>\n","protected":false},"excerpt":{"rendered":"<p>78 Kartl\u0131k Deste ve Rehber Kitap. 78 karttan olu\u015fan bu tarot destesi, bir \u015fifalanma arac\u0131 ve do\u011fam\u0131z\u0131n ayd\u0131nl\u0131k ve karanl\u0131k yanlar\u0131n\u0131 ke\u015ffetmemizi sa\u011flayan bir rehberdir. Geleneksel<span class=\"excerpt-hellip\"> [\u2026]<\/span><\/p>\n","protected":false},"featured_media":0,"template":"","meta":{"_monsterinsights_skip_tracking":false,"_monsterinsights_sitenote_active":false,"_monsterinsights_sitenote_note":"","_monsterinsights_sitenote_category":0},"product_brand":[],"product_cat":[18082,15563],"product_tag":[],"class_list":{"0":"post-734098","1":"product","2":"type-product","3":"status-publish","5":"product_cat-astroloji-fal-ruya","6":"product_cat-hobi","7":"pa_cilt-ciltsiz","8":"pa_tur-kitap","9":"pa_yayinevi-butik-yayinlari","10":"pa_yazar-chris-anne","12":"first","13":"instock","14":"sale","15":"shipping-taxable","16":"purchasable","17":"product-type-simple"},"_links":{"self":[{"href":"https:\/\/roveyayinevi.com.tr\/index.php\/wp-json\/wp\/v2\/product\/734098","targetHints":{"allow":["GET"]}}],"collection":[{"href":"https:\/\/roveyayinevi.com.tr\/index.php\/wp-json\/wp\/v2\/product"}],"about":[{"href":"https:\/\/roveyayinevi.com.tr\/index.php\/wp-json\/wp\/v2\/types\/product"}],"wp:attachment":[{"href":"https:\/\/roveyayinevi.com.tr\/index.php\/wp-json\/wp\/v2\/media?parent=734098"}],"wp:term":[{"taxonomy":"product_brand","embeddable":true,"href":"https:\/\/roveyayinevi.com.tr\/index.php\/wp-json\/wp\/v2\/product_brand?post=734098"},{"taxonomy":"product_cat","embeddable":true,"href":"https:\/\/roveyayinevi.com.tr\/index.php\/wp-json\/wp\/v2\/product_cat?post=734098"},{"taxonomy":"product_tag","embeddable":true,"href":"https:\/\/roveyayinevi.com.tr\/index.php\/wp-json\/wp\/v2\/product_tag?post=734098"}],"curies":[{"name":"wp","href":"https:\/\/api.w.org\/{rel}","templated":true}]}}