{"id":734097,"date":"2025-08-27T22:22:03","date_gmt":"2025-08-27T19:22:03","guid":{"rendered":"https:\/\/roveyayinevi.com.tr\/index.php\/urun\/rumi-kehaneti-kartlari\/"},"modified":"2026-04-16T02:41:58","modified_gmt":"2026-04-15T23:41:58","slug":"rumi-kehaneti-kartlari","status":"publish","type":"product","link":"https:\/\/roveyayinevi.com.tr\/index.php\/urun\/rumi-kehaneti-kartlari\/","title":{"rendered":"Rumi Kehaneti Kartlar\u0131"},"content":{"rendered":"<p>44 Kartl\u0131k Deste ve A\u00e7\u0131klama Kitab\u0131.   Rumi, zihnimizden \u00e7ok kalbimizle anlad\u0131\u011f\u0131m\u0131z kutsal bir dil konu\u015fur. O, kalbin ilahi birli\u011fe a\u00e7\u0131lan kap\u0131 oldu\u011funu biliyor ve bu hayatta potansiyelimizi kullanmam\u0131z\u0131 istiyor. O, insanl\u0131\u011f\u0131 mutlak bir teslimiyetle kendini b\u0131rakarak ve hayat\u0131n gizemlerini kabul etmeye raz\u0131 olarak ya\u015famaya ve sevmeye te\u015fvik ediyor. Onun \u015fiirlerini ister y\u0131llard\u0131r okuyor olun, ister ona yeni yeni yak\u0131nla\u015fmaya ba\u015flay\u0131n, bu kehanet destesi sizi ate\u015fli bir tutkuyla seven bu g\u00fczel ve g\u00fc\u00e7l\u00fc ruhla ba\u011f\u0131n\u0131z\u0131 g\u00fc\u00e7lendirecek ve ayd\u0131nlatacakt\u0131r. Rumi\u2019nin \u00e7ok sevdi\u011fi d\u00fcnyan\u0131n hepsini i\u00e7ine alabilecek kadar geni\u015f bir kalbi vard\u0131r. Onunki bir sevgi yoludur. Onunla ilahi a\u015fk i\u00e7inde dans etmek i\u00e7in sadece kendi kalbinize girmeye istekli olman\u0131z gerekiyor. Bu spirit\u00fcel karde\u015fimizin l\u00fctuflar\u0131 sizi kalbinize odakl\u0131 ilahi do\u011fan\u0131z\u0131n saadetini ya\u015famaya y\u00f6neltsin. <\/p>\n","protected":false},"excerpt":{"rendered":"<p>44 Kartl\u0131k Deste ve A\u00e7\u0131klama Kitab\u0131. Rumi, zihnimizden \u00e7ok kalbimizle anlad\u0131\u011f\u0131m\u0131z kutsal bir dil konu\u015fur. O, kalbin ilahi birli\u011fe a\u00e7\u0131lan kap\u0131 oldu\u011funu biliyor ve bu hayatta<span class=\"excerpt-hellip\"> [\u2026]<\/span><\/p>\n","protected":false},"featured_media":0,"template":"","meta":{"_monsterinsights_skip_tracking":false,"_monsterinsights_sitenote_active":false,"_monsterinsights_sitenote_note":"","_monsterinsights_sitenote_category":0},"product_brand":[],"product_cat":[18082,15563],"product_tag":[],"class_list":{"0":"post-734097","1":"product","2":"type-product","3":"status-publish","5":"product_cat-astroloji-fal-ruya","6":"product_cat-hobi","7":"pa_cilt-ciltsiz","8":"pa_tur-kitap","9":"pa_yayinevi-butik-yayinlari","10":"pa_yazar-alana-fairchild","12":"first","13":"instock","14":"sale","15":"shipping-taxable","16":"purchasable","17":"product-type-simple"},"_links":{"self":[{"href":"https:\/\/roveyayinevi.com.tr\/index.php\/wp-json\/wp\/v2\/product\/734097","targetHints":{"allow":["GET"]}}],"collection":[{"href":"https:\/\/roveyayinevi.com.tr\/index.php\/wp-json\/wp\/v2\/product"}],"about":[{"href":"https:\/\/roveyayinevi.com.tr\/index.php\/wp-json\/wp\/v2\/types\/product"}],"wp:attachment":[{"href":"https:\/\/roveyayinevi.com.tr\/index.php\/wp-json\/wp\/v2\/media?parent=734097"}],"wp:term":[{"taxonomy":"product_brand","embeddable":true,"href":"https:\/\/roveyayinevi.com.tr\/index.php\/wp-json\/wp\/v2\/product_brand?post=734097"},{"taxonomy":"product_cat","embeddable":true,"href":"https:\/\/roveyayinevi.com.tr\/index.php\/wp-json\/wp\/v2\/product_cat?post=734097"},{"taxonomy":"product_tag","embeddable":true,"href":"https:\/\/roveyayinevi.com.tr\/index.php\/wp-json\/wp\/v2\/product_tag?post=734097"}],"curies":[{"name":"wp","href":"https:\/\/api.w.org\/{rel}","templated":true}]}}