{"id":734095,"date":"2025-08-27T22:22:02","date_gmt":"2025-08-27T19:22:02","guid":{"rendered":"https:\/\/roveyayinevi.com.tr\/index.php\/urun\/tuccar-sermayesi-ve-islam\/"},"modified":"2026-04-16T02:41:58","modified_gmt":"2026-04-15T23:41:58","slug":"tuccar-sermayesi-ve-islam","status":"publish","type":"product","link":"https:\/\/roveyayinevi.com.tr\/index.php\/urun\/tuccar-sermayesi-ve-islam\/","title":{"rendered":"T\u00fcccar Sermayesi ve \u0130slam"},"content":{"rendered":"<p>Mekke\u2019de t\u00fcccar sermayesinin bolla\u015fmas\u0131, Mekke\u2019nin sosyal, ekonomik, din\u00ee ve siyasi geli\u015fimini ka\u00e7\u0131n\u0131lmaz k\u0131lm\u0131\u015ft\u0131r. Sermayenin artmas\u0131yla t\u00fcccarlar etki alanlar\u0131n\u0131 geni\u015fletmi\u015f ve ana g\u00fc\u00e7 unsuru h\u00e2line gelmi\u015ftir. Eserin yaz\u0131m s\u00fcrecinde orijinal Arap\u00e7a kaynaklar\u0131 yeniden ele alan ve modern \u00e7al\u0131\u015fmalardan da faydalanan Mahmood \u0130brahim, T\u00fcccar Sermayesi\u2019nde kapitalizmin k\u00f6klerinin izini s\u00fcrerken buna paralel olarak \u0130slam&#8217;\u0131n y\u00fckseli\u015finin yeni bir yorumunu da sunmaktad\u0131r. Yazar, \u0130slam\u2019\u0131n belirli kurumsal inan\u00e7lara ve uygulamalara \u00f6nc\u00fcl\u00fck etti\u011fini, bu sayede t\u00fcccarlar\u0131n Bat\u0131 Asya\u2019da siyasi ve ekonomik hegemonya kurmalar\u0131n\u0131n m\u00fcmk\u00fcn h\u00e2le geldi\u011fini savunmaktad\u0131r. Mekke&#8217;nin fethi ile yeni kurulan M\u00fcsl\u00fcman devletin n\u00fcfuzunu Arabistan&#8217;\u0131n geri kalan\u0131na yayd\u0131\u011f\u0131n\u0131, bu durumun \u00f6nemli bir sosyal g\u00fcc\u00fc harekete ge\u00e7irdi\u011fini ve daha geni\u015f alanlara yay\u0131lmaya imk\u00e2n sa\u011flad\u0131\u011f\u0131n\u0131 ileri s\u00fcrmektedir. Bu sayede t\u00fcccarlar\u0131n \u00fcretimi artan yeni b\u00f6lgelere, geni\u015f ticaret rotalar\u0131na ve daha b\u00fcy\u00fck pazarlara h\u00e2kim oldu\u011funu savunmaktad\u0131r. Bu kapsaml\u0131 \u00e7al\u0131\u015fmada; \u0130slam tarihine, \u0130slam toplumuna ve ilk i\u00e7 sava\u015fa dair yeni bir yorum getiren Mahmood \u0130brahim, bir as\u0131r boyunca M\u00fcsl\u00fcman co\u011frafyada h\u00e2kim g\u00fc\u00e7 olan Emevi Halifeli\u011fi\u2019nin do\u011fru anla\u015f\u0131lmas\u0131n\u0131 sa\u011flayarak bug\u00fcnk\u00fc Orta Do\u011fu&#8217;nun daha isabetli okunabilmesinin m\u00fcmk\u00fcn olaca\u011f\u0131n\u0131 vurgulamaktad\u0131r. T\u00fcccar Sermayesi, Orta Do\u011fu ara\u015ft\u0131rmac\u0131lar\u0131 i\u00e7in \u00f6nemli bir \u00e7al\u0131\u015fma olmas\u0131n\u0131n yan\u0131nda Yak\u0131n Do\u011fu, Kuzey Afrika, Orta \u00c7a\u011f Avrupas\u0131 ara\u015ft\u0131rmac\u0131lar\u0131 i\u00e7in de k\u0131ymetli bir ba\u015fvuru kayna\u011f\u0131d\u0131r. <\/p>\n","protected":false},"excerpt":{"rendered":"<p>Mekke\u2019de t\u00fcccar sermayesinin bolla\u015fmas\u0131, Mekke\u2019nin sosyal, ekonomik, din\u00ee ve siyasi geli\u015fimini ka\u00e7\u0131n\u0131lmaz k\u0131lm\u0131\u015ft\u0131r. Sermayenin artmas\u0131yla t\u00fcccarlar etki alanlar\u0131n\u0131 geni\u015fletmi\u015f ve ana g\u00fc\u00e7 unsuru h\u00e2line gelmi\u015ftir. Eserin<span class=\"excerpt-hellip\"> [\u2026]<\/span><\/p>\n","protected":false},"featured_media":0,"template":"","meta":{"_monsterinsights_skip_tracking":false,"_monsterinsights_sitenote_active":false,"_monsterinsights_sitenote_note":"","_monsterinsights_sitenote_category":0},"product_brand":[],"product_cat":[13036,12718,12719],"product_tag":[],"class_list":{"0":"post-734095","1":"product","2":"type-product","3":"status-publish","5":"product_cat-arastirma-inceleme-islam","6":"product_cat-din","7":"product_cat-islam","8":"pa_cilt-ciltsiz","9":"pa_tur-kitap","10":"pa_yayinevi-albaraka-yayinlari","11":"pa_yazar-mahmood-ibrahim","13":"first","14":"instock","15":"sale","16":"shipping-taxable","17":"purchasable","18":"product-type-simple"},"_links":{"self":[{"href":"https:\/\/roveyayinevi.com.tr\/index.php\/wp-json\/wp\/v2\/product\/734095","targetHints":{"allow":["GET"]}}],"collection":[{"href":"https:\/\/roveyayinevi.com.tr\/index.php\/wp-json\/wp\/v2\/product"}],"about":[{"href":"https:\/\/roveyayinevi.com.tr\/index.php\/wp-json\/wp\/v2\/types\/product"}],"wp:attachment":[{"href":"https:\/\/roveyayinevi.com.tr\/index.php\/wp-json\/wp\/v2\/media?parent=734095"}],"wp:term":[{"taxonomy":"product_brand","embeddable":true,"href":"https:\/\/roveyayinevi.com.tr\/index.php\/wp-json\/wp\/v2\/product_brand?post=734095"},{"taxonomy":"product_cat","embeddable":true,"href":"https:\/\/roveyayinevi.com.tr\/index.php\/wp-json\/wp\/v2\/product_cat?post=734095"},{"taxonomy":"product_tag","embeddable":true,"href":"https:\/\/roveyayinevi.com.tr\/index.php\/wp-json\/wp\/v2\/product_tag?post=734095"}],"curies":[{"name":"wp","href":"https:\/\/api.w.org\/{rel}","templated":true}]}}