{"id":734094,"date":"2025-08-27T22:22:01","date_gmt":"2025-08-27T19:22:01","guid":{"rendered":"https:\/\/roveyayinevi.com.tr\/index.php\/urun\/kurumlari-verimli-kilma-sanati\/"},"modified":"2026-04-16T02:41:58","modified_gmt":"2026-04-15T23:41:58","slug":"kurumlari-verimli-kilma-sanati","status":"publish","type":"product","link":"https:\/\/roveyayinevi.com.tr\/index.php\/urun\/kurumlari-verimli-kilma-sanati\/","title":{"rendered":"Kurumlar\u0131 Verimli K\u0131lma Sanat\u0131"},"content":{"rendered":"<p>Ki\u015filer ve kurulu\u015flar hakk\u0131nda kabul edilmi\u015f varsay\u0131mlara ba\u011fl\u0131 kalan bir\u00e7ok i\u015fletme, insan potansiyelini bo\u015fa harcar. Bu eserde Robert Quinn, geleneklere nas\u0131l meydan okunaca\u011f\u0131n\u0131 ve bu \u015fekilde insanlar\u0131n kendilerini nas\u0131l daha iyi hissedebileceklerini ortaya koyuyor. Sorun \u015fu ki bir\u00e7ok lider, kurulu\u015flar\u0131n kat\u0131 ve hiyerar\u015fik bir yap\u0131da olmas\u0131 gerekti\u011fi ve bu kurulu\u015flardaki insanlar\u0131n esas olarak ki\u015fisel \u00e7\u0131kar ve korku taraf\u0131ndan y\u00f6nlendirildikleri konusunda \u0131srar eden olumsuz ve k\u0131s\u0131tlay\u0131c\u0131 bir \u201czihin haritas\u0131\u201d izliyor. Buna kar\u015f\u0131n liderlik konumundakiler, insanlar\u0131n b\u00fcy\u00fcme, \u00f6\u011frenme ve daha b\u00fcy\u00fck bir amaca hizmet etme arzusuyla motive edildi\u011fi farkl\u0131 bir zihin haritas\u0131 benimseyebilirler. Elinizdeki kitapta Quinn, bir\u00e7ok \u00f6rnek e\u015fli\u011finde, b\u00f6yle bir kurum k\u00fclt\u00fcr\u00fcn\u00fcn ortaya \u00e7\u0131kmas\u0131n\u0131 kolayla\u015ft\u0131rmak i\u00e7in ger\u00e7ekle\u015ftirebilecekleri eylemlerin \u015fifrelerini veriyor. \u0130nsanlar\u0131n bir ama\u00e7 duygusu kazanmalar\u0131na, isti\u015farelere kat\u0131lmalar\u0131na, yeni imk\u00e2nlar\u0131 g\u00f6rmelerine ve ortak yarar i\u00e7in fedak\u00e2rl\u0131k g\u00f6stermelerine yard\u0131mc\u0131 oluyor. Kitap, verimli kurulu\u015flar\u0131n tesis edilmesi i\u00e7in belli prensipleri ortaya koyan bir ara\u00e7 da i\u00e7eriyor. Olumlu Kurulu\u015f Y\u00f6neticisi ad\u0131 verilen bu ara\u00e7 ile kurulu\u015funuzu daha verimli h\u00e2le getirebilir, \u00e7al\u0131\u015fanlar\u0131n\u0131z i\u00e7in mutlu bir i\u015f ortam\u0131 olu\u015fturabilirsiniz. <\/p>\n","protected":false},"excerpt":{"rendered":"<p>Ki\u015filer ve kurulu\u015flar hakk\u0131nda kabul edilmi\u015f varsay\u0131mlara ba\u011fl\u0131 kalan bir\u00e7ok i\u015fletme, insan potansiyelini bo\u015fa harcar. Bu eserde Robert Quinn, geleneklere nas\u0131l meydan okunaca\u011f\u0131n\u0131 ve bu \u015fekilde<span class=\"excerpt-hellip\"> [\u2026]<\/span><\/p>\n","protected":false},"featured_media":0,"template":"","meta":{"_monsterinsights_skip_tracking":false,"_monsterinsights_sitenote_active":false,"_monsterinsights_sitenote_note":"","_monsterinsights_sitenote_category":0},"product_brand":[],"product_cat":[13043,19008],"product_tag":[],"class_list":{"0":"post-734094","1":"product","2":"type-product","3":"status-publish","5":"product_cat-ekonomi","6":"product_cat-yonetim","7":"pa_cilt-ciltsiz","8":"pa_tur-kitap","9":"pa_yayinevi-albaraka-yayinlari","10":"pa_yazar-robert-e-quinn","12":"first","13":"instock","14":"sale","15":"shipping-taxable","16":"purchasable","17":"product-type-simple"},"_links":{"self":[{"href":"https:\/\/roveyayinevi.com.tr\/index.php\/wp-json\/wp\/v2\/product\/734094","targetHints":{"allow":["GET"]}}],"collection":[{"href":"https:\/\/roveyayinevi.com.tr\/index.php\/wp-json\/wp\/v2\/product"}],"about":[{"href":"https:\/\/roveyayinevi.com.tr\/index.php\/wp-json\/wp\/v2\/types\/product"}],"wp:attachment":[{"href":"https:\/\/roveyayinevi.com.tr\/index.php\/wp-json\/wp\/v2\/media?parent=734094"}],"wp:term":[{"taxonomy":"product_brand","embeddable":true,"href":"https:\/\/roveyayinevi.com.tr\/index.php\/wp-json\/wp\/v2\/product_brand?post=734094"},{"taxonomy":"product_cat","embeddable":true,"href":"https:\/\/roveyayinevi.com.tr\/index.php\/wp-json\/wp\/v2\/product_cat?post=734094"},{"taxonomy":"product_tag","embeddable":true,"href":"https:\/\/roveyayinevi.com.tr\/index.php\/wp-json\/wp\/v2\/product_tag?post=734094"}],"curies":[{"name":"wp","href":"https:\/\/api.w.org\/{rel}","templated":true}]}}