{"id":734093,"date":"2025-08-27T22:22:00","date_gmt":"2025-08-27T19:22:00","guid":{"rendered":"https:\/\/roveyayinevi.com.tr\/index.php\/urun\/col-panteri-baybars\/"},"modified":"2026-04-03T02:49:17","modified_gmt":"2026-04-02T23:49:17","slug":"col-panteri-baybars","status":"publish","type":"product","link":"https:\/\/roveyayinevi.com.tr\/index.php\/urun\/col-panteri-baybars\/","title":{"rendered":"\u00c7\u00f6l Panteri Baybars"},"content":{"rendered":"<p>\u00fc\u00e7 \u00e7e\u015fit insanla doludur; tarih yazanlar, tarih yazanlar\u0131 yazanlar ve tarih okuyanlar. Kad\u0131Muhiddin, bir vakan\u00fcvistti. Yani bir tarih yazar\u0131yd\u0131 ve ona T\u00fcrk Tarihi\u2019nin en b\u00fcy\u00fckkahramanlar\u0131ndan olan Sultan R\u00fckneddin Baybars\u2019\u0131 ve ba\u015far\u0131lar\u0131n\u0131 yazmak nasip oldu. ErcanY\u0131lmaz\u2019\u0131n kaleme ald\u0131\u011f\u0131 bu eserde Sultan Baybars\u2019\u0131, kendisi de teredd\u00fcts\u00fcz bir kahraman olanKad\u0131 Muhittin\u2019in g\u00f6zlerinden tan\u0131yoruz.Sultan Baybars, ad\u0131 sadece T\u00fcrk Tarihi\u2019ne de\u011fil D\u00fcnya tarihine de ge\u00e7mi\u015f b\u00fcy\u00fck bir komutan veh\u00fck\u00fcmdard\u0131r. Dest-i K\u0131p\u00e7ak Bozk\u0131rlar\u0131\u2019ndan kopar\u0131l\u0131p, Sivas\u2019ta bir k\u00f6le olarak sat\u0131ld\u0131\u011f\u0131nda on be\u015fya\u015flar\u0131nda bir delikanl\u0131yd\u0131. Kendini bildi\u011finden beri kendine verdi\u011fi bir s\u00f6z vard\u0131 ve hayat\u0131 bu s\u00f6z\u00fctutmak i\u00e7in m\u00fccadele etmekle ge\u00e7ti ve s\u00f6z\u00fcn\u00fc tuttu. O \u201cVakti geldi\u011finde h\u00fck\u00fcmdar olaca\u011f\u0131m.\u201dDemi\u015fti. Ve yery\u00fcz\u00fcn\u00fcn g\u00f6r\u00fcp g\u00f6rece\u011fi en iyi h\u00fck\u00fcmdarlardan biri oldu.O, T\u00fcrklerin ezeli d\u00fc\u015fmanlar\u0131 Mo\u011follar ve Ha\u00e7l\u0131lara kar\u015f\u0131 say\u0131s\u0131z zaferler kazanm\u0131\u015f ve tarihe \u201c\u00c7\u00f6lPanteri\u201d lakab\u0131yla ge\u00e7mi\u015f b\u00fcy\u00fck bir liderdir. Elinizdeki eserde, sadece bu b\u00fcy\u00fck kahraman\u0131nyapt\u0131klar\u0131n\u0131 de\u011fil, onun nas\u0131l bu kadar b\u00fcy\u00fck oldu\u011funu okuyacaks\u0131n\u0131z.<\/p>\n","protected":false},"excerpt":{"rendered":"<p>\u00fc\u00e7 \u00e7e\u015fit insanla doludur; tarih yazanlar, tarih yazanlar\u0131 yazanlar ve tarih okuyanlar. Kad\u0131Muhiddin, bir vakan\u00fcvistti. Yani bir tarih yazar\u0131yd\u0131 ve ona T\u00fcrk Tarihi\u2019nin en b\u00fcy\u00fckkahramanlar\u0131ndan olan<span class=\"excerpt-hellip\"> [\u2026]<\/span><\/p>\n","protected":false},"featured_media":0,"template":"","meta":{"_monsterinsights_skip_tracking":false,"_monsterinsights_sitenote_active":false,"_monsterinsights_sitenote_note":"","_monsterinsights_sitenote_category":0},"product_brand":[],"product_cat":[12291,12711],"product_tag":[],"class_list":{"0":"post-734093","1":"product","2":"type-product","3":"status-publish","5":"product_cat-edebiyat","6":"product_cat-roman-oyku","7":"pa_cilt-ciltsiz","8":"pa_tur-kitap","9":"pa_yayinevi-yeditepe-yayinevi","10":"pa_yazar-ercan-yilmaz","12":"first","13":"instock","14":"sale","15":"shipping-taxable","16":"purchasable","17":"product-type-simple"},"_links":{"self":[{"href":"https:\/\/roveyayinevi.com.tr\/index.php\/wp-json\/wp\/v2\/product\/734093","targetHints":{"allow":["GET"]}}],"collection":[{"href":"https:\/\/roveyayinevi.com.tr\/index.php\/wp-json\/wp\/v2\/product"}],"about":[{"href":"https:\/\/roveyayinevi.com.tr\/index.php\/wp-json\/wp\/v2\/types\/product"}],"wp:attachment":[{"href":"https:\/\/roveyayinevi.com.tr\/index.php\/wp-json\/wp\/v2\/media?parent=734093"}],"wp:term":[{"taxonomy":"product_brand","embeddable":true,"href":"https:\/\/roveyayinevi.com.tr\/index.php\/wp-json\/wp\/v2\/product_brand?post=734093"},{"taxonomy":"product_cat","embeddable":true,"href":"https:\/\/roveyayinevi.com.tr\/index.php\/wp-json\/wp\/v2\/product_cat?post=734093"},{"taxonomy":"product_tag","embeddable":true,"href":"https:\/\/roveyayinevi.com.tr\/index.php\/wp-json\/wp\/v2\/product_tag?post=734093"}],"curies":[{"name":"wp","href":"https:\/\/api.w.org\/{rel}","templated":true}]}}