{"id":734092,"date":"2025-08-27T22:21:58","date_gmt":"2025-08-27T19:21:58","guid":{"rendered":"https:\/\/roveyayinevi.com.tr\/index.php\/urun\/gonul-topragi\/"},"modified":"2026-04-16T02:41:58","modified_gmt":"2026-04-15T23:41:58","slug":"gonul-topragi","status":"publish","type":"product","link":"https:\/\/roveyayinevi.com.tr\/index.php\/urun\/gonul-topragi\/","title":{"rendered":"G\u00f6n\u00fcl Topra\u011f\u0131"},"content":{"rendered":"<p>\u0130nsanlar hayatlar\u0131nda engebeli yollarla kar\u015f\u0131 kar\u015f\u0131ya kal\u0131rlar ve bu yollar\u0131 zor da olsa a\u015fma gayretinde bulunurlar. Ferhat da ya\u015fad\u0131\u011f\u0131 bir duygu karma\u015fas\u0131 i\u00e7erisinde b\u00fcy\u00fck bir \u00e7\u0131kmaza girmi\u015f ve bir aray\u0131\u015fa girmek zorunda kalm\u0131\u015ft\u0131. Bu aray\u0131\u015f\u0131n\u0131 ise kendi ruhsal yolculu\u011funun yan\u0131nda, y\u0131llarca s\u00fcrecek olan bedensel yolculu\u011fu ile de s\u00fcrd\u00fcrmek istemi\u015fti. Ferhat bu aray\u0131\u015f i\u00e7erisinde ge\u00e7en y\u0131llar\u0131n\u0131n ard\u0131ndan N\u00e2il Baba ile kar\u015f\u0131la\u015fm\u0131\u015f, onun hayat tecr\u00fcbelerinden ve \u00f6\u011fretilerinden istifade etmi\u015fti. <\/p>\n","protected":false},"excerpt":{"rendered":"<p>\u0130nsanlar hayatlar\u0131nda engebeli yollarla kar\u015f\u0131 kar\u015f\u0131ya kal\u0131rlar ve bu yollar\u0131 zor da olsa a\u015fma gayretinde bulunurlar. Ferhat da ya\u015fad\u0131\u011f\u0131 bir duygu karma\u015fas\u0131 i\u00e7erisinde b\u00fcy\u00fck bir \u00e7\u0131kmaza<span class=\"excerpt-hellip\"> [\u2026]<\/span><\/p>\n","protected":false},"featured_media":0,"template":"","meta":{"_monsterinsights_skip_tracking":false,"_monsterinsights_sitenote_active":false,"_monsterinsights_sitenote_note":"","_monsterinsights_sitenote_category":0},"product_brand":[],"product_cat":[12291,12711],"product_tag":[],"class_list":{"0":"post-734092","1":"product","2":"type-product","3":"status-publish","5":"product_cat-edebiyat","6":"product_cat-roman-oyku","7":"pa_cilt-ciltsiz","8":"pa_tur-kitap","9":"pa_yayinevi-atac-yayinlari","10":"pa_yazar-cemil-basturk","12":"first","13":"instock","14":"sale","15":"shipping-taxable","16":"purchasable","17":"product-type-simple"},"_links":{"self":[{"href":"https:\/\/roveyayinevi.com.tr\/index.php\/wp-json\/wp\/v2\/product\/734092","targetHints":{"allow":["GET"]}}],"collection":[{"href":"https:\/\/roveyayinevi.com.tr\/index.php\/wp-json\/wp\/v2\/product"}],"about":[{"href":"https:\/\/roveyayinevi.com.tr\/index.php\/wp-json\/wp\/v2\/types\/product"}],"wp:attachment":[{"href":"https:\/\/roveyayinevi.com.tr\/index.php\/wp-json\/wp\/v2\/media?parent=734092"}],"wp:term":[{"taxonomy":"product_brand","embeddable":true,"href":"https:\/\/roveyayinevi.com.tr\/index.php\/wp-json\/wp\/v2\/product_brand?post=734092"},{"taxonomy":"product_cat","embeddable":true,"href":"https:\/\/roveyayinevi.com.tr\/index.php\/wp-json\/wp\/v2\/product_cat?post=734092"},{"taxonomy":"product_tag","embeddable":true,"href":"https:\/\/roveyayinevi.com.tr\/index.php\/wp-json\/wp\/v2\/product_tag?post=734092"}],"curies":[{"name":"wp","href":"https:\/\/api.w.org\/{rel}","templated":true}]}}