{"id":734091,"date":"2025-08-27T22:21:58","date_gmt":"2025-08-27T19:21:58","guid":{"rendered":"https:\/\/roveyayinevi.com.tr\/index.php\/urun\/50-ekonomistle-ekonominin-kisa-tarihi\/"},"modified":"2026-04-16T02:41:58","modified_gmt":"2026-04-15T23:41:58","slug":"50-ekonomistle-ekonominin-kisa-tarihi","status":"publish","type":"product","link":"https:\/\/roveyayinevi.com.tr\/index.php\/urun\/50-ekonomistle-ekonominin-kisa-tarihi\/","title":{"rendered":"50 Ekonomistle Ekonominin K\u0131sa Tarihi"},"content":{"rendered":"<p>Sermaye, ya\u015famak i\u00e7in vampir gibi i\u015f g\u00fcc\u00fcn\u00fcn kan\u0131n\u0131 emen \u00f6l\u00fc i\u015f g\u00fcc\u00fcd\u00fcr ve ne kadar \u00e7ok ya\u015farsa o kadar \u00e7ok i\u015f g\u00fcc\u00fc kan\u0131 emer.Karl Marx  50 Ekonomistle Ekonominin K\u0131sa Tarihi fikirleriyle insanl\u0131\u011f\u0131 k\u00f6kten de\u011fi\u015fime u\u011fratm\u0131\u015f olan Locke, Marshall, Marx ve Keynes gibi d\u00fc\u015f\u00fcn\u00fcrler \u00fczerinden en \u00f6nemli iktisadi hareketleri anlat\u0131yor.<\/p>\n","protected":false},"excerpt":{"rendered":"<p>Sermaye, ya\u015famak i\u00e7in vampir gibi i\u015f g\u00fcc\u00fcn\u00fcn kan\u0131n\u0131 emen \u00f6l\u00fc i\u015f g\u00fcc\u00fcd\u00fcr ve ne kadar \u00e7ok ya\u015farsa o kadar \u00e7ok i\u015f g\u00fcc\u00fc kan\u0131 emer.Karl Marx 50<span class=\"excerpt-hellip\"> [\u2026]<\/span><\/p>\n","protected":false},"featured_media":0,"template":"","meta":{"_monsterinsights_skip_tracking":false,"_monsterinsights_sitenote_active":false,"_monsterinsights_sitenote_note":"","_monsterinsights_sitenote_category":0},"product_brand":[],"product_cat":[13005,13006],"product_tag":[],"class_list":{"0":"post-734091","1":"product","2":"type-product","3":"status-publish","5":"product_cat-bilim-muhendislik","6":"product_cat-populer-bilim","7":"pa_cilt-ciltsiz","8":"pa_tur-kitap","9":"pa_yayinevi-orenda","10":"pa_yazar-mathew-forstater","12":"first","13":"instock","14":"sale","15":"shipping-taxable","16":"purchasable","17":"product-type-simple"},"_links":{"self":[{"href":"https:\/\/roveyayinevi.com.tr\/index.php\/wp-json\/wp\/v2\/product\/734091","targetHints":{"allow":["GET"]}}],"collection":[{"href":"https:\/\/roveyayinevi.com.tr\/index.php\/wp-json\/wp\/v2\/product"}],"about":[{"href":"https:\/\/roveyayinevi.com.tr\/index.php\/wp-json\/wp\/v2\/types\/product"}],"wp:attachment":[{"href":"https:\/\/roveyayinevi.com.tr\/index.php\/wp-json\/wp\/v2\/media?parent=734091"}],"wp:term":[{"taxonomy":"product_brand","embeddable":true,"href":"https:\/\/roveyayinevi.com.tr\/index.php\/wp-json\/wp\/v2\/product_brand?post=734091"},{"taxonomy":"product_cat","embeddable":true,"href":"https:\/\/roveyayinevi.com.tr\/index.php\/wp-json\/wp\/v2\/product_cat?post=734091"},{"taxonomy":"product_tag","embeddable":true,"href":"https:\/\/roveyayinevi.com.tr\/index.php\/wp-json\/wp\/v2\/product_tag?post=734091"}],"curies":[{"name":"wp","href":"https:\/\/api.w.org\/{rel}","templated":true}]}}