{"id":734089,"date":"2025-08-27T22:21:55","date_gmt":"2025-08-27T19:21:55","guid":{"rendered":"https:\/\/roveyayinevi.com.tr\/index.php\/urun\/at-atabildigin-kadar\/"},"modified":"2026-04-16T02:41:58","modified_gmt":"2026-04-15T23:41:58","slug":"at-atabildigin-kadar","status":"publish","type":"product","link":"https:\/\/roveyayinevi.com.tr\/index.php\/urun\/at-atabildigin-kadar\/","title":{"rendered":"At Atabildi\u011fin Kadar"},"content":{"rendered":"<p>Felsefe k\u00f6kenli yazar Serhan Kansu, \u00e7ocuklar i\u00e7in kaleme ald\u0131\u011f\u0131 felsefe kitab\u0131 \u201cPervin Teyze Nas\u0131l Basket Oynar?\u201d\u0131n ard\u0131ndan, yarat\u0131c\u0131l\u0131k ve yazarl\u0131k konular\u0131na e\u011fildi\u011fi \u201cAt Atabildi\u011fin Kadar\u201d arac\u0131l\u0131\u011f\u0131yla yeniden okurlar\u0131n\u0131 selaml\u0131yor, \u201cGen\u00e7 Felsefe\u201d bulu\u015fmalar\u0131 s\u00fcr\u00fcyor. Deneyimli \u00e7izer Ahmet Demirta\u015f\u2019\u0131n \u00f6zenli \u00e7izgileri de bu keyifli anlara e\u015flik ediyor. Sohbet yine koyu, sat\u0131rlar pek e\u011flenceli, deli dolu\u2026 Palamutlar trombon \u00e7alarsa k\u00f6pekbal\u0131klar\u0131 tango yapar, s\u00fctla\u00e7larsa \u00e7ook uzun ya\u015far&#8230; Bu kitap akla ilk gelenlerdense hi\u00e7 gelmeyenlerin pe\u015finde ve bir s\u00fcre sonra o sana de\u011fil, sen ona yol g\u00f6stereceksin. \u00c7\u00fcnk\u00fc senin i\u00e7indekini sadece sen bilebilirsin. Bug\u00fcn i\u00e7indeki sanat\u00e7\u0131yla, yazarla, yarat\u0131c\u0131l\u0131kla tan\u0131\u015fma vakti. \u00c7ok y\u00f6nl\u00fc d\u00fc\u015f\u00fcnme, d\u00fc\u015f\u00fcnme becerileriyle dans etme, akl\u0131 sa\u011flam ad\u0131mlarla y\u00fcr\u00fct\u00fcrken s\u0131n\u0131rs\u0131zca u\u00e7ma vakti. Neden mi? Sesi duymuyor musun? Trombon sesini\u2026 Palamutlar \u00e7al\u0131yor, k\u00f6pekbal\u0131klar\u0131 tango yap\u0131yor. S\u00fctla\u00e7lar\u0131n ya\u015f\u0131n\u0131ysa hi\u00e7 sorma\u2026 Bak tam arkanda! Domatesler d\u00f6rtnala ko\u015fuyor. Kanatlanm\u0131\u015f kol saatleri k\u0131rm\u0131z\u0131 atlar\u0131 tarlalardan topluyor\u2026 Herkesin bir evi oldu\u011fu gibi bir de hayal evreni ve uzay\u0131 var. Akl\u0131n\u0131n alabildi\u011fi kadar. Ancak uzay s\u0131n\u0131rs\u0131z de\u011fil miydi? O halde ni\u00e7in hayallerimizin s\u0131n\u0131rlar\u0131 olsun ki? \u015eimdi sen kaptans\u0131n, bu kitap ise bir gemi. Yola \u00e7\u0131kmaya haz\u0131rsan haydi yaz\u0131ls\u0131n hik\u00e2yen. <\/p>\n","protected":false},"excerpt":{"rendered":"<p>Felsefe k\u00f6kenli yazar Serhan Kansu, \u00e7ocuklar i\u00e7in kaleme ald\u0131\u011f\u0131 felsefe kitab\u0131 \u201cPervin Teyze Nas\u0131l Basket Oynar?\u201d\u0131n ard\u0131ndan, yarat\u0131c\u0131l\u0131k ve yazarl\u0131k konular\u0131na e\u011fildi\u011fi \u201cAt Atabildi\u011fin Kadar\u201d arac\u0131l\u0131\u011f\u0131yla<span class=\"excerpt-hellip\"> [\u2026]<\/span><\/p>\n","protected":false},"featured_media":0,"template":"","meta":{"_monsterinsights_skip_tracking":false,"_monsterinsights_sitenote_active":false,"_monsterinsights_sitenote_note":"","_monsterinsights_sitenote_category":0},"product_brand":[],"product_cat":[12275,12274],"product_tag":[],"class_list":{"0":"post-734089","1":"product","2":"type-product","3":"status-publish","5":"product_cat-6-12-yas-kitaplari","6":"product_cat-cocuk-ve-genclik-kitaplari","7":"pa_cilt-ciltsiz","8":"pa_tur-kitap","9":"pa_yayinevi-elma-cocuk","10":"pa_yazar-serhan-kansu","12":"first","13":"instock","14":"sale","15":"shipping-taxable","16":"purchasable","17":"product-type-simple"},"_links":{"self":[{"href":"https:\/\/roveyayinevi.com.tr\/index.php\/wp-json\/wp\/v2\/product\/734089","targetHints":{"allow":["GET"]}}],"collection":[{"href":"https:\/\/roveyayinevi.com.tr\/index.php\/wp-json\/wp\/v2\/product"}],"about":[{"href":"https:\/\/roveyayinevi.com.tr\/index.php\/wp-json\/wp\/v2\/types\/product"}],"wp:attachment":[{"href":"https:\/\/roveyayinevi.com.tr\/index.php\/wp-json\/wp\/v2\/media?parent=734089"}],"wp:term":[{"taxonomy":"product_brand","embeddable":true,"href":"https:\/\/roveyayinevi.com.tr\/index.php\/wp-json\/wp\/v2\/product_brand?post=734089"},{"taxonomy":"product_cat","embeddable":true,"href":"https:\/\/roveyayinevi.com.tr\/index.php\/wp-json\/wp\/v2\/product_cat?post=734089"},{"taxonomy":"product_tag","embeddable":true,"href":"https:\/\/roveyayinevi.com.tr\/index.php\/wp-json\/wp\/v2\/product_tag?post=734089"}],"curies":[{"name":"wp","href":"https:\/\/api.w.org\/{rel}","templated":true}]}}