{"id":734088,"date":"2025-08-27T22:21:54","date_gmt":"2025-08-27T19:21:54","guid":{"rendered":"https:\/\/roveyayinevi.com.tr\/index.php\/urun\/turkiye-turkcesinde-karsitlik-islevli-soz-dizimsel-yapilar\/"},"modified":"2026-04-16T02:41:58","modified_gmt":"2026-04-15T23:41:58","slug":"turkiye-turkcesinde-karsitlik-islevli-soz-dizimsel-yapilar","status":"publish","type":"product","link":"https:\/\/roveyayinevi.com.tr\/index.php\/urun\/turkiye-turkcesinde-karsitlik-islevli-soz-dizimsel-yapilar\/","title":{"rendered":"T\u00fcrkiye T\u00fcrk\u00e7esinde Kar\u015f\u0131tl\u0131k \u0130\u015flevli S\u00f6z Dizimsel Yap\u0131lar"},"content":{"rendered":"<p>1.      KAR\u015eITLIK 1.1.   KAR\u015eITLIK NED\u0130R? 1.2.   KAR\u015eITLIK T\u00dcRLER\u0130 1.3.   KAR\u015eITLIK OLU\u015eTURMAYAN T\u00dcRLER 2.      KAR\u015eITLIK \u0130\u015eLEVL\u0130 S\u00d6Z D\u0130Z\u0130MSEL YAPILAR 2.1.   \u0130lge\u00e7ler ve \u0130lge\u00e7 \u00d6bekleri ile Kurulan Kar\u015f\u0131tl\u0131k \u0130\u015flevli S\u00f6z Dizimsel Yap\u0131lar 2.2.   Ba\u011fla\u00e7lar ile Kurulan Kar\u015f\u0131tl\u0131k \u0130\u015flevli S\u00f6z Dizimsel Yap\u0131lar 2.3.   Ula\u00e7lar ve Ula\u00e7 \u00d6bekleri ile Kurulan Kar\u015f\u0131tl\u0131k \u0130\u015flevli S\u00f6z Dizimsel Yap\u0131lar 2.4.   Tekrar Gruplar\u0131 ile Kurulan Kar\u015f\u0131tl\u0131k \u0130\u015flevli S\u00f6z Dizimsel Yap\u0131lar 2.5.   Kar\u015f\u0131tl\u0131k \u0130\u015flevli Olmayan S\u00f6z Dizimsel Yap\u0131lar 3.      KAR\u015eITLIK \u0130\u015eLEVL\u0130 S\u00d6Z D\u0130Z\u0130MSEL YAPI \u00c7\u00d6Z\u00dcMLEMES\u0130 <\/p>\n","protected":false},"excerpt":{"rendered":"<p>1. KAR\u015eITLIK 1.1. KAR\u015eITLIK NED\u0130R? 1.2. KAR\u015eITLIK T\u00dcRLER\u0130 1.3. KAR\u015eITLIK OLU\u015eTURMAYAN T\u00dcRLER 2. KAR\u015eITLIK \u0130\u015eLEVL\u0130 S\u00d6Z D\u0130Z\u0130MSEL YAPILAR 2.1. \u0130lge\u00e7ler ve \u0130lge\u00e7 \u00d6bekleri ile Kurulan Kar\u015f\u0131tl\u0131k<span class=\"excerpt-hellip\"> [\u2026]<\/span><\/p>\n","protected":false},"featured_media":0,"template":"","meta":{"_monsterinsights_skip_tracking":false,"_monsterinsights_sitenote_active":false,"_monsterinsights_sitenote_note":"","_monsterinsights_sitenote_category":0},"product_brand":[],"product_cat":[20225,12291],"product_tag":[],"class_list":{"0":"post-734088","1":"product","2":"type-product","3":"status-publish","5":"product_cat-dil-bilim","6":"product_cat-edebiyat","7":"pa_cilt-ciltsiz","8":"pa_tur-kitap","9":"pa_yayinevi-gazi-kitabevi","10":"pa_yazar-serife-sazak","12":"first","13":"instock","14":"sale","15":"shipping-taxable","16":"purchasable","17":"product-type-simple"},"_links":{"self":[{"href":"https:\/\/roveyayinevi.com.tr\/index.php\/wp-json\/wp\/v2\/product\/734088","targetHints":{"allow":["GET"]}}],"collection":[{"href":"https:\/\/roveyayinevi.com.tr\/index.php\/wp-json\/wp\/v2\/product"}],"about":[{"href":"https:\/\/roveyayinevi.com.tr\/index.php\/wp-json\/wp\/v2\/types\/product"}],"wp:attachment":[{"href":"https:\/\/roveyayinevi.com.tr\/index.php\/wp-json\/wp\/v2\/media?parent=734088"}],"wp:term":[{"taxonomy":"product_brand","embeddable":true,"href":"https:\/\/roveyayinevi.com.tr\/index.php\/wp-json\/wp\/v2\/product_brand?post=734088"},{"taxonomy":"product_cat","embeddable":true,"href":"https:\/\/roveyayinevi.com.tr\/index.php\/wp-json\/wp\/v2\/product_cat?post=734088"},{"taxonomy":"product_tag","embeddable":true,"href":"https:\/\/roveyayinevi.com.tr\/index.php\/wp-json\/wp\/v2\/product_tag?post=734088"}],"curies":[{"name":"wp","href":"https:\/\/api.w.org\/{rel}","templated":true}]}}