{"id":734087,"date":"2025-08-27T22:21:53","date_gmt":"2025-08-27T19:21:53","guid":{"rendered":"https:\/\/roveyayinevi.com.tr\/index.php\/urun\/covid-19-pandemisinde-isletme-yonetiminin-donusumu\/"},"modified":"2026-04-16T02:41:58","modified_gmt":"2026-04-15T23:41:58","slug":"covid-19-pandemisinde-isletme-yonetiminin-donusumu","status":"publish","type":"product","link":"https:\/\/roveyayinevi.com.tr\/index.php\/urun\/covid-19-pandemisinde-isletme-yonetiminin-donusumu\/","title":{"rendered":"Covid-19 Pandemisinde \u0130\u015fletme Y\u00f6netiminin D\u00f6n\u00fc\u015f\u00fcm\u00fc"},"content":{"rendered":"<p>1.      B\u00f6l\u00fcm I: Covid-19 D\u00f6nemindeki Sa\u011fl\u0131k \u00c7al\u0131\u015fanlar\u0131nda Alturistik Liderlik ve \u0130\u015ften Ayr\u0131lma Niyeti Aras\u0131ndaki \u0130li\u015fkinin \u0130ncelenmesi 2.      B\u00f6l\u00fcm II: Covid-19 Pandemisinde Sa\u011fl\u0131k Y\u00f6neticilerinin Kar\u015f\u0131la\u015ft\u0131klar\u0131 Zorluklar 3.      B\u00f6l\u00fcm III: Impact of the Covid-19 on the Economics of Health Care Systems 4.      B\u00f6l\u00fcm IV: Covid-19 Pandemisinde Bireylerin H\u00fck\u00fcmete, Sa\u011fl\u0131k Kurulu\u015flar\u0131na ve Medyaya G\u00fcveni 5.      B\u00f6l\u00fcm V: Covid-19 D\u00f6neminde Hastane Se\u00e7imi 6.      B\u00f6l\u00fcm VI: Covid-19 Pandemisinde Neoliberal Sa\u011fl\u0131k Sistemlerinde Meydana Gelen De\u011fi\u015fim 7.      B\u00f6l\u00fcm VII: Covid-19 S\u00fcrecinde Tedarik Zinciri Risk Y\u00f6netimi 8.      B\u00f6l\u00fcm VIII: \u0130\u015fletme Bilimi Alan\u0131ndaki Covid-19 \u00c7al\u0131\u015fmalar\u0131: Sistematik Bir \u0130nceleme 9.      B\u00f6l\u00fcm IX: Pandemi Sonras\u0131 \u201cYeni Normal\u2019in\u201d Pazarlama ve T\u00fcketici Davran\u0131\u015flar\u0131 Ba\u011flam\u0131nda De\u011ferlendirilmesi 10.  B\u00f6l\u00fcm X: Covid-19 Pandemisinin Pazarlama Stratejileri ve T\u00fcketici Trendleri \u00dczerindeki Etkileri 11.  B\u00f6l\u00fcm XI: Covid-19 D\u00f6neminde G\u00f6zlemlenen Ola\u011fand\u0131\u015f\u0131 T\u00fcketim Davran\u0131\u015flar\u0131na Y\u00f6nelik Bir De\u011ferlendirme 12.  B\u00f6l\u00fcm XII: Covid-19 S\u00fcrecinde Fahi\u015f Fiyatland\u0131rma: \u015eik\u00e2yet\u00e7i T\u00fcketici Tiplerinin \u0130ncelenmesi 13.  B\u00f6l\u00fcm XIII: Covid-19 D\u00f6neminde G\u0131da T\u00fcketim Davran\u0131\u015f\u0131n\u0131n \u0130ncelenmesine Y\u00f6nelik Literat\u00fcr Taramas\u0131 14.  B\u00f6l\u00fcm XIV: Impact Of Financial Development On Technology Innovation: Before And After Covid-19 15.  B\u00f6l\u00fcm XV: Kayg\u0131, Stres Ve Duygusal Ba\u011fl\u0131l\u0131k: Pandemi D\u00f6nemi \u00c7al\u0131\u015fanlar\u0131 \u00dczerine Bir Ara\u015ft\u0131rma 16.  B\u00f6l\u00fcm XVI: Covid-19 Sonras\u0131 \u00c7al\u0131\u015fman\u0131n Gelece\u011fi 17.  B\u00f6l\u00fcm XVII: Covid-19 Pandemisinde Sekt\u00f6r\u00fcn \u0130nsan Kaynaklar\u0131 G\u00fcndemi: HRdergi* \u00dczerine Bir Ara\u015ft\u0131rma 18.  B\u00f6l\u00fcm XVIII: Uluslararas\u0131 Ticaret Yapan \u0130\u015fletmelerin Covid-19 Pandemisi Deneyimleri: Stratejik \u00c7eviklik \u00dczerine Bir Serimleme 19.  B\u00f6l\u00fcm XIX: Ticaret ve Risk: Covid-19 Salg\u0131n\u0131 ve Ekonomi Politikas\u0131 Belirsizli\u011finin Ta\u015f\u0131ma Maliyetleri \u00dczerindeki Etkisi 20.  B\u00f6l\u00fcm XX: Education In Protracted Covid Crise: University Teachers\u2019 Perceptions About Emergency Remote Teaching 21.  B\u00f6l\u00fcm XXI: Covid-19 Pandemisinin Lojistik Sekt\u00f6r\u00fc \u00dczerindeki Etkileri <\/p>\n","protected":false},"excerpt":{"rendered":"<p>1. B\u00f6l\u00fcm I: Covid-19 D\u00f6nemindeki Sa\u011fl\u0131k \u00c7al\u0131\u015fanlar\u0131nda Alturistik Liderlik ve \u0130\u015ften Ayr\u0131lma Niyeti Aras\u0131ndaki \u0130li\u015fkinin \u0130ncelenmesi 2. B\u00f6l\u00fcm II: Covid-19 Pandemisinde Sa\u011fl\u0131k Y\u00f6neticilerinin Kar\u015f\u0131la\u015ft\u0131klar\u0131 Zorluklar 3.<span class=\"excerpt-hellip\"> [\u2026]<\/span><\/p>\n","protected":false},"featured_media":0,"template":"","meta":{"_monsterinsights_skip_tracking":false,"_monsterinsights_sitenote_active":false,"_monsterinsights_sitenote_note":"","_monsterinsights_sitenote_category":0},"product_brand":[],"product_cat":[13043,19008],"product_tag":[],"class_list":{"0":"post-734087","1":"product","2":"type-product","3":"status-publish","5":"product_cat-ekonomi","6":"product_cat-yonetim","7":"pa_cilt-ciltsiz","8":"pa_tur-kitap","9":"pa_yayinevi-gazi-kitabevi","10":"pa_yazar-mahmut-akbolat-ozgun-inal","12":"first","13":"instock","14":"sale","15":"shipping-taxable","16":"purchasable","17":"product-type-simple"},"_links":{"self":[{"href":"https:\/\/roveyayinevi.com.tr\/index.php\/wp-json\/wp\/v2\/product\/734087","targetHints":{"allow":["GET"]}}],"collection":[{"href":"https:\/\/roveyayinevi.com.tr\/index.php\/wp-json\/wp\/v2\/product"}],"about":[{"href":"https:\/\/roveyayinevi.com.tr\/index.php\/wp-json\/wp\/v2\/types\/product"}],"wp:attachment":[{"href":"https:\/\/roveyayinevi.com.tr\/index.php\/wp-json\/wp\/v2\/media?parent=734087"}],"wp:term":[{"taxonomy":"product_brand","embeddable":true,"href":"https:\/\/roveyayinevi.com.tr\/index.php\/wp-json\/wp\/v2\/product_brand?post=734087"},{"taxonomy":"product_cat","embeddable":true,"href":"https:\/\/roveyayinevi.com.tr\/index.php\/wp-json\/wp\/v2\/product_cat?post=734087"},{"taxonomy":"product_tag","embeddable":true,"href":"https:\/\/roveyayinevi.com.tr\/index.php\/wp-json\/wp\/v2\/product_tag?post=734087"}],"curies":[{"name":"wp","href":"https:\/\/api.w.org\/{rel}","templated":true}]}}